{"id":695216,"date":"2025-08-27T14:26:41","date_gmt":"2025-08-27T11:26:41","guid":{"rendered":"https:\/\/roveyayinevi.com.tr\/index.php\/urun\/define-adasi-3\/"},"modified":"2026-04-16T02:05:04","modified_gmt":"2026-04-15T23:05:04","slug":"define-adasi-3","status":"publish","type":"product","link":"https:\/\/roveyayinevi.com.tr\/index.php\/urun\/define-adasi-3\/","title":{"rendered":"Define Adas\u0131"},"content":{"rendered":"<p>Korsan ve define konulu romanlar\u0131 sever misiniz \u00e7ocuklar? O halde R. L. Stevenson&#8217;\u0131n Define Adas\u0131 adl\u0131 \u00fcnl\u00fc roman\u0131n\u0131 severek okuyacaks\u0131n\u0131z. Bakal\u0131m; kahramanlar\u0131m\u0131z &#8216;Define Adas\u0131&#8217;nda ger\u00e7ekten define bulabilecekler mi, yoksa onlar\u0131 orada bir s\u00fcr\u00fc tehlike mi bekliyor?<\/p>\n","protected":false},"excerpt":{"rendered":"<p>Korsan ve define konulu romanlar\u0131 sever misiniz \u00e7ocuklar? O halde R. L. Stevenson&#8217;\u0131n Define Adas\u0131 adl\u0131 \u00fcnl\u00fc roman\u0131n\u0131 severek okuyacaks\u0131n\u0131z. Bakal\u0131m; kahramanlar\u0131m\u0131z &#8216;Define Adas\u0131&#8217;nda ger\u00e7ekten define<span class=\"excerpt-hellip\"> [\u2026]<\/span><\/p>\n","protected":false},"featured_media":0,"template":"","meta":{"_monsterinsights_skip_tracking":false,"_monsterinsights_sitenote_active":false,"_monsterinsights_sitenote_note":"","_monsterinsights_sitenote_category":0},"product_brand":[],"product_cat":[12274,12284],"product_tag":[],"class_list":{"0":"post-695216","1":"product","2":"type-product","3":"status-publish","5":"product_cat-cocuk-ve-genclik-kitaplari","6":"product_cat-hikayeler","7":"pa_cilt-ciltsiz","8":"pa_tur-kitap","9":"pa_yayinevi-bilgi-yayinevi-cocuk","10":"pa_yazar-robert-louis-stevenson","12":"first","13":"instock","14":"sale","15":"shipping-taxable","16":"purchasable","17":"product-type-simple"},"_links":{"self":[{"href":"https:\/\/roveyayinevi.com.tr\/index.php\/wp-json\/wp\/v2\/product\/695216","targetHints":{"allow":["GET"]}}],"collection":[{"href":"https:\/\/roveyayinevi.com.tr\/index.php\/wp-json\/wp\/v2\/product"}],"about":[{"href":"https:\/\/roveyayinevi.com.tr\/index.php\/wp-json\/wp\/v2\/types\/product"}],"wp:attachment":[{"href":"https:\/\/roveyayinevi.com.tr\/index.php\/wp-json\/wp\/v2\/media?parent=695216"}],"wp:term":[{"taxonomy":"product_brand","embeddable":true,"href":"https:\/\/roveyayinevi.com.tr\/index.php\/wp-json\/wp\/v2\/product_brand?post=695216"},{"taxonomy":"product_cat","embeddable":true,"href":"https:\/\/roveyayinevi.com.tr\/index.php\/wp-json\/wp\/v2\/product_cat?post=695216"},{"taxonomy":"product_tag","embeddable":true,"href":"https:\/\/roveyayinevi.com.tr\/index.php\/wp-json\/wp\/v2\/product_tag?post=695216"}],"curies":[{"name":"wp","href":"https:\/\/api.w.org\/{rel}","templated":true}]}}