{"id":695210,"date":"2025-08-27T14:26:39","date_gmt":"2025-08-27T11:26:39","guid":{"rendered":"https:\/\/roveyayinevi.com.tr\/index.php\/urun\/bilinmeyen-yonleri-ve-sirlariyla-son-uc-peygamber\/"},"modified":"2026-04-16T02:05:04","modified_gmt":"2026-04-15T23:05:04","slug":"bilinmeyen-yonleri-ve-sirlariyla-son-uc-peygamber","status":"publish","type":"product","link":"https:\/\/roveyayinevi.com.tr\/index.php\/urun\/bilinmeyen-yonleri-ve-sirlariyla-son-uc-peygamber\/","title":{"rendered":"Bilinmeyen Y\u00f6nleri ve S\u0131rlar\u0131yla Son \u00dc\u00e7 Peygamber"},"content":{"rendered":"<p>2000 y\u0131ld\u0131r saklanan S\u0131rlar Bilgisi 2000 y\u0131l sonra a\u00e7\u0131l\u0131yor&#8230; \u015eimdiye kadar hi\u00e7 bir yerde yay\u0131nlanmam\u0131\u015f \u00e7ok \u00f6zel bilgilerin ele al\u0131nd\u0131\u011f\u0131 bu kitap; Dinler Tarihi\u2019nin gizli kalm\u0131\u015f \u00f6nemli bir b\u00f6l\u00fcm\u00fcne \u0131\u015f\u0131k tutacak nitelikte haz\u0131rlanm\u0131\u015ft\u0131r. Son \u00fc\u00e7 dinin bilinmeyen gizli tarihi i\u00e7inde yolculuk yaparken, o y\u0131llar\u0131 yeniden ya\u015fayacaks\u0131n\u0131z&#8230; B\u00f6ylelikle; Ni\u00e7in dinler devri art\u0131k kapanm\u0131\u015ft\u0131r? Dinleri i\u00e7inde ge\u00e7en \u2018cennet &#8211; cehennem\u2019 gibi temel sembol ve kavramlar asl\u0131nda ne anlama gelir? gibi sorular\u0131n\u0131z da kitab\u0131n sat\u0131rlar\u0131 i\u00e7inde cevaplanacakt\u0131r. Keyifli bir yolculu\u011fa haz\u0131r m\u0131s\u0131n\u0131z?&#8230; Dinlerin en temel kavramlar\u0131n\u0131n bile yanl\u0131\u015f anla\u015f\u0131ld\u0131\u011f\u0131 bir d\u00f6nemde, bu kitab\u0131n \u00e7\u0131kart\u0131lm\u0131\u015f cesaret isteyen bir i\u015fti&#8230; Ancak birilerinin bunlar\u0131 aktarmas\u0131 gerekiyordu&#8230; 2000\u2019li y\u0131llar\u0131n d\u00fcnyas\u0131nda, bu bilgileri S\u0131n\u0131r \u00d6tesi Okurlar\u0131 ile payla\u015f\u0131yoruz&#8230; Umar\u0131z zaman\u0131 gelmi\u015ftir&#8230; \ufffcTan\u0131t\u0131m Metni<\/p>\n","protected":false},"excerpt":{"rendered":"<p>2000 y\u0131ld\u0131r saklanan S\u0131rlar Bilgisi 2000 y\u0131l sonra a\u00e7\u0131l\u0131yor&#8230; \u015eimdiye kadar hi\u00e7 bir yerde yay\u0131nlanmam\u0131\u015f \u00e7ok \u00f6zel bilgilerin ele al\u0131nd\u0131\u011f\u0131 bu kitap; Dinler Tarihi\u2019nin gizli kalm\u0131\u015f<span class=\"excerpt-hellip\"> [\u2026]<\/span><\/p>\n","protected":false},"featured_media":0,"template":"","meta":{"_monsterinsights_skip_tracking":false,"_monsterinsights_sitenote_active":false,"_monsterinsights_sitenote_note":"","_monsterinsights_sitenote_category":0},"product_brand":[],"product_cat":[12718,16794],"product_tag":[],"class_list":{"0":"post-695210","1":"product","2":"type-product","3":"status-publish","5":"product_cat-din","6":"product_cat-dinler-tarihi","7":"pa_cilt-ciltsiz","8":"pa_tur-kitap","9":"pa_yayinevi-sinir-otesi-yayinlari","10":"pa_yazar-ergun-candan","12":"first","13":"instock","14":"sale","15":"shipping-taxable","16":"purchasable","17":"product-type-simple"},"_links":{"self":[{"href":"https:\/\/roveyayinevi.com.tr\/index.php\/wp-json\/wp\/v2\/product\/695210","targetHints":{"allow":["GET"]}}],"collection":[{"href":"https:\/\/roveyayinevi.com.tr\/index.php\/wp-json\/wp\/v2\/product"}],"about":[{"href":"https:\/\/roveyayinevi.com.tr\/index.php\/wp-json\/wp\/v2\/types\/product"}],"wp:attachment":[{"href":"https:\/\/roveyayinevi.com.tr\/index.php\/wp-json\/wp\/v2\/media?parent=695210"}],"wp:term":[{"taxonomy":"product_brand","embeddable":true,"href":"https:\/\/roveyayinevi.com.tr\/index.php\/wp-json\/wp\/v2\/product_brand?post=695210"},{"taxonomy":"product_cat","embeddable":true,"href":"https:\/\/roveyayinevi.com.tr\/index.php\/wp-json\/wp\/v2\/product_cat?post=695210"},{"taxonomy":"product_tag","embeddable":true,"href":"https:\/\/roveyayinevi.com.tr\/index.php\/wp-json\/wp\/v2\/product_tag?post=695210"}],"curies":[{"name":"wp","href":"https:\/\/api.w.org\/{rel}","templated":true}]}}