{"id":695209,"date":"2025-08-27T14:26:39","date_gmt":"2025-08-27T11:26:39","guid":{"rendered":"https:\/\/roveyayinevi.com.tr\/index.php\/urun\/super-gazeteciler-1\/"},"modified":"2026-04-16T02:05:04","modified_gmt":"2026-04-15T23:05:04","slug":"super-gazeteciler-1","status":"publish","type":"product","link":"https:\/\/roveyayinevi.com.tr\/index.php\/urun\/super-gazeteciler-1\/","title":{"rendered":"S\u00fcper Gazeteciler 1"},"content":{"rendered":"<p>&#8220;S\u00fcper Gazeteciler&#8221; serisinin ilk maceras\u0131, yedinci s\u0131n\u0131fa giden d\u00f6rt arkada\u015f\u0131n kendi \u00e7abalar\u0131yla haz\u0131rlay\u0131p da\u011f\u0131tt\u0131klar\u0131 S\u00fcper Gazete i\u00e7in haber toplarken kar\u0131\u015ft\u0131klar\u0131 heyecan dolu ser\u00fcvenleri anlat\u0131yor; arkada\u015fl\u0131klar\u0131n\u0131, okul ve aile ili\u015fkilerini gen\u00e7 okurlar\u0131yla i\u00e7tenlikle payla\u015f\u0131yor.10-14 ya\u015f\u0131n ilkgen\u00e7li\u011fe giri\u015fte kar\u015f\u0131la\u015ft\u0131\u011f\u0131 sorunlar\u0131n da yans\u0131t\u0131ld\u0131\u011f\u0131 roman, s\u00fcr\u00fckleyici dili ve heyecanl\u0131 \u00f6yk\u00fcs\u00fcyle okurlar\u0131n\u0131 daha ilk sayfalardan ser\u00fcvene kat\u0131yor.S\u00fcper Gazete\u2019ye heyecan katmak i\u00e7in r\u00f6portaj konusu arayan Evren ve Yener, gazetede g\u00f6rev almakta \u0131srarc\u0131 olan Elif ve Selin\u2019i atlatabilecekler mi? Kar\u0131\u015f\u0131k bir bulmacaya d\u00f6n\u00fc\u015fen macerada kimin ka\u00e7\u0131r\u0131ld\u0131\u011f\u0131 belli de\u011filse, polise ne s\u00f6ylenebilir ki?<\/p>\n","protected":false},"excerpt":{"rendered":"<p>&#8220;S\u00fcper Gazeteciler&#8221; serisinin ilk maceras\u0131, yedinci s\u0131n\u0131fa giden d\u00f6rt arkada\u015f\u0131n kendi \u00e7abalar\u0131yla haz\u0131rlay\u0131p da\u011f\u0131tt\u0131klar\u0131 S\u00fcper Gazete i\u00e7in haber toplarken kar\u0131\u015ft\u0131klar\u0131 heyecan dolu ser\u00fcvenleri anlat\u0131yor; arkada\u015fl\u0131klar\u0131n\u0131, okul<span class=\"excerpt-hellip\"> [\u2026]<\/span><\/p>\n","protected":false},"featured_media":0,"template":"","meta":{"_monsterinsights_skip_tracking":false,"_monsterinsights_sitenote_active":false,"_monsterinsights_sitenote_note":"","_monsterinsights_sitenote_category":0},"product_brand":[],"product_cat":[13835],"product_tag":[],"class_list":{"0":"post-695209","1":"product","2":"type-product","3":"status-publish","5":"product_cat-cok-satanlar","6":"pa_cilt-ciltsiz","7":"pa_tur-kitap","8":"pa_yayinevi-tudem-yayinlari","9":"pa_yazar-aytul-akal","11":"first","12":"instock","13":"sale","14":"shipping-taxable","15":"purchasable","16":"product-type-simple"},"_links":{"self":[{"href":"https:\/\/roveyayinevi.com.tr\/index.php\/wp-json\/wp\/v2\/product\/695209","targetHints":{"allow":["GET"]}}],"collection":[{"href":"https:\/\/roveyayinevi.com.tr\/index.php\/wp-json\/wp\/v2\/product"}],"about":[{"href":"https:\/\/roveyayinevi.com.tr\/index.php\/wp-json\/wp\/v2\/types\/product"}],"wp:attachment":[{"href":"https:\/\/roveyayinevi.com.tr\/index.php\/wp-json\/wp\/v2\/media?parent=695209"}],"wp:term":[{"taxonomy":"product_brand","embeddable":true,"href":"https:\/\/roveyayinevi.com.tr\/index.php\/wp-json\/wp\/v2\/product_brand?post=695209"},{"taxonomy":"product_cat","embeddable":true,"href":"https:\/\/roveyayinevi.com.tr\/index.php\/wp-json\/wp\/v2\/product_cat?post=695209"},{"taxonomy":"product_tag","embeddable":true,"href":"https:\/\/roveyayinevi.com.tr\/index.php\/wp-json\/wp\/v2\/product_tag?post=695209"}],"curies":[{"name":"wp","href":"https:\/\/api.w.org\/{rel}","templated":true}]}}