{"id":695208,"date":"2025-08-27T14:26:39","date_gmt":"2025-08-27T11:26:39","guid":{"rendered":"https:\/\/roveyayinevi.com.tr\/index.php\/urun\/alice-harikalar-ulkesinde\/"},"modified":"2025-12-30T09:44:07","modified_gmt":"2025-12-30T06:44:07","slug":"alice-harikalar-ulkesinde","status":"publish","type":"product","link":"https:\/\/roveyayinevi.com.tr\/index.php\/urun\/alice-harikalar-ulkesinde\/","title":{"rendered":"Alice Harikalar \u00dclkesinde"},"content":{"rendered":"<p>Modern \u00e7izimlerle tasarlanan ve sert kapak olarak yenilenen Epsilon \u00c7ocuk Klasikleri, yeni y\u00fczleriyle benzerlerinden ayr\u0131l\u0131yor.Epsilon Yay\u0131nevi\u2019nin \u00c7ocuk Klasikleri Dizisi ak\u0131c\u0131 \u00e7evirileriyle \u00e7ocuklar\u0131 keyifli okumalara davet ediyor.<\/p>\n","protected":false},"excerpt":{"rendered":"<p>Modern \u00e7izimlerle tasarlanan ve sert kapak olarak yenilenen Epsilon \u00c7ocuk Klasikleri, yeni y\u00fczleriyle benzerlerinden ayr\u0131l\u0131yor.Epsilon Yay\u0131nevi\u2019nin \u00c7ocuk Klasikleri Dizisi ak\u0131c\u0131 \u00e7evirileriyle \u00e7ocuklar\u0131 keyifli okumalara davet ediyor.<\/p>\n","protected":false},"featured_media":0,"template":"","meta":{"_monsterinsights_skip_tracking":false,"_monsterinsights_sitenote_active":false,"_monsterinsights_sitenote_note":"","_monsterinsights_sitenote_category":0},"product_brand":[],"product_cat":[12275,12274],"product_tag":[],"class_list":{"0":"post-695208","1":"product","2":"type-product","3":"status-publish","5":"product_cat-6-12-yas-kitaplari","6":"product_cat-cocuk-ve-genclik-kitaplari","7":"pa_cilt-ciltli","8":"pa_tur-kitap","9":"pa_yayinevi-epsilon-yayinlari","10":"pa_yazar-lewis-carroll","12":"first","13":"instock","14":"sale","15":"shipping-taxable","16":"purchasable","17":"product-type-simple"},"_links":{"self":[{"href":"https:\/\/roveyayinevi.com.tr\/index.php\/wp-json\/wp\/v2\/product\/695208","targetHints":{"allow":["GET"]}}],"collection":[{"href":"https:\/\/roveyayinevi.com.tr\/index.php\/wp-json\/wp\/v2\/product"}],"about":[{"href":"https:\/\/roveyayinevi.com.tr\/index.php\/wp-json\/wp\/v2\/types\/product"}],"wp:attachment":[{"href":"https:\/\/roveyayinevi.com.tr\/index.php\/wp-json\/wp\/v2\/media?parent=695208"}],"wp:term":[{"taxonomy":"product_brand","embeddable":true,"href":"https:\/\/roveyayinevi.com.tr\/index.php\/wp-json\/wp\/v2\/product_brand?post=695208"},{"taxonomy":"product_cat","embeddable":true,"href":"https:\/\/roveyayinevi.com.tr\/index.php\/wp-json\/wp\/v2\/product_cat?post=695208"},{"taxonomy":"product_tag","embeddable":true,"href":"https:\/\/roveyayinevi.com.tr\/index.php\/wp-json\/wp\/v2\/product_tag?post=695208"}],"curies":[{"name":"wp","href":"https:\/\/api.w.org\/{rel}","templated":true}]}}