{"id":695204,"date":"2025-08-27T14:26:38","date_gmt":"2025-08-27T11:26:38","guid":{"rendered":"https:\/\/roveyayinevi.com.tr\/index.php\/urun\/isadaminin-kismeti\/"},"modified":"2026-04-16T02:05:04","modified_gmt":"2026-04-15T23:05:04","slug":"isadaminin-kismeti","status":"publish","type":"product","link":"https:\/\/roveyayinevi.com.tr\/index.php\/urun\/isadaminin-kismeti\/","title":{"rendered":"\u0130\u015fadam\u0131&#8217;n\u0131n K\u0131smeti"},"content":{"rendered":"<p>\u0130brahim Rahim\u2019in \u2018\u0130\u015fbilermen K\u0131smeti\u2019 adl\u0131 \u00f6yk\u00fcs\u00fc, \u00d6zbekistan\u2019\u0131n Fergana b\u00f6lgesinde ge\u00e7iyor. Eserde m\u00fcte\u015febbis i\u015fadam\u0131 \u0130brahimcan Kerimov\u2019un hayat hikayesi anlat\u0131lm\u0131\u015ft\u0131r.Kahraman\u0131m\u0131z Sovyet d\u00f6neminin b\u00fct\u00fcn bask\u0131c\u0131 ve \u0131rk\u00e7\u0131 yakla\u015f\u0131mlar\u0131na maruz kalanlar\u0131n temsilcisi gibidir. Moskova\u2019dan gelenlerin yerel halka yakla\u015f\u0131m\u0131n\u0131 ve bask\u0131s\u0131n\u0131 b\u00fct\u00fcn boyutlar\u0131yla ya\u015fam\u0131\u015ft\u0131r.\u2018\u0130\u015fadam\u0131\u2019n\u0131n K\u0131smeti\u2019 sosyalizm idealinin \u00d6zbekistan prati\u011finde ba\u015far\u0131s\u0131zl\u0131k nedenleri \u00fczerine g\u00f6zlemler i\u00e7erir.\u0130brahim Rahim, 70 y\u0131ll\u0131k bask\u0131n\u0131n sona eri\u015fini ba\u015f\u0131n\u0131n \u00fczerindeki Demokles\u2019in K\u0131l\u0131c\u0131\u2019n\u0131n kalkmas\u0131 olarak yorumlar. <\/p>\n","protected":false},"excerpt":{"rendered":"<p>\u0130brahim Rahim\u2019in \u2018\u0130\u015fbilermen K\u0131smeti\u2019 adl\u0131 \u00f6yk\u00fcs\u00fc, \u00d6zbekistan\u2019\u0131n Fergana b\u00f6lgesinde ge\u00e7iyor. Eserde m\u00fcte\u015febbis i\u015fadam\u0131 \u0130brahimcan Kerimov\u2019un hayat hikayesi anlat\u0131lm\u0131\u015ft\u0131r.Kahraman\u0131m\u0131z Sovyet d\u00f6neminin b\u00fct\u00fcn bask\u0131c\u0131 ve \u0131rk\u00e7\u0131 yakla\u015f\u0131mlar\u0131na maruz<span class=\"excerpt-hellip\"> [\u2026]<\/span><\/p>\n","protected":false},"featured_media":0,"template":"","meta":{"_monsterinsights_skip_tracking":false,"_monsterinsights_sitenote_active":false,"_monsterinsights_sitenote_note":"","_monsterinsights_sitenote_category":0},"product_brand":[],"product_cat":[12291,12711],"product_tag":[],"class_list":{"0":"post-695204","1":"product","2":"type-product","3":"status-publish","5":"product_cat-edebiyat","6":"product_cat-roman-oyku","7":"pa_cilt-ciltsiz","8":"pa_tur-kitap","9":"pa_yayinevi-biyografi-net-yayincilik","10":"pa_yazar-ibrahim-rahim","12":"first","13":"instock","14":"sale","15":"shipping-taxable","16":"purchasable","17":"product-type-simple"},"_links":{"self":[{"href":"https:\/\/roveyayinevi.com.tr\/index.php\/wp-json\/wp\/v2\/product\/695204","targetHints":{"allow":["GET"]}}],"collection":[{"href":"https:\/\/roveyayinevi.com.tr\/index.php\/wp-json\/wp\/v2\/product"}],"about":[{"href":"https:\/\/roveyayinevi.com.tr\/index.php\/wp-json\/wp\/v2\/types\/product"}],"wp:attachment":[{"href":"https:\/\/roveyayinevi.com.tr\/index.php\/wp-json\/wp\/v2\/media?parent=695204"}],"wp:term":[{"taxonomy":"product_brand","embeddable":true,"href":"https:\/\/roveyayinevi.com.tr\/index.php\/wp-json\/wp\/v2\/product_brand?post=695204"},{"taxonomy":"product_cat","embeddable":true,"href":"https:\/\/roveyayinevi.com.tr\/index.php\/wp-json\/wp\/v2\/product_cat?post=695204"},{"taxonomy":"product_tag","embeddable":true,"href":"https:\/\/roveyayinevi.com.tr\/index.php\/wp-json\/wp\/v2\/product_tag?post=695204"}],"curies":[{"name":"wp","href":"https:\/\/api.w.org\/{rel}","templated":true}]}}