{"id":695203,"date":"2025-08-27T14:26:37","date_gmt":"2025-08-27T11:26:37","guid":{"rendered":"https:\/\/roveyayinevi.com.tr\/index.php\/urun\/siyaset-bilimi\/"},"modified":"2026-04-16T02:05:04","modified_gmt":"2026-04-15T23:05:04","slug":"siyaset-bilimi","status":"publish","type":"product","link":"https:\/\/roveyayinevi.com.tr\/index.php\/urun\/siyaset-bilimi\/","title":{"rendered":"Siyaset Bilimi"},"content":{"rendered":"<p>Siyaset bilimi disiplinine giri\u015f i\u00e7in yaz\u0131lm\u0131\u015f bu harika kitapla Roskin, \u00f6\u011frencilerin, siyaset bilimcinin yaln\u0131z neyi bildi\u011fini de\u011fil, ayn\u0131 zamanda nas\u0131l bildi\u011fini de kavramas\u0131n\u0131 sa\u011fl\u0131yor.\u201dAnika Leithner, California Polytechnic Devlet \u00dcniversitesi Siyaset Bilimi pratik ve teorik bilgiyi dengeleyerek, alan\u0131n temel kavram ve konular\u0131na anla\u015f\u0131l\u0131r ve jargonsuz bir giri\u015f niteli\u011fi ta\u015f\u0131maktad\u0131r. Bu \u00e7ok-satan \u00f6zet metin, ger\u00e7ek d\u00fcnyadan \u00e7e\u015fitli \u00f6rnekler sunarak  \u00f6\u011frencilere, siyasette basitle\u015ftirmelerden ka\u00e7\u0131nmak gerekti\u011finin de\u011ferini, h\u00fck\u00fcmet ili\u015fkilerini ve kat\u0131l\u0131mc\u0131l\u0131\u011f\u0131n \u00f6nemini  g\u00f6stermektedir. Michael Roskin\u2019in e\u015fsiz ve merak uyand\u0131ran bak\u0131\u015f a\u00e7\u0131s\u0131yla kaleme al\u0131nan Siyaset Bilimi, a\u00e7\u0131k anlat\u0131m\u0131, pratik uygulamalar\u0131 ve g\u00fcncel \u00f6rnekleriyle \u00f6\u011frencilere ve ilgililere rehberlik edecektir.<\/p>\n","protected":false},"excerpt":{"rendered":"<p>Siyaset bilimi disiplinine giri\u015f i\u00e7in yaz\u0131lm\u0131\u015f bu harika kitapla Roskin, \u00f6\u011frencilerin, siyaset bilimcinin yaln\u0131z neyi bildi\u011fini de\u011fil, ayn\u0131 zamanda nas\u0131l bildi\u011fini de kavramas\u0131n\u0131 sa\u011fl\u0131yor.\u201dAnika Leithner, California<span class=\"excerpt-hellip\"> [\u2026]<\/span><\/p>\n","protected":false},"featured_media":0,"template":"","meta":{"_monsterinsights_skip_tracking":false,"_monsterinsights_sitenote_active":false,"_monsterinsights_sitenote_note":"","_monsterinsights_sitenote_category":0},"product_brand":[],"product_cat":[12337,14706],"product_tag":[],"class_list":{"0":"post-695203","1":"product","2":"type-product","3":"status-publish","5":"product_cat-politika-siyaset","6":"product_cat-siyaset-bilimi","7":"pa_cilt-ciltsiz","8":"pa_tur-kitap","9":"pa_yayinevi-adres-yayinlari","10":"pa_yazar-michael-g-roskin","12":"first","13":"instock","14":"sale","15":"shipping-taxable","16":"purchasable","17":"product-type-simple"},"_links":{"self":[{"href":"https:\/\/roveyayinevi.com.tr\/index.php\/wp-json\/wp\/v2\/product\/695203","targetHints":{"allow":["GET"]}}],"collection":[{"href":"https:\/\/roveyayinevi.com.tr\/index.php\/wp-json\/wp\/v2\/product"}],"about":[{"href":"https:\/\/roveyayinevi.com.tr\/index.php\/wp-json\/wp\/v2\/types\/product"}],"wp:attachment":[{"href":"https:\/\/roveyayinevi.com.tr\/index.php\/wp-json\/wp\/v2\/media?parent=695203"}],"wp:term":[{"taxonomy":"product_brand","embeddable":true,"href":"https:\/\/roveyayinevi.com.tr\/index.php\/wp-json\/wp\/v2\/product_brand?post=695203"},{"taxonomy":"product_cat","embeddable":true,"href":"https:\/\/roveyayinevi.com.tr\/index.php\/wp-json\/wp\/v2\/product_cat?post=695203"},{"taxonomy":"product_tag","embeddable":true,"href":"https:\/\/roveyayinevi.com.tr\/index.php\/wp-json\/wp\/v2\/product_tag?post=695203"}],"curies":[{"name":"wp","href":"https:\/\/api.w.org\/{rel}","templated":true}]}}