{"id":695200,"date":"2025-08-27T14:26:37","date_gmt":"2025-08-27T11:26:37","guid":{"rendered":"https:\/\/roveyayinevi.com.tr\/index.php\/urun\/korsan-kizlar\/"},"modified":"2026-04-16T02:05:04","modified_gmt":"2026-04-15T23:05:04","slug":"korsan-kizlar","status":"publish","type":"product","link":"https:\/\/roveyayinevi.com.tr\/index.php\/urun\/korsan-kizlar\/","title":{"rendered":"Korsan K\u0131zlar"},"content":{"rendered":"<p>Akdeniz&#8217;in tekinsiz mavisinde  Piri Reis&#8217;le bir b\u00fcy\u00fck yolculuk! Belgesel yap\u0131mc\u0131s\u0131, \u00f6d\u00fcll\u00fc yazar \u0130smet Bertan&#8217;\u0131n tarihsel romanlar koleksiyonu &#8220;Anadolu&#8217;da Bir Zamanlar&#8221;\u0131n alt\u0131nc\u0131 kitab\u0131, Akdeniz&#8217;in Piri Reis&#8217;ten soruldu\u011fu bir d\u00f6nemi anlat\u0131yor. 15. y\u00fczy\u0131lda b\u00fcy\u00fck g\u00fc\u00e7lerin m\u00fccadele etti\u011fi Akdeniz d\u00fcnyas\u0131n\u0131 haraca kesen korsanlar taraf\u0131ndan ka\u00e7\u0131r\u0131lan sevdiklerini arayan Denizat\u0131 tayfas\u0131n\u0131n yolu, Piri Reis ve Kemal Reis&#8217;in donanmas\u0131yla kesi\u015fir. Pergeli g\u00f6z\u00fc pek \u00fc\u00e7 k\u0131z karde\u015f, bir T\u00fcrkmen genci ve ya\u015fl\u0131 bir Rum&#8217;dan olu\u015fan tayfa, insan ya\u015fam\u0131n\u0131n ve \u00f6zg\u00fcrl\u00fcklerin bir anda yok edilebildi\u011fi tekinsiz maviliklerde her g\u00fcn \u00f6l\u00fcmle y\u00fcz y\u00fcze gelirken, Piri Reis&#8217;in haritalar\u0131n\u0131 bilimle, sanatla, zanaatla yo\u011furarak yaratmas\u0131na da tan\u0131kl\u0131k eder. Kristof Kolomb&#8217;tan Megri kentine \u00f6nemli tarihsel kimliklerle renklenen roman, her ya\u015ftan okurda hayranl\u0131k uyand\u0131racak. Bertan&#8217;\u0131n Anadolu tarihinin zenginli\u011fini canland\u0131ran \u00f6zg\u00fcn koleksiyonunun di\u011fer kitaplar\u0131; Golat Kalesi Tutsa\u011f\u0131, Kaplan Krali\u00e7e, Kral\u0131n El\u00e7isi, Midas ve Sihirbaz ile Bo\u011fa G\u00fcre\u015f\u00e7isi. Pergeli k\u0131z karde\u015fler Azra, La\u00e7in ve Zi\u015fan, haramilerin al\u0131p g\u00f6t\u00fcrd\u00fc\u011f\u00fc sevdiklerini bulmak i\u00e7in Kat\u0131rc\u0131 Selim ve Homer&#8217;le birlikte denize a\u00e7\u0131l\u0131rlar. Rodos&#8217;tan sefere \u00e7\u0131kmaya haz\u0131rlanan Osmanl\u0131 korsanlar\u0131n filosundaki, haritalar\u0131yla da \u00fcnl\u00fc Piri Reis&#8217;in kad\u0131rgas\u0131na bindiklerindeyse art\u0131k dostluk, cesaret, tutku ve zalimlikle \u00f6r\u00fcl\u00fc bir yolculu\u011fa yelken a\u00e7m\u0131\u015flard\u0131r. Afrika sahillerinden \u0130spanya&#8217;ya kadar uzanan bu tehlikeli seferde, korsanlar, haramiler ve k\u00f6lelerle dolu d\u00fcnyaya dostluklar\u0131n\u0131n g\u00fcc\u00fcyle direnmeye \u00e7al\u0131\u015f\u0131rlar.<\/p>\n","protected":false},"excerpt":{"rendered":"<p>Akdeniz&#8217;in tekinsiz mavisinde Piri Reis&#8217;le bir b\u00fcy\u00fck yolculuk! Belgesel yap\u0131mc\u0131s\u0131, \u00f6d\u00fcll\u00fc yazar \u0130smet Bertan&#8217;\u0131n tarihsel romanlar koleksiyonu &#8220;Anadolu&#8217;da Bir Zamanlar&#8221;\u0131n alt\u0131nc\u0131 kitab\u0131, Akdeniz&#8217;in Piri Reis&#8217;ten soruldu\u011fu<span class=\"excerpt-hellip\"> [\u2026]<\/span><\/p>\n","protected":false},"featured_media":0,"template":"","meta":{"_monsterinsights_skip_tracking":false,"_monsterinsights_sitenote_active":false,"_monsterinsights_sitenote_note":"","_monsterinsights_sitenote_category":0},"product_brand":[],"product_cat":[12291,12711],"product_tag":[],"class_list":{"0":"post-695200","1":"product","2":"type-product","3":"status-publish","5":"product_cat-edebiyat","6":"product_cat-roman-oyku","7":"pa_cilt-ciltsiz","8":"pa_tur-kitap","9":"pa_yayinevi-gunisigi-kitapligi","10":"pa_yazar-ismet-bertan","12":"first","13":"instock","14":"sale","15":"shipping-taxable","16":"purchasable","17":"product-type-simple"},"_links":{"self":[{"href":"https:\/\/roveyayinevi.com.tr\/index.php\/wp-json\/wp\/v2\/product\/695200","targetHints":{"allow":["GET"]}}],"collection":[{"href":"https:\/\/roveyayinevi.com.tr\/index.php\/wp-json\/wp\/v2\/product"}],"about":[{"href":"https:\/\/roveyayinevi.com.tr\/index.php\/wp-json\/wp\/v2\/types\/product"}],"wp:attachment":[{"href":"https:\/\/roveyayinevi.com.tr\/index.php\/wp-json\/wp\/v2\/media?parent=695200"}],"wp:term":[{"taxonomy":"product_brand","embeddable":true,"href":"https:\/\/roveyayinevi.com.tr\/index.php\/wp-json\/wp\/v2\/product_brand?post=695200"},{"taxonomy":"product_cat","embeddable":true,"href":"https:\/\/roveyayinevi.com.tr\/index.php\/wp-json\/wp\/v2\/product_cat?post=695200"},{"taxonomy":"product_tag","embeddable":true,"href":"https:\/\/roveyayinevi.com.tr\/index.php\/wp-json\/wp\/v2\/product_tag?post=695200"}],"curies":[{"name":"wp","href":"https:\/\/api.w.org\/{rel}","templated":true}]}}