{"id":695195,"date":"2025-08-27T14:26:35","date_gmt":"2025-08-27T11:26:35","guid":{"rendered":"https:\/\/roveyayinevi.com.tr\/index.php\/urun\/bir-gece-yildizlarla\/"},"modified":"2026-04-16T02:05:04","modified_gmt":"2026-04-15T23:05:04","slug":"bir-gece-yildizlarla","status":"publish","type":"product","link":"https:\/\/roveyayinevi.com.tr\/index.php\/urun\/bir-gece-yildizlarla\/","title":{"rendered":"Bir Gece Y\u0131ld\u0131zlarla"},"content":{"rendered":"<p>Duygular yo\u011funla\u015f\u0131p, demetlenip bu kitap oldu. Siz Emine I\u015f\u0131nsu&#8217;yu romanlar\u0131ndan tan\u0131rs\u0131n\u0131z. Romanlar\u0131n\u0131n g\u00f6zlem, te\u015fhis ve duygu y\u00fck\u00fcn\u00fc hat\u0131rlars\u0131n\u0131z. \u0130\u015fte o duygular en yo\u011fun haliyle hik\u00e2ye diye, fantezi diye Bir Gece Y\u0131ld\u0131zlarla ismi alt\u0131nda topland\u0131. Sars\u0131lmadan, g\u00f6zleriniz ya\u015farmadan sayfa \u00e7eviremeyeceksiniz. \ufffcTan\u0131t\u0131m Metni<\/p>\n","protected":false},"excerpt":{"rendered":"<p>Duygular yo\u011funla\u015f\u0131p, demetlenip bu kitap oldu. Siz Emine I\u015f\u0131nsu&#8217;yu romanlar\u0131ndan tan\u0131rs\u0131n\u0131z. Romanlar\u0131n\u0131n g\u00f6zlem, te\u015fhis ve duygu y\u00fck\u00fcn\u00fc hat\u0131rlars\u0131n\u0131z. \u0130\u015fte o duygular en yo\u011fun haliyle hik\u00e2ye diye,<span class=\"excerpt-hellip\"> [\u2026]<\/span><\/p>\n","protected":false},"featured_media":0,"template":"","meta":{"_monsterinsights_skip_tracking":false,"_monsterinsights_sitenote_active":false,"_monsterinsights_sitenote_note":"","_monsterinsights_sitenote_category":0},"product_brand":[],"product_cat":[12291,12292],"product_tag":[],"class_list":{"0":"post-695195","1":"product","2":"type-product","3":"status-publish","5":"product_cat-edebiyat","6":"product_cat-turk-edebiyati","7":"pa_cilt-ciltsiz","8":"pa_tur-kitap","9":"pa_yayinevi-bilge-kultur-sanat","10":"pa_yazar-emine-isinsu","12":"first","13":"instock","14":"sale","15":"shipping-taxable","16":"purchasable","17":"product-type-simple"},"_links":{"self":[{"href":"https:\/\/roveyayinevi.com.tr\/index.php\/wp-json\/wp\/v2\/product\/695195","targetHints":{"allow":["GET"]}}],"collection":[{"href":"https:\/\/roveyayinevi.com.tr\/index.php\/wp-json\/wp\/v2\/product"}],"about":[{"href":"https:\/\/roveyayinevi.com.tr\/index.php\/wp-json\/wp\/v2\/types\/product"}],"wp:attachment":[{"href":"https:\/\/roveyayinevi.com.tr\/index.php\/wp-json\/wp\/v2\/media?parent=695195"}],"wp:term":[{"taxonomy":"product_brand","embeddable":true,"href":"https:\/\/roveyayinevi.com.tr\/index.php\/wp-json\/wp\/v2\/product_brand?post=695195"},{"taxonomy":"product_cat","embeddable":true,"href":"https:\/\/roveyayinevi.com.tr\/index.php\/wp-json\/wp\/v2\/product_cat?post=695195"},{"taxonomy":"product_tag","embeddable":true,"href":"https:\/\/roveyayinevi.com.tr\/index.php\/wp-json\/wp\/v2\/product_tag?post=695195"}],"curies":[{"name":"wp","href":"https:\/\/api.w.org\/{rel}","templated":true}]}}