{"id":695194,"date":"2025-08-27T14:26:35","date_gmt":"2025-08-27T11:26:35","guid":{"rendered":"https:\/\/roveyayinevi.com.tr\/index.php\/urun\/istanbulla-yuzlesme-denemeleri\/"},"modified":"2026-04-16T02:05:04","modified_gmt":"2026-04-15T23:05:04","slug":"istanbulla-yuzlesme-denemeleri","status":"publish","type":"product","link":"https:\/\/roveyayinevi.com.tr\/index.php\/urun\/istanbulla-yuzlesme-denemeleri\/","title":{"rendered":"\u0130stanbul&#8217;la Y\u00fczle\u015fme Denemeleri"},"content":{"rendered":"<p>\u0130stanbul, yaln\u0131zca  masals\u0131  g\u00f6r\u00fcnt\u00fclerin pe\u015finde ko\u015fanlar\u0131 ya da her k\u00f6\u015fe ba\u015f\u0131nda bir su\u00e7 yuvas\u0131 g\u00f6rmeyi bekleyenleri hayal k\u0131r\u0131kl\u0131\u011f\u0131na u\u011fratacak pek \u00e7ok  s\u0131radanl\u0131\u011f\u0131  bar\u0131nd\u0131ran bir megapol. Birbirinden kopuk dokular\u0131n, kenti d\u00f6n\u00fc\u015ft\u00fcrme h\u0131rs\u0131n\u0131n ve pek de  egzotik  olmayan manzaralar\u0131n bile\u015fiminde; g\u00f6\u00e7le olu\u015fan devasa il\u00e7eler, kendilerini  di\u011ferlerinden  soyutlamak isteyenler i\u00e7in in\u015fa edilen pahal\u0131 kaleler, gayrim\u00fcslimlerle birlikte ruhunu da yitirmi\u015f mahalleler, Avrupa yoluna d\u00fc\u015fm\u00fc\u015f s\u0131\u011f\u0131nd\u0131klar\u0131 viraneler, kimselerin sahip \u00e7\u0131kmad\u0131\u011f\u0131 tarih\u00ee yap\u0131lar ve daha neler var&#8230; Jean-Fran\u00e7ois P\u00e9rouse\u2019un 1990\u2019lar\u0131n ortas\u0131ndan bu yana y\u00fcr\u00fctt\u00fc\u011f\u00fc \u00e7al\u0131\u015fmalar\u0131n bir \u00f6zeti olan \u0130stanbul\u2019la Y\u00fczle\u015fme Denemeleri, \u0130stanbul hakk\u0131nda yaz\u0131lan kitaplar\u0131n hemen hepsinde ba\u015f k\u00f6\u015feyi alan tarih\u00ee, turistik ve \u015f\u0131k semtlerin s\u0131n\u0131rlar\u0131 d\u0131\u015f\u0131na \u00e7\u0131karak kentin y\u00fcz\u00f6l\u00e7\u00fcm\u00fcn\u00fcn %95\u2019ini ve toplam n\u00fcfusun %90\u2019\u0131n\u0131 i\u00e7eren  \u00e7eper lere odaklan\u0131yor. P\u00e9rouse, kentin birbirinden kopar\u0131lm\u0131\u015f, belli gruplarca sahiplenilmi\u015f b\u00f6lgelerini, g\u00fcndelik ya\u015fam\u0131n\u0131, d\u00fcnyan\u0131n ba\u015fka kentleriyle kurulan ili\u015fkileri, kent sakinlerinin kentsel politikalara ve pratiklere m\u00fcdahalelerini detayl\u0131 saha ara\u015ft\u0131rmalar\u0131 \u0131\u015f\u0131\u011f\u0131nda inceliyor. Ortaya \u00e7\u0131kan, ne reng\u00e2renk bir Do\u011fu masal\u0131 ne de kapkaranl\u0131k bir k\u00e2bus anlat\u0131s\u0131. Bu  gri  ger\u00e7e\u011fi olu\u015fturan par\u00e7alar\u0131n \u00e7e\u015fitlili\u011fi daha fazla zorluyor g\u00f6z\u00fc ve akl\u0131&#8230; <\/p>\n","protected":false},"excerpt":{"rendered":"<p>\u0130stanbul, yaln\u0131zca masals\u0131 g\u00f6r\u00fcnt\u00fclerin pe\u015finde ko\u015fanlar\u0131 ya da her k\u00f6\u015fe ba\u015f\u0131nda bir su\u00e7 yuvas\u0131 g\u00f6rmeyi bekleyenleri hayal k\u0131r\u0131kl\u0131\u011f\u0131na u\u011fratacak pek \u00e7ok s\u0131radanl\u0131\u011f\u0131 bar\u0131nd\u0131ran bir megapol. Birbirinden<span class=\"excerpt-hellip\"> [\u2026]<\/span><\/p>\n","protected":false},"featured_media":0,"template":"","meta":{"_monsterinsights_skip_tracking":false,"_monsterinsights_sitenote_active":false,"_monsterinsights_sitenote_note":"","_monsterinsights_sitenote_category":0},"product_brand":[],"product_cat":[13054,20153],"product_tag":[],"class_list":{"0":"post-695194","1":"product","2":"type-product","3":"status-publish","5":"product_cat-gezi-ve-rehber-kitaplari","6":"product_cat-istanbul-rehberi","7":"pa_cilt-ciltsiz","8":"pa_tur-kitap","9":"pa_yayinevi-iletisim-yayinlari","10":"pa_yazar-jean-francois-perouse","12":"first","13":"instock","14":"sale","15":"shipping-taxable","16":"purchasable","17":"product-type-simple"},"_links":{"self":[{"href":"https:\/\/roveyayinevi.com.tr\/index.php\/wp-json\/wp\/v2\/product\/695194","targetHints":{"allow":["GET"]}}],"collection":[{"href":"https:\/\/roveyayinevi.com.tr\/index.php\/wp-json\/wp\/v2\/product"}],"about":[{"href":"https:\/\/roveyayinevi.com.tr\/index.php\/wp-json\/wp\/v2\/types\/product"}],"wp:attachment":[{"href":"https:\/\/roveyayinevi.com.tr\/index.php\/wp-json\/wp\/v2\/media?parent=695194"}],"wp:term":[{"taxonomy":"product_brand","embeddable":true,"href":"https:\/\/roveyayinevi.com.tr\/index.php\/wp-json\/wp\/v2\/product_brand?post=695194"},{"taxonomy":"product_cat","embeddable":true,"href":"https:\/\/roveyayinevi.com.tr\/index.php\/wp-json\/wp\/v2\/product_cat?post=695194"},{"taxonomy":"product_tag","embeddable":true,"href":"https:\/\/roveyayinevi.com.tr\/index.php\/wp-json\/wp\/v2\/product_tag?post=695194"}],"curies":[{"name":"wp","href":"https:\/\/api.w.org\/{rel}","templated":true}]}}