{"id":695191,"date":"2025-08-27T14:26:34","date_gmt":"2025-08-27T11:26:34","guid":{"rendered":"https:\/\/roveyayinevi.com.tr\/index.php\/urun\/canan-2\/"},"modified":"2026-04-16T02:05:04","modified_gmt":"2026-04-15T23:05:04","slug":"canan-2","status":"publish","type":"product","link":"https:\/\/roveyayinevi.com.tr\/index.php\/urun\/canan-2\/","title":{"rendered":"Canan"},"content":{"rendered":"<p>C\u00e2n\u00e2n, T\u00fcrk romanc\u0131l\u0131\u011f\u0131n\u0131n zirve ismi Peyami Safa&#8217;n\u0131n a\u015fk, ihanet ve aile temalar\u0131 etraf\u0131nda \u00f6rd\u00fc\u011f\u00fc, okuyucuyu adeta sayfalar\u0131nda bir u\u00e7urumun e\u015fi\u011fine kadar durmaks\u0131z\u0131n s\u00fcr\u00fckledi\u011fi romand\u0131r. Sarayda el \u00fcst\u00fcnde tutularak yeti\u015ftirildi\u011fi i\u00e7in ikbalperest, h\u0131rsl\u0131, bencil bir insan olan C\u00e2n\u00e2n, zengin olmak ve herkesin k\u0131skand\u0131\u011f\u0131 biri olmak hevesleriyle ahlak, namus, sevgi, aile gibi de\u011ferleri hi\u00e7e sayan, insanlarla istedi\u011fi gibi oynayan bir afettir. Lami ile Bedia, be\u015f y\u0131ll\u0131k evlidirler, fakat C\u00e2n\u00e2n&#8217;la tan\u0131\u015ft\u0131ktan sonra Lami, Bedia&#8217;dan so\u011fumaya ve e\u015fini sebepsiz yere \u00fczmeye ba\u015flar. Lami gelene\u011fin, maneviyat\u0131n, asaletin timsali olan Bedia ile; modernli\u011fin, maddiyat\u0131n ve soysuzlu\u011fun timsali olan C\u00e2n\u00e2n aras\u0131nda karar vermek zorundad\u0131r.<\/p>\n","protected":false},"excerpt":{"rendered":"<p>C\u00e2n\u00e2n, T\u00fcrk romanc\u0131l\u0131\u011f\u0131n\u0131n zirve ismi Peyami Safa&#8217;n\u0131n a\u015fk, ihanet ve aile temalar\u0131 etraf\u0131nda \u00f6rd\u00fc\u011f\u00fc, okuyucuyu adeta sayfalar\u0131nda bir u\u00e7urumun e\u015fi\u011fine kadar durmaks\u0131z\u0131n s\u00fcr\u00fckledi\u011fi romand\u0131r. Sarayda el<span class=\"excerpt-hellip\"> [\u2026]<\/span><\/p>\n","protected":false},"featured_media":0,"template":"","meta":{"_monsterinsights_skip_tracking":false,"_monsterinsights_sitenote_active":false,"_monsterinsights_sitenote_note":"","_monsterinsights_sitenote_category":0},"product_brand":[],"product_cat":[12291,12292],"product_tag":[],"class_list":{"0":"post-695191","1":"product","2":"type-product","3":"status-publish","5":"product_cat-edebiyat","6":"product_cat-turk-edebiyati","7":"pa_cilt-ciltsiz","8":"pa_tur-kitap","9":"pa_yayinevi-otuken-nesriyat","10":"pa_yazar-peyami-safa","12":"first","13":"instock","14":"sale","15":"shipping-taxable","16":"purchasable","17":"product-type-simple"},"_links":{"self":[{"href":"https:\/\/roveyayinevi.com.tr\/index.php\/wp-json\/wp\/v2\/product\/695191","targetHints":{"allow":["GET"]}}],"collection":[{"href":"https:\/\/roveyayinevi.com.tr\/index.php\/wp-json\/wp\/v2\/product"}],"about":[{"href":"https:\/\/roveyayinevi.com.tr\/index.php\/wp-json\/wp\/v2\/types\/product"}],"wp:attachment":[{"href":"https:\/\/roveyayinevi.com.tr\/index.php\/wp-json\/wp\/v2\/media?parent=695191"}],"wp:term":[{"taxonomy":"product_brand","embeddable":true,"href":"https:\/\/roveyayinevi.com.tr\/index.php\/wp-json\/wp\/v2\/product_brand?post=695191"},{"taxonomy":"product_cat","embeddable":true,"href":"https:\/\/roveyayinevi.com.tr\/index.php\/wp-json\/wp\/v2\/product_cat?post=695191"},{"taxonomy":"product_tag","embeddable":true,"href":"https:\/\/roveyayinevi.com.tr\/index.php\/wp-json\/wp\/v2\/product_tag?post=695191"}],"curies":[{"name":"wp","href":"https:\/\/api.w.org\/{rel}","templated":true}]}}