{"id":695190,"date":"2025-08-27T14:26:34","date_gmt":"2025-08-27T11:26:34","guid":{"rendered":"https:\/\/roveyayinevi.com.tr\/index.php\/urun\/duygusal-manipulasyon-ikili-iliskilerde-narsist-bir-partnerle-yuzlesmek\/"},"modified":"2026-04-16T02:05:04","modified_gmt":"2026-04-15T23:05:04","slug":"duygusal-manipulasyon-ikili-iliskilerde-narsist-bir-partnerle-yuzlesmek","status":"publish","type":"product","link":"https:\/\/roveyayinevi.com.tr\/index.php\/urun\/duygusal-manipulasyon-ikili-iliskilerde-narsist-bir-partnerle-yuzlesmek\/","title":{"rendered":"Duygusal Manip\u00fclasyon: \u0130kili \u0130li\u015fkilerde: Narsist Bir Partnerle Y\u00fczle\u015fmek"},"content":{"rendered":"<p>Basit k\u00fc\u00e7\u00fck manip\u00fclasyonlar \u00e7iftlerin g\u00fcndelik hayatlar\u0131n\u0131n bir par\u00e7as\u0131 olsa da, \u201cnarsistik sapk\u0131nl\u0131k\u201d bi\u00e7imini ald\u0131\u011f\u0131nda \u00f6nemli bir soruna d\u00f6n\u00fc\u015f\u00fcr. Narsist partner kendi iktidar\u0131n\u0131 yerle\u015ftirmek ve e\u015fini kendi istedi\u011fi ki\u015fili\u011fe b\u00fcr\u00fcnd\u00fcrmek i\u00e7in ba\u015ftan \u00e7\u0131kart\u0131c\u0131, kurnazca yollara ba\u015fvurur. Av\u0131n\u0131n kan\u0131n\u0131 sonuna kadar emerek kendisinde eksik olan\u0131 \u00e7ekip al\u0131r ve b\u00f6ylece kendisini tamamlar. G\u00fcn\u00fcm\u00fczde gitgide daha s\u0131k rastlanan bir ili\u015fki modeli haline gelen narsistik manip\u00fclasyon ili\u015fkileri bu kitab\u0131n konusunu olu\u015fturuyor. Narsist sapk\u0131n her \u015feyi birlikte oldu\u011fu ki\u015fi i\u00e7in yap\u0131yormu\u015f gibi bir hava yarat\u0131r, oysa ger\u00e7ek amac\u0131 onu yok etmektir. K\u00fc\u00e7\u00fck oyunlarla partnerini ince ince i\u015flerken, ustal\u0131kla kendisini ma\u011fdur gibi g\u00f6sterir. Partnerini s\u00fcrekli ele\u015ftirerek ki\u015fili\u011fine y\u00f6n verir, ona kendi isteklerini unutturur, \u00f6zsayg\u0131s\u0131n\u0131 t\u00fcketir. Bunun sonucunda depresyon, ba\u011f\u0131ml\u0131l\u0131k ba\u015flar ve ma\u011fdur ka\u00e7\u0131p kurtulma yetisini de yitirir. En az fiziksel \u015fiddet kadar y\u0131k\u0131c\u0131 olabilen bu psikolojik \u015fiddet, \u00e7o\u011funlukla ma\u011fdurun kendi ba\u015f\u0131na fark edemedi\u011fi bir \u015feydir. \u00c7\u00fcnk\u00fc ele\u015ftiri darbeleriyle su\u00e7u kendinden ba\u015fka yerde g\u00f6remez hale gelmi\u015ftir. Pascale Chapaux-Morelli ile Pascal Couderc, \u0130kili \u0130li\u015fkilerde Duygusal Manip\u00fclasyon\u2019da somut vakalar \u00fczerinden giderek partnerine hayat\u0131 zehir eden narsist manip\u00fclat\u00f6r\u00fc inceliyorlar ve onun ortaya \u00e7\u0131k\u0131\u015f\u0131nda rol oynayan toplumsal ve psi\u015fik etkenleri tart\u0131\u015f\u0131yorlar. Ard\u0131ndan ma\u011fdurlara e\u011filerek, bu ki\u015filerin kendilerine yeni bir hayat kurabilmeleri i\u00e7in i\u00e7inde bulunduklar\u0131 ba\u011f\u0131ml\u0131l\u0131k durumundan \u00e7\u0131kmalar\u0131na yard\u0131mc\u0131 olacak \u00f6neriler getiriyorlar.<\/p>\n","protected":false},"excerpt":{"rendered":"<p>Basit k\u00fc\u00e7\u00fck manip\u00fclasyonlar \u00e7iftlerin g\u00fcndelik hayatlar\u0131n\u0131n bir par\u00e7as\u0131 olsa da, \u201cnarsistik sapk\u0131nl\u0131k\u201d bi\u00e7imini ald\u0131\u011f\u0131nda \u00f6nemli bir soruna d\u00f6n\u00fc\u015f\u00fcr. Narsist partner kendi iktidar\u0131n\u0131 yerle\u015ftirmek ve e\u015fini kendi<span class=\"excerpt-hellip\"> [\u2026]<\/span><\/p>\n","protected":false},"featured_media":0,"template":"","meta":{"_monsterinsights_skip_tracking":false,"_monsterinsights_sitenote_active":false,"_monsterinsights_sitenote_note":"","_monsterinsights_sitenote_category":0},"product_brand":[],"product_cat":[12358,12357],"product_tag":[],"class_list":{"0":"post-695190","1":"product","2":"type-product","3":"status-publish","5":"product_cat-genel-psikoloji","6":"product_cat-psikoloji","7":"pa_cilt-ciltsiz","8":"pa_tur-kitap","9":"pa_yayinevi-iletisim-yayinlari","10":"pa_yazar-morelli-pascal-coudrec","11":"pa_yazar-pascale-chapaux","13":"first","14":"instock","15":"sale","16":"shipping-taxable","17":"purchasable","18":"product-type-simple"},"_links":{"self":[{"href":"https:\/\/roveyayinevi.com.tr\/index.php\/wp-json\/wp\/v2\/product\/695190","targetHints":{"allow":["GET"]}}],"collection":[{"href":"https:\/\/roveyayinevi.com.tr\/index.php\/wp-json\/wp\/v2\/product"}],"about":[{"href":"https:\/\/roveyayinevi.com.tr\/index.php\/wp-json\/wp\/v2\/types\/product"}],"wp:attachment":[{"href":"https:\/\/roveyayinevi.com.tr\/index.php\/wp-json\/wp\/v2\/media?parent=695190"}],"wp:term":[{"taxonomy":"product_brand","embeddable":true,"href":"https:\/\/roveyayinevi.com.tr\/index.php\/wp-json\/wp\/v2\/product_brand?post=695190"},{"taxonomy":"product_cat","embeddable":true,"href":"https:\/\/roveyayinevi.com.tr\/index.php\/wp-json\/wp\/v2\/product_cat?post=695190"},{"taxonomy":"product_tag","embeddable":true,"href":"https:\/\/roveyayinevi.com.tr\/index.php\/wp-json\/wp\/v2\/product_tag?post=695190"}],"curies":[{"name":"wp","href":"https:\/\/api.w.org\/{rel}","templated":true}]}}