{"id":695189,"date":"2025-08-27T14:26:34","date_gmt":"2025-08-27T11:26:34","guid":{"rendered":"https:\/\/roveyayinevi.com.tr\/index.php\/urun\/189-sayfa\/"},"modified":"2026-04-16T02:05:04","modified_gmt":"2026-04-15T23:05:04","slug":"189-sayfa","status":"publish","type":"product","link":"https:\/\/roveyayinevi.com.tr\/index.php\/urun\/189-sayfa\/","title":{"rendered":"189 Sayfa"},"content":{"rendered":"<p>Murathan Mungan ilk kitap 227 Sayfa&#8217;da oldu\u011fu gibi g\u00f6zlemler, izlenimler, saptamalar, aforizmalar, denemeler, k\u00fc\u00e7\u00fck notlardan, orta boy yaz\u0131lardan olu\u015fturuyor 189 Sayfa&#8217;y\u0131. \u015e\u00f6yle diyor: Buradaki yaz\u0131lar\u0131n \u00f6nemli bir b\u00f6l\u00fcm\u00fcnde g\u00f6r\u00fclece\u011fi gibi, yaln\u0131zca yazar olmak i\u00e7in de\u011fil, okur olmak i\u00e7in de ge\u00e7ilmesi gereken yollara, geli\u015ftirilmesi gereken \u00f6zelliklere dikkat \u00e7ekmek, i\u015faret d\u00fc\u015f\u00fcrmek istedim. <\/p>\n","protected":false},"excerpt":{"rendered":"<p>Murathan Mungan ilk kitap 227 Sayfa&#8217;da oldu\u011fu gibi g\u00f6zlemler, izlenimler, saptamalar, aforizmalar, denemeler, k\u00fc\u00e7\u00fck notlardan, orta boy yaz\u0131lardan olu\u015fturuyor 189 Sayfa&#8217;y\u0131. \u015e\u00f6yle diyor: Buradaki yaz\u0131lar\u0131n \u00f6nemli<span class=\"excerpt-hellip\"> [\u2026]<\/span><\/p>\n","protected":false},"featured_media":0,"template":"","meta":{"_monsterinsights_skip_tracking":false,"_monsterinsights_sitenote_active":false,"_monsterinsights_sitenote_note":"","_monsterinsights_sitenote_category":0},"product_brand":[],"product_cat":[12777,12291],"product_tag":[],"class_list":{"0":"post-695189","1":"product","2":"type-product","3":"status-publish","5":"product_cat-deneme","6":"product_cat-edebiyat","7":"pa_cilt-ciltsiz","8":"pa_tur-kitap","9":"pa_yayinevi-metis-yayinlari","10":"pa_yazar-murathan-mungan","12":"first","13":"instock","14":"sale","15":"shipping-taxable","16":"purchasable","17":"product-type-simple"},"_links":{"self":[{"href":"https:\/\/roveyayinevi.com.tr\/index.php\/wp-json\/wp\/v2\/product\/695189","targetHints":{"allow":["GET"]}}],"collection":[{"href":"https:\/\/roveyayinevi.com.tr\/index.php\/wp-json\/wp\/v2\/product"}],"about":[{"href":"https:\/\/roveyayinevi.com.tr\/index.php\/wp-json\/wp\/v2\/types\/product"}],"wp:attachment":[{"href":"https:\/\/roveyayinevi.com.tr\/index.php\/wp-json\/wp\/v2\/media?parent=695189"}],"wp:term":[{"taxonomy":"product_brand","embeddable":true,"href":"https:\/\/roveyayinevi.com.tr\/index.php\/wp-json\/wp\/v2\/product_brand?post=695189"},{"taxonomy":"product_cat","embeddable":true,"href":"https:\/\/roveyayinevi.com.tr\/index.php\/wp-json\/wp\/v2\/product_cat?post=695189"},{"taxonomy":"product_tag","embeddable":true,"href":"https:\/\/roveyayinevi.com.tr\/index.php\/wp-json\/wp\/v2\/product_tag?post=695189"}],"curies":[{"name":"wp","href":"https:\/\/api.w.org\/{rel}","templated":true}]}}