{"id":695184,"date":"2025-08-27T14:26:33","date_gmt":"2025-08-27T11:26:33","guid":{"rendered":"https:\/\/roveyayinevi.com.tr\/index.php\/urun\/profesor-caritatin-sasirtici-aydinlanmasi\/"},"modified":"2026-04-16T02:05:03","modified_gmt":"2026-04-15T23:05:03","slug":"profesor-caritatin-sasirtici-aydinlanmasi","status":"publish","type":"product","link":"https:\/\/roveyayinevi.com.tr\/index.php\/urun\/profesor-caritatin-sasirtici-aydinlanmasi\/","title":{"rendered":"Profes\u00f6r Caritat\u2019\u0131n \u015ea\u015f\u0131rt\u0131c\u0131 Ayd\u0131nlanmas\u0131"},"content":{"rendered":"<p>Steven Lukes, g\u00f6ndermelerle \u00f6r\u00fclm\u00fc\u015f \u00e7a\u011fda\u015f bir siyasal yergi olan bu kurmaca yap\u0131t\u0131nda, bir yandan felsefece d\u00fc\u015f\u00fcnmenin tarihinde iyimsercilik ile k\u00f6t\u00fcmsercilik aras\u0131nda alttan alta hep s\u00fcr\u00fcp giden o ince \u00e7at\u0131\u015fman\u0131n izlerini s\u00fcrerken, \u00f6te yandan ideoloji ile \u00fctopya aras\u0131ndaki ili\u015fkiye odaklanarak \u00fctopya(c\u0131l\u0131k) ile kar\u015f\u0131\u00fctopya(c\u0131l\u0131k) aras\u0131ndaki s\u0131n\u0131r \u00e7izgilerinin iyiden iyiye bulan\u0131kla\u015ft\u0131\u011f\u0131n\u0131 ve bundan b\u00f6yle, pek \u00f6yle san\u0131ld\u0131\u011f\u0131 gibi, koyultarak \u00e7izilemeyece\u011fini vurguluyor. Lukes, siyaset felsefesi alan\u0131nda iyi bir toplumun nas\u0131l olmas\u0131 gerekti\u011fine dair s\u00f6yleyecek s\u00f6z\u00fc olan d\u00fc\u015f\u00fcn\u00fcrleri, \u00f6zellikle de Ayd\u0131nlanma filozoflar\u0131n\u0131 konu\u015fturuyor. Ayd\u0131nlanma\u2019n\u0131n savundu\u011fu de\u011ferlere s\u0131k\u0131 s\u0131k\u0131ya ba\u011fl\u0131 felsefe profes\u00f6r\u00fcm\u00fcz\u00fcn Askeristan\u2019dan ba\u015flay\u0131p s\u0131ras\u0131yla Yararistan, Ortakistan, \u00d6zg\u00fcristan g\u00fczerg\u00e2h\u0131nda ilerleyen \u00e7ileli yolculu\u011fu, \u201cepey e\u011flenceli\u201d \u2013\u201cg\u00fcler misin a\u011flar m\u0131s\u0131n\u201d tarz\u0131nda\u2013 bir insanl\u0131k dram\u0131na d\u00f6n\u00fc\u015f\u00fcyor. \u0130yi ki, yolu bir ara \u2013r\u00fcyada da olsa\u2013 \u201cs\u0131n\u0131fs\u0131z toplum\u201d d\u00fc\u015f\u00fcn\u00fc hayata ge\u00e7iren Emekistan\u2019a d\u00fc\u015f\u00fcyor da, i\u00e7imiz biraz olsun rahatl\u0131yor. \u00c7ok ge\u00e7meden, yan\u0131m\u0131za \u201cMinerva\u2019n\u0131n Bayku\u015fu\u201dnu da alarak hep birlikte bir \u201cd\u00fc\u015f\u00fclke\u201dnin, E\u015fitistan\u2019\u0131n yollar\u0131na vuruyoruz: Umuda do\u011fru o bitimsiz yolculu\u011fa\u2026 <\/p>\n","protected":false},"excerpt":{"rendered":"<p>Steven Lukes, g\u00f6ndermelerle \u00f6r\u00fclm\u00fc\u015f \u00e7a\u011fda\u015f bir siyasal yergi olan bu kurmaca yap\u0131t\u0131nda, bir yandan felsefece d\u00fc\u015f\u00fcnmenin tarihinde iyimsercilik ile k\u00f6t\u00fcmsercilik aras\u0131nda alttan alta hep s\u00fcr\u00fcp giden<span class=\"excerpt-hellip\"> [\u2026]<\/span><\/p>\n","protected":false},"featured_media":0,"template":"","meta":{"_monsterinsights_skip_tracking":false,"_monsterinsights_sitenote_active":false,"_monsterinsights_sitenote_note":"","_monsterinsights_sitenote_category":0},"product_brand":[],"product_cat":[12388,15536],"product_tag":[],"class_list":{"0":"post-695184","1":"product","2":"type-product","3":"status-publish","5":"product_cat-felsefe","6":"product_cat-siyaset-felsefesi","7":"pa_cilt-ciltsiz","8":"pa_tur-kitap","9":"pa_yayinevi-pharmakon-kitap","10":"pa_yazar-steven-lukes","12":"first","13":"instock","14":"sale","15":"shipping-taxable","16":"purchasable","17":"product-type-simple"},"_links":{"self":[{"href":"https:\/\/roveyayinevi.com.tr\/index.php\/wp-json\/wp\/v2\/product\/695184","targetHints":{"allow":["GET"]}}],"collection":[{"href":"https:\/\/roveyayinevi.com.tr\/index.php\/wp-json\/wp\/v2\/product"}],"about":[{"href":"https:\/\/roveyayinevi.com.tr\/index.php\/wp-json\/wp\/v2\/types\/product"}],"wp:attachment":[{"href":"https:\/\/roveyayinevi.com.tr\/index.php\/wp-json\/wp\/v2\/media?parent=695184"}],"wp:term":[{"taxonomy":"product_brand","embeddable":true,"href":"https:\/\/roveyayinevi.com.tr\/index.php\/wp-json\/wp\/v2\/product_brand?post=695184"},{"taxonomy":"product_cat","embeddable":true,"href":"https:\/\/roveyayinevi.com.tr\/index.php\/wp-json\/wp\/v2\/product_cat?post=695184"},{"taxonomy":"product_tag","embeddable":true,"href":"https:\/\/roveyayinevi.com.tr\/index.php\/wp-json\/wp\/v2\/product_tag?post=695184"}],"curies":[{"name":"wp","href":"https:\/\/api.w.org\/{rel}","templated":true}]}}