{"id":695183,"date":"2025-08-27T14:26:33","date_gmt":"2025-08-27T11:26:33","guid":{"rendered":"https:\/\/roveyayinevi.com.tr\/index.php\/urun\/ilk-etkinlik-kitabim-matematik-becerileri-3-yas\/"},"modified":"2026-04-16T02:05:03","modified_gmt":"2026-04-15T23:05:03","slug":"ilk-etkinlik-kitabim-matematik-becerileri-3-yas","status":"publish","type":"product","link":"https:\/\/roveyayinevi.com.tr\/index.php\/urun\/ilk-etkinlik-kitabim-matematik-becerileri-3-yas\/","title":{"rendered":"\u0130lk Etkinlik Kitab\u0131m &#8211; Matematik Becerileri 3 Ya\u015f"},"content":{"rendered":"<p>\u0130lk Etkinlik Kitab\u0131m Matematik Becerileri, \u00c7izgi ve \u015eekil kitab\u0131, \u00e7ocuklarda matemati\u011fe kar\u015f\u0131 olumlu bir tutum kazand\u0131rmak ve \u00e7ocuklar\u0131n \u00f6nceden getirdikleri kavramsal bilgilerle yeni bilgiler aras\u0131nda ba\u011f kurmas\u0131na yard\u0131mc\u0131 olmak, matematiksel kavramlar\u0131n neden ve nas\u0131l kullan\u0131ld\u0131\u011f\u0131n\u0131 anlamaya yard\u0131mc\u0131 olmak amac\u0131n\u0131 ta\u015f\u0131maktad\u0131r.Kitaptaki etkinlikler ayr\u0131ca temel \u00e7izgileri tan\u0131tarak ayn\u0131 zamanda kalemle yeni yeni tan\u0131\u015fmaya ba\u015flayan \u00e7ocu\u011fun, kalem tutma ve kullanma becerisini geli\u015ftirmeyi de ama\u00e7lamaktad\u0131r. Hazirlanan y\u00f6nergeler, \u00e7ocuklar\u0131n bili\u015fsel, sosyal, duygusal, dil, psikomotor geli\u015fimlerini, \u00f6zellikle k\u00fc\u00e7\u00fck kas becerilerini ve el-g\u00f6z koordinasyonunu desteklemeyi, \u00f6z bak\u0131m becerilerini artt\u0131rmay\u0131 hedeflemektedir.<\/p>\n","protected":false},"excerpt":{"rendered":"<p>\u0130lk Etkinlik Kitab\u0131m Matematik Becerileri, \u00c7izgi ve \u015eekil kitab\u0131, \u00e7ocuklarda matemati\u011fe kar\u015f\u0131 olumlu bir tutum kazand\u0131rmak ve \u00e7ocuklar\u0131n \u00f6nceden getirdikleri kavramsal bilgilerle yeni bilgiler aras\u0131nda ba\u011f<span class=\"excerpt-hellip\"> [\u2026]<\/span><\/p>\n","protected":false},"featured_media":0,"template":"","meta":{"_monsterinsights_skip_tracking":false,"_monsterinsights_sitenote_active":false,"_monsterinsights_sitenote_note":"","_monsterinsights_sitenote_category":0},"product_brand":[],"product_cat":[12274,12518],"product_tag":[],"class_list":{"0":"post-695183","1":"product","2":"type-product","3":"status-publish","5":"product_cat-cocuk-ve-genclik-kitaplari","6":"product_cat-okul-oncesi-kitaplar","7":"pa_cilt-ciltsiz","8":"pa_tur-kitap","9":"pa_yayinevi-minik-ada-yayinlari","10":"pa_yazar-kollektif","12":"first","13":"instock","14":"sale","15":"shipping-taxable","16":"purchasable","17":"product-type-simple"},"_links":{"self":[{"href":"https:\/\/roveyayinevi.com.tr\/index.php\/wp-json\/wp\/v2\/product\/695183","targetHints":{"allow":["GET"]}}],"collection":[{"href":"https:\/\/roveyayinevi.com.tr\/index.php\/wp-json\/wp\/v2\/product"}],"about":[{"href":"https:\/\/roveyayinevi.com.tr\/index.php\/wp-json\/wp\/v2\/types\/product"}],"wp:attachment":[{"href":"https:\/\/roveyayinevi.com.tr\/index.php\/wp-json\/wp\/v2\/media?parent=695183"}],"wp:term":[{"taxonomy":"product_brand","embeddable":true,"href":"https:\/\/roveyayinevi.com.tr\/index.php\/wp-json\/wp\/v2\/product_brand?post=695183"},{"taxonomy":"product_cat","embeddable":true,"href":"https:\/\/roveyayinevi.com.tr\/index.php\/wp-json\/wp\/v2\/product_cat?post=695183"},{"taxonomy":"product_tag","embeddable":true,"href":"https:\/\/roveyayinevi.com.tr\/index.php\/wp-json\/wp\/v2\/product_tag?post=695183"}],"curies":[{"name":"wp","href":"https:\/\/api.w.org\/{rel}","templated":true}]}}