{"id":695182,"date":"2025-08-27T14:26:32","date_gmt":"2025-08-27T11:26:32","guid":{"rendered":"https:\/\/roveyayinevi.com.tr\/index.php\/urun\/okluzyon\/"},"modified":"2026-04-16T02:05:03","modified_gmt":"2026-04-15T23:05:03","slug":"okluzyon","status":"publish","type":"product","link":"https:\/\/roveyayinevi.com.tr\/index.php\/urun\/okluzyon\/","title":{"rendered":"Okl\u00fczyon"},"content":{"rendered":"<p>Di\u015f hekimli\u011finde; di\u015f ve kom\u015fu dokular\u0131n\u0131n anatomik ve fizyolojik \u00f6zellikleri ile di\u015flerin, \u00e7enelerin ve eklemlerin kar\u015f\u0131l\u0131kl\u0131 ili\u015fkileri yeterince bilinmeden ba\u015far\u0131l\u0131 te\u015fhis ve tedavinin geli\u015ftirilebilmesi son derece zordur. Mandibula hareketleri ve bunlar\u0131n koordinasyon ve kontrol\u00fc ile yap\u0131lacak protetik tedavilere uyumlanmas\u0131 hen\u00fcz tam olarak \u00e7\u00f6z\u00fcmlenmemi\u015ftir. Bu ama\u00e7la eserde \u00e7i\u011fneme sisteminin anatomi ve fizyolojisi ile, temporomandibular eklem, \u00e7i\u011fneme, yutkunma ve konu\u015fma fonksiyonlar\u0131n\u0131n di\u015f morfolojisi ve okl\u00fczyon ile ili\u015fkileride yeterince de\u011ferlendirilmi\u015ftir.Okl\u00fczyon kavram\u0131 ve mandibula hareketleri detayl\u0131 olarak a\u00e7\u0131kland\u0131ktan sonra, eserin son b\u00f6l\u00fcm\u00fcnde bu verilerin pratik \u00e7al\u0131\u015fmalara uygulanmas\u0131 a\u00e7\u0131s\u0131ndan &#8220;Fonksiyonel Morfoloji Teknikleri&#8221; ayr\u0131 bir b\u00f6l\u00fcm olarak sergilenmi\u015ftir. Kullan\u0131lan terimlerin genellikle Latince kar\u015f\u0131l\u0131klar\u0131 yaz\u0131lm\u0131\u015ft\u0131r, ancak rutin pratikte y\u0131llard\u0131r kullan\u0131lagelen ve T\u00fcrk\u00e7e de yer alan terimler oldu\u011fu gibi b\u0131rak\u0131lm\u0131\u015ft\u0131r.Konu Ba\u015fl\u0131klar\u0131\u00c7i\u011fneme Sisteminin Anatomi Ve FizyolojisiArticulatio Temporomandibularis (\u00c7ene Eklemi)\u00c7i\u011fneme Sisteminin Damar ve SinirleriOkl\u00fczyonDo\u011fal Di\u015flerde Okl\u00fczyon T\u00fcrleriOkl\u00fczyonunun \u0130skeletsel S\u0131n\u0131fland\u0131r\u0131lmas\u0131Mandibula HareketleriMandibulan\u0131n Hareket Y\u00f6nleriMandibulan\u0131n S\u0131n\u0131r HareketleriMandibula Hareketleri ve Okl\u00fczal Morfolojinin Kontrol Fakt\u00f6rleriOkl\u00fczyon KuvvetleriDi\u015flere Etkili Kuvvetler\u00c7i\u011fneme\u2013Yutma ve Konu\u015fma Fonksiyonlar\u0131n\u0131n Di\u015f Morfolojisi ve Okl\u00fczyon ile \u0130li\u015fkileriFonksiyonel Okl\u00fczal MorfolojiFonksiyonel Okl\u00fczal Morfoloji TeknikleriFonksiyonel Okl\u00fczal Morfolojinin Uygulama Teknikleri <\/p>\n","protected":false},"excerpt":{"rendered":"<p>Di\u015f hekimli\u011finde; di\u015f ve kom\u015fu dokular\u0131n\u0131n anatomik ve fizyolojik \u00f6zellikleri ile di\u015flerin, \u00e7enelerin ve eklemlerin kar\u015f\u0131l\u0131kl\u0131 ili\u015fkileri yeterince bilinmeden ba\u015far\u0131l\u0131 te\u015fhis ve tedavinin geli\u015ftirilebilmesi son derece<span class=\"excerpt-hellip\"> [\u2026]<\/span><\/p>\n","protected":false},"featured_media":0,"template":"","meta":{"_monsterinsights_skip_tracking":false,"_monsterinsights_sitenote_active":false,"_monsterinsights_sitenote_note":"","_monsterinsights_sitenote_category":0},"product_brand":[],"product_cat":[12573,12566],"product_tag":[],"class_list":{"0":"post-695182","1":"product","2":"type-product","3":"status-publish","5":"product_cat-akademik-kitaplar","6":"product_cat-egitim","7":"pa_cilt-ciltsiz","8":"pa_tur-kitap","9":"pa_yayinevi-gazi-kitabevi","10":"pa_yazar-husnu-yavuzyilmaz","12":"first","13":"instock","14":"sale","15":"shipping-taxable","16":"purchasable","17":"product-type-simple"},"_links":{"self":[{"href":"https:\/\/roveyayinevi.com.tr\/index.php\/wp-json\/wp\/v2\/product\/695182","targetHints":{"allow":["GET"]}}],"collection":[{"href":"https:\/\/roveyayinevi.com.tr\/index.php\/wp-json\/wp\/v2\/product"}],"about":[{"href":"https:\/\/roveyayinevi.com.tr\/index.php\/wp-json\/wp\/v2\/types\/product"}],"wp:attachment":[{"href":"https:\/\/roveyayinevi.com.tr\/index.php\/wp-json\/wp\/v2\/media?parent=695182"}],"wp:term":[{"taxonomy":"product_brand","embeddable":true,"href":"https:\/\/roveyayinevi.com.tr\/index.php\/wp-json\/wp\/v2\/product_brand?post=695182"},{"taxonomy":"product_cat","embeddable":true,"href":"https:\/\/roveyayinevi.com.tr\/index.php\/wp-json\/wp\/v2\/product_cat?post=695182"},{"taxonomy":"product_tag","embeddable":true,"href":"https:\/\/roveyayinevi.com.tr\/index.php\/wp-json\/wp\/v2\/product_tag?post=695182"}],"curies":[{"name":"wp","href":"https:\/\/api.w.org\/{rel}","templated":true}]}}