{"id":695181,"date":"2025-08-27T14:26:32","date_gmt":"2025-08-27T11:26:32","guid":{"rendered":"https:\/\/roveyayinevi.com.tr\/index.php\/urun\/gunle-yarisan-yarisci\/"},"modified":"2026-04-16T02:05:03","modified_gmt":"2026-04-15T23:05:03","slug":"gunle-yarisan-yarisci","status":"publish","type":"product","link":"https:\/\/roveyayinevi.com.tr\/index.php\/urun\/gunle-yarisan-yarisci\/","title":{"rendered":"G\u00fcnle Yar\u0131\u015fan Yar\u0131\u015f\u00e7\u0131"},"content":{"rendered":"<p>Hayalhane sakinimiz Ahmet \u00d6nel&#8217;in k\u0131ymetli s\u00f6zc\u00fckleri bu kez Yi\u011fit&#8217;in d\u00fcnyas\u0131na s\u00fcr\u00fckl\u00fcyor bizi. Hik\u00e2yemiz, e\u011flenmek i\u00e7in hayallere dalman\u0131n yeterli oldu\u011fu zamanlarda, ah\u015fap oyuncaklarla bezeli televizyonsuz evlerde ge\u00e7iyor. G\u00fcnle Yar\u0131\u015fan Yar\u0131\u015f\u00e7\u0131, alt\u0131 ya\u015f\u0131ndaki bir \u00e7ocu\u011fun aile, dostluk ve do\u011fa \u00fczerine d\u00fc\u015f\u00fcnceleri e\u015fli\u011finde, bisikletlerini g\u00fczel g\u00fcnlere do\u011fru s\u00fcrmenin tatl\u0131 tela\u015f\u0131 i\u00e7indekileri anlatan bir roman. Ku\u015f ka\u00e7\u0131ranlar, \u00e7i\u00e7ek yolanlar, a\u011fa\u00e7 s\u00f6kenler\u2026 Hepsi, hepsi rakiplerin senin!&#8221; &#8220;Rakip ne demek?&#8221; diyorum \u015fa\u015fk\u0131nl\u0131kla. &#8220;Seninle yar\u0131\u015fanlar!&#8221; diyor yar\u0131\u015f\u00e7\u0131. &#8220;Ama onlar g\u00fcne\u015ften farkl\u0131. Ne olursa olsun, g\u00fcn\u00fcn birinde sen de pedallara basacak ve hepsini ard\u0131nda b\u0131rakacaks\u0131n!&#8221; &#8220;Hepsini ard\u0131mda b\u0131rakaca\u011f\u0131m, evet!&#8221; diyorum. Kentten uzakta, do\u011fan\u0131n i\u00e7inde ya\u015fayan bir \u00e7ocuk\u2026 Yi\u011fit! Sevimli k\u00f6pe\u011fi Karadut&#8217;la birlikte gezindi\u011fi bir g\u00fcn onunla, Yar\u0131\u015f\u00e7\u0131&#8217;yla kar\u015f\u0131la\u015f\u0131yor. \u0130\u015fte \u00f6yk\u00fcm\u00fcz b\u00f6yle ba\u015fl\u0131yor! Yar\u0131\u015f\u0131 kim kazanacak dersiniz? Yol i\u015f\u00e7ileri mi, Yi\u011fit&#8217;le yeni arkada\u015f\u0131 m\u0131? <\/p>\n","protected":false},"excerpt":{"rendered":"<p>Hayalhane sakinimiz Ahmet \u00d6nel&#8217;in k\u0131ymetli s\u00f6zc\u00fckleri bu kez Yi\u011fit&#8217;in d\u00fcnyas\u0131na s\u00fcr\u00fckl\u00fcyor bizi. Hik\u00e2yemiz, e\u011flenmek i\u00e7in hayallere dalman\u0131n yeterli oldu\u011fu zamanlarda, ah\u015fap oyuncaklarla bezeli televizyonsuz evlerde ge\u00e7iyor.<span class=\"excerpt-hellip\"> [\u2026]<\/span><\/p>\n","protected":false},"featured_media":0,"template":"","meta":{"_monsterinsights_skip_tracking":false,"_monsterinsights_sitenote_active":false,"_monsterinsights_sitenote_note":"","_monsterinsights_sitenote_category":0},"product_brand":[],"product_cat":[12275,12274],"product_tag":[],"class_list":{"0":"post-695181","1":"product","2":"type-product","3":"status-publish","5":"product_cat-6-12-yas-kitaplari","6":"product_cat-cocuk-ve-genclik-kitaplari","7":"pa_cilt-ciltsiz","8":"pa_tur-kitap","9":"pa_yayinevi-elma-cocuk","10":"pa_yazar-ahmet-onel","12":"first","13":"instock","14":"sale","15":"shipping-taxable","16":"purchasable","17":"product-type-simple"},"_links":{"self":[{"href":"https:\/\/roveyayinevi.com.tr\/index.php\/wp-json\/wp\/v2\/product\/695181","targetHints":{"allow":["GET"]}}],"collection":[{"href":"https:\/\/roveyayinevi.com.tr\/index.php\/wp-json\/wp\/v2\/product"}],"about":[{"href":"https:\/\/roveyayinevi.com.tr\/index.php\/wp-json\/wp\/v2\/types\/product"}],"wp:attachment":[{"href":"https:\/\/roveyayinevi.com.tr\/index.php\/wp-json\/wp\/v2\/media?parent=695181"}],"wp:term":[{"taxonomy":"product_brand","embeddable":true,"href":"https:\/\/roveyayinevi.com.tr\/index.php\/wp-json\/wp\/v2\/product_brand?post=695181"},{"taxonomy":"product_cat","embeddable":true,"href":"https:\/\/roveyayinevi.com.tr\/index.php\/wp-json\/wp\/v2\/product_cat?post=695181"},{"taxonomy":"product_tag","embeddable":true,"href":"https:\/\/roveyayinevi.com.tr\/index.php\/wp-json\/wp\/v2\/product_tag?post=695181"}],"curies":[{"name":"wp","href":"https:\/\/api.w.org\/{rel}","templated":true}]}}