{"id":695180,"date":"2025-08-27T14:26:32","date_gmt":"2025-08-27T11:26:32","guid":{"rendered":"https:\/\/roveyayinevi.com.tr\/index.php\/urun\/baska-bir-dunya-mumkun\/"},"modified":"2026-04-16T02:05:03","modified_gmt":"2026-04-15T23:05:03","slug":"baska-bir-dunya-mumkun","status":"publish","type":"product","link":"https:\/\/roveyayinevi.com.tr\/index.php\/urun\/baska-bir-dunya-mumkun\/","title":{"rendered":"Ba\u015fka Bir D\u00fcnya M\u00fcmk\u00fcn"},"content":{"rendered":"<p>Kanada-Toronto&#8217;daki York \u00dcniversitesi&#8217;nde siyaset bilimi profes\u00f6r\u00fc olan David McNally, bu kitab\u0131nda, Meksika&#8217;n\u0131n Chiapas Da\u011flar\u0131&#8217;ndan ABD&#8217;deki Seattle sokaklar\u0131na uzanan, \u00f6zellikle 1990&#8217;lardan itibaren y\u00fckselen umut verici yeni toplumsal hareketleri inceliyor. Daha iyi bir d\u00fcnya hayali, s\u00fcrekli olarak, sokaklarda y\u00fcr\u00fcy\u00fc\u015f yap\u0131yor, sloganlar at\u0131yor, barikatlar kuruyor ve bask\u0131ya meydan okuyor. McNally bu hareketlerin, her zaman oldu\u011fu gibi, d\u00fcnya \u00e7ap\u0131nda umudu canland\u0131rd\u0131\u011f\u0131n\u0131 vurguluyor. Ezilenlerin her ba\u015fkald\u0131r\u0131s\u0131yla umut y\u00fckseliyor: Ekvador&#8217;da Yerliler h\u00fck\u00fcmete kar\u015f\u0131 ayaklan\u0131rken, y\u00fcz binler elektri\u011fin \u00f6zelle\u015ftirilmesine kar\u015f\u0131 Porto Riko&#8217;da genel greve gidiyor; emek\u00e7ilerin ve Yerlilerin isyan\u0131 Bolivya&#8217;da suyun \u00f6zelle\u015ftirilmesi sald\u0131r\u0131s\u0131n\u0131 geri p\u00fcsk\u00fcrt\u00fcyor; G\u00fcney Afrikal\u0131 i\u015f\u00e7iler yoksullu\u011fa kar\u015f\u0131 grev yap\u0131yor; Nijeryal\u0131 i\u015f\u00e7iler yak\u0131t ve ula\u015f\u0131m zamlar\u0131na kar\u015f\u0131 kitlesel g\u00f6steriler \u00f6rg\u00fctl\u00fcyor; milyonlarca Hintli i\u015f\u00e7i &#8220;k\u00fcreselle\u015fme, \u00f6zelle\u015ftirme ve liberalle\u015fmeye&#8221; kar\u015f\u0131 ayaklan\u0131yor; Kolombiya&#8217;da dayat\u0131lan &#8220;neoliberal model&#8221;e kar\u015f\u0131 greve gidilirken \u0130talya&#8217;n\u0131n Cenova kentinde sokaklar hareketleniyor, Paris&#8217;te ve di\u011fer Frans\u0131z kentlerinde ya\u015fam durdurularak i\u015fverenlerin gen\u00e7 i\u015f\u00e7ileri kap\u0131 d\u0131\u015far\u0131 etmesini kolayla\u015ft\u0131ran yasan\u0131n geri \u00e7ekilmesi talep ediliyor. K\u0131saca, ger\u00e7ek demokrasi, tam e\u015fitlik ve ya\u015famaya de\u011fer bir hayat i\u00e7in verilen m\u00fccadele her yerde s\u00fcr\u00fcyor. McNally, b\u00fct\u00fcn d\u00fcnyada ezilenlerin ve yoksullar\u0131n sesini dinlememizi ve gelece\u011fin \u015fiirini duymam\u0131z\u0131 \u00f6neriyor. Bug\u00fcn bu sesler f\u0131s\u0131lt\u0131 halinde olsa da gelecekte k\u00fckremeye d\u00f6n\u00fc\u015fece\u011fini ve dinlemeye haz\u0131r olan herkese ba\u015fka bir d\u00fcnyan\u0131n m\u00fcmk\u00fcn oldu\u011funu g\u00f6sterece\u011fini s\u00f6yl\u00fcyor. Yazar\u0131n Gezi \u0130syan\u0131 \u00fczerine \u00f6ns\u00f6z\u00fcyle&#8230; \ufffcTan\u0131t\u0131m Metni<\/p>\n","protected":false},"excerpt":{"rendered":"<p>Kanada-Toronto&#8217;daki York \u00dcniversitesi&#8217;nde siyaset bilimi profes\u00f6r\u00fc olan David McNally, bu kitab\u0131nda, Meksika&#8217;n\u0131n Chiapas Da\u011flar\u0131&#8217;ndan ABD&#8217;deki Seattle sokaklar\u0131na uzanan, \u00f6zellikle 1990&#8217;lardan itibaren y\u00fckselen umut verici yeni toplumsal<span class=\"excerpt-hellip\"> [\u2026]<\/span><\/p>\n","protected":false},"featured_media":0,"template":"","meta":{"_monsterinsights_skip_tracking":false,"_monsterinsights_sitenote_active":false,"_monsterinsights_sitenote_note":"","_monsterinsights_sitenote_category":0},"product_brand":[],"product_cat":[16098,12337],"product_tag":[],"class_list":{"0":"post-695180","1":"product","2":"type-product","3":"status-publish","5":"product_cat-politik-akimlar-hareketler","6":"product_cat-politika-siyaset","7":"pa_cilt-ciltsiz","8":"pa_tur-kitap","9":"pa_yayinevi-yordam-kitap","10":"pa_yazar-david-mcnally","12":"first","13":"instock","14":"sale","15":"shipping-taxable","16":"purchasable","17":"product-type-simple"},"_links":{"self":[{"href":"https:\/\/roveyayinevi.com.tr\/index.php\/wp-json\/wp\/v2\/product\/695180","targetHints":{"allow":["GET"]}}],"collection":[{"href":"https:\/\/roveyayinevi.com.tr\/index.php\/wp-json\/wp\/v2\/product"}],"about":[{"href":"https:\/\/roveyayinevi.com.tr\/index.php\/wp-json\/wp\/v2\/types\/product"}],"wp:attachment":[{"href":"https:\/\/roveyayinevi.com.tr\/index.php\/wp-json\/wp\/v2\/media?parent=695180"}],"wp:term":[{"taxonomy":"product_brand","embeddable":true,"href":"https:\/\/roveyayinevi.com.tr\/index.php\/wp-json\/wp\/v2\/product_brand?post=695180"},{"taxonomy":"product_cat","embeddable":true,"href":"https:\/\/roveyayinevi.com.tr\/index.php\/wp-json\/wp\/v2\/product_cat?post=695180"},{"taxonomy":"product_tag","embeddable":true,"href":"https:\/\/roveyayinevi.com.tr\/index.php\/wp-json\/wp\/v2\/product_tag?post=695180"}],"curies":[{"name":"wp","href":"https:\/\/api.w.org\/{rel}","templated":true}]}}