{"id":695171,"date":"2025-08-27T14:26:30","date_gmt":"2025-08-27T11:26:30","guid":{"rendered":"https:\/\/roveyayinevi.com.tr\/index.php\/urun\/sayisal-cocuk\/"},"modified":"2026-04-16T02:05:03","modified_gmt":"2026-04-15T23:05:03","slug":"sayisal-cocuk","status":"publish","type":"product","link":"https:\/\/roveyayinevi.com.tr\/index.php\/urun\/sayisal-cocuk\/","title":{"rendered":"Say\u0131sal \u00c7ocuk"},"content":{"rendered":"<p>Her \u015fey, babas\u0131n\u0131n ona bir say\u0131 boncu\u011fu almas\u0131yla ba\u015flad\u0131. Sayg\u0131 say\u0131 saymay\u0131 \u00f6yle \u00e7ok sevdi ki, \u00f6nce i\u015fin dozunu ka\u00e7\u0131r\u0131p g\u00f6rd\u00fc\u011f\u00fc her \u015feyi saymaya ba\u015flad\u0131, sonra merak\u0131n\u0131, enerjisini ve yetene\u011fini yeni bulu\u015flara y\u00f6neltti. Sonu\u00e7 mu?&#8230; <\/p>\n","protected":false},"excerpt":{"rendered":"<p>Her \u015fey, babas\u0131n\u0131n ona bir say\u0131 boncu\u011fu almas\u0131yla ba\u015flad\u0131. Sayg\u0131 say\u0131 saymay\u0131 \u00f6yle \u00e7ok sevdi ki, \u00f6nce i\u015fin dozunu ka\u00e7\u0131r\u0131p g\u00f6rd\u00fc\u011f\u00fc her \u015feyi saymaya ba\u015flad\u0131, sonra<span class=\"excerpt-hellip\"> [\u2026]<\/span><\/p>\n","protected":false},"featured_media":0,"template":"","meta":{"_monsterinsights_skip_tracking":false,"_monsterinsights_sitenote_active":false,"_monsterinsights_sitenote_note":"","_monsterinsights_sitenote_category":0},"product_brand":[],"product_cat":[12275,12274],"product_tag":[],"class_list":{"0":"post-695171","1":"product","2":"type-product","3":"status-publish","5":"product_cat-6-12-yas-kitaplari","6":"product_cat-cocuk-ve-genclik-kitaplari","7":"pa_cilt-ciltsiz","8":"pa_tur-kitap","9":"pa_yayinevi-bilgi-yayinevi-cocuk","10":"pa_yazar-hidayet-karakus","12":"first","13":"instock","14":"sale","15":"shipping-taxable","16":"purchasable","17":"product-type-simple"},"_links":{"self":[{"href":"https:\/\/roveyayinevi.com.tr\/index.php\/wp-json\/wp\/v2\/product\/695171","targetHints":{"allow":["GET"]}}],"collection":[{"href":"https:\/\/roveyayinevi.com.tr\/index.php\/wp-json\/wp\/v2\/product"}],"about":[{"href":"https:\/\/roveyayinevi.com.tr\/index.php\/wp-json\/wp\/v2\/types\/product"}],"wp:attachment":[{"href":"https:\/\/roveyayinevi.com.tr\/index.php\/wp-json\/wp\/v2\/media?parent=695171"}],"wp:term":[{"taxonomy":"product_brand","embeddable":true,"href":"https:\/\/roveyayinevi.com.tr\/index.php\/wp-json\/wp\/v2\/product_brand?post=695171"},{"taxonomy":"product_cat","embeddable":true,"href":"https:\/\/roveyayinevi.com.tr\/index.php\/wp-json\/wp\/v2\/product_cat?post=695171"},{"taxonomy":"product_tag","embeddable":true,"href":"https:\/\/roveyayinevi.com.tr\/index.php\/wp-json\/wp\/v2\/product_tag?post=695171"}],"curies":[{"name":"wp","href":"https:\/\/api.w.org\/{rel}","templated":true}]}}