{"id":695168,"date":"2025-08-27T14:26:29","date_gmt":"2025-08-27T11:26:29","guid":{"rendered":"https:\/\/roveyayinevi.com.tr\/index.php\/urun\/david-copperfield-5\/"},"modified":"2026-04-16T02:05:03","modified_gmt":"2026-04-15T23:05:03","slug":"david-copperfield-5","status":"publish","type":"product","link":"https:\/\/roveyayinevi.com.tr\/index.php\/urun\/david-copperfield-5\/","title":{"rendered":"David Copperfield"},"content":{"rendered":"<p>David Copperfield, Charles Dickens\u2019\u0131n en sevdi\u011fi roman\u0131d\u0131r. Romana ad\u0131n\u0131 veren \u00e7ocuk kahraman David\u2019in ya\u015fam\u0131 da yazar\u0131n ya\u015fam\u0131yla b\u00fcy\u00fck \u00f6l\u00e7\u00fcde benze\u015fir.\u00c7\u0131karc\u0131 ve despot bir \u00fcvey baba, sahte ili\u015fkilerin ya\u015fand\u0131\u011f\u0131 bir sosyete hayat\u0131, s\u0131n\u0131flara ayr\u0131lm\u0131\u015f bir ya\u015fam bi\u00e7imi ve bunlar\u0131n i\u00e7inde ger\u00e7ek sevgiye hasret bir \u00e7ocuk\u2026 <\/p>\n","protected":false},"excerpt":{"rendered":"<p>David Copperfield, Charles Dickens\u2019\u0131n en sevdi\u011fi roman\u0131d\u0131r. Romana ad\u0131n\u0131 veren \u00e7ocuk kahraman David\u2019in ya\u015fam\u0131 da yazar\u0131n ya\u015fam\u0131yla b\u00fcy\u00fck \u00f6l\u00e7\u00fcde benze\u015fir.\u00c7\u0131karc\u0131 ve despot bir \u00fcvey baba, sahte<span class=\"excerpt-hellip\"> [\u2026]<\/span><\/p>\n","protected":false},"featured_media":0,"template":"","meta":{"_monsterinsights_skip_tracking":false,"_monsterinsights_sitenote_active":false,"_monsterinsights_sitenote_note":"","_monsterinsights_sitenote_category":0},"product_brand":[],"product_cat":[12291,13872],"product_tag":[],"class_list":{"0":"post-695168","1":"product","2":"type-product","3":"status-publish","5":"product_cat-edebiyat","6":"product_cat-klasikler","7":"pa_cilt-ciltsiz","8":"pa_tur-kitap","9":"pa_yayinevi-bilgi-yayinevi-cocuk","10":"pa_yazar-charles-dickens","12":"first","13":"instock","14":"sale","15":"shipping-taxable","16":"purchasable","17":"product-type-simple"},"_links":{"self":[{"href":"https:\/\/roveyayinevi.com.tr\/index.php\/wp-json\/wp\/v2\/product\/695168","targetHints":{"allow":["GET"]}}],"collection":[{"href":"https:\/\/roveyayinevi.com.tr\/index.php\/wp-json\/wp\/v2\/product"}],"about":[{"href":"https:\/\/roveyayinevi.com.tr\/index.php\/wp-json\/wp\/v2\/types\/product"}],"wp:attachment":[{"href":"https:\/\/roveyayinevi.com.tr\/index.php\/wp-json\/wp\/v2\/media?parent=695168"}],"wp:term":[{"taxonomy":"product_brand","embeddable":true,"href":"https:\/\/roveyayinevi.com.tr\/index.php\/wp-json\/wp\/v2\/product_brand?post=695168"},{"taxonomy":"product_cat","embeddable":true,"href":"https:\/\/roveyayinevi.com.tr\/index.php\/wp-json\/wp\/v2\/product_cat?post=695168"},{"taxonomy":"product_tag","embeddable":true,"href":"https:\/\/roveyayinevi.com.tr\/index.php\/wp-json\/wp\/v2\/product_tag?post=695168"}],"curies":[{"name":"wp","href":"https:\/\/api.w.org\/{rel}","templated":true}]}}