{"id":695165,"date":"2025-08-27T14:26:28","date_gmt":"2025-08-27T11:26:28","guid":{"rendered":"https:\/\/roveyayinevi.com.tr\/index.php\/urun\/yanilgilar-ve-dusler-uzerine\/"},"modified":"2026-04-16T02:05:03","modified_gmt":"2026-04-15T23:05:03","slug":"yanilgilar-ve-dusler-uzerine","status":"publish","type":"product","link":"https:\/\/roveyayinevi.com.tr\/index.php\/urun\/yanilgilar-ve-dusler-uzerine\/","title":{"rendered":"Yan\u0131lg\u0131lar ve D\u00fc\u015fler \u00dczerine"},"content":{"rendered":"<p>Ge\u00e7mi\u015fin yeniden in\u015fas\u0131 bilindi\u011fi \u00fczere kolay de\u011fildir ama kesinlikle kabullenmemiz gereken bir \u015fey varsa izninizle b\u00f6yle bir espride bulunaca\u011f\u0131m 3000 y\u0131l hatta daha \u00f6nce ya\u015fam\u0131\u015f atalar\u0131m\u0131z\u0131n da bizler gibi d\u00fc\u015f g\u00f6rm\u00fc\u015f olmalar\u0131d\u0131r. Bildi\u011fimiz kadar\u0131yla, eski halklar\u0131n t\u00fcm\u00fc d\u00fc\u015flere b\u00fcy\u00fck \u00f6nem vermi\u015f, d\u00fc\u015flere pratikte i\u015fe yarar g\u00f6z\u00fcyle bakm\u0131\u015flard\u0131r. D\u00fc\u015flerden gelece\u011fe y\u00f6nelik i\u015faretler \u00e7\u0131karm\u0131\u015f, d\u00fc\u015flere dayanarak kehanetlerde bulunmu\u015flard\u0131r. G\u00fcn\u00fcm\u00fczde ke\u015fif u\u00e7aklar\u0131n\u0131n ke\u015fifleri olmadan nas\u0131l askeri bir harek\u00e2ta giri\u015filemiyorsa, Yunanl\u0131lar ve di\u011fer Do\u011fulu halklar da zaman zaman bir d\u00fc\u015f yorumcusuna ba\u015fvurmadan sefere \u00e7\u0131kmam\u0131\u015flard\u0131r.  Nedir \u015fu d\u00fc\u015f dedi\u011fimiz \u015fey? Tek c\u00fcmleyle bu soruyu yan\u0131tlamak g\u00fc\u00e7t\u00fcr. \u00d6te yandan, d\u00fc\u015f\u00fcn belli ba\u015fl\u0131 \u00f6zelliklerini saptamaya \u00e7al\u0131\u015fmaktan da geri kalmayaca\u011f\u0131z. En ba\u015fta yapmam\u0131z gereken, san\u0131r\u0131m b\u00fct\u00fcn d\u00fc\u015flerdeki ortak \u00f6zelli\u011fi ele ge\u00e7irmektir. B\u00fct\u00fcn d\u00fc\u015flerde ortak bir \u00f6zellik varsa, d\u00fc\u015f g\u00f6r\u00fcrken uyuyor olmam\u0131zd\u0131r. \u015euras\u0131 belli ki, d\u00fc\u015f uyku s\u0131ras\u0131nda ruhsal ya\u015fam\u0131 olu\u015fturmakta ve bu ruhsal ya\u015fam uyan\u0131k durumdaki ruhsal ya\u015famla baz\u0131 benzerlikleri i\u00e7erse de ondan b\u00fcy\u00fck farkl\u0131l\u0131klarla ayr\u0131lmaktad\u0131r. Antik\u00e7a\u011fda b\u00f6yleydi Aristoteles\u2019in d\u00fc\u015f tan\u0131m\u0131. Bir \u015fey s\u00f6ylemek isterken a\u011f\u0131zdan ba\u015fka bir \u015feyin \u00e7\u0131kmas\u0131, bir metni okurken orda olmayan ba\u015fka bir s\u00f6zc\u00fc\u011f\u00fcn telaffuzu, duyma sorunumuz olmamas\u0131na ra\u011fmen i\u015fitti\u011fimiz bir s\u00f6zc\u00fc\u011f\u00fc fark\u0131nda olmadan ba\u015fka bir s\u00f6zc\u00fck olarak alg\u0131lamak&#8230; Bir yanda, Freud\u2019un  biri engelleyen, di\u011feri de engellenen iki iste\u011fin \u00e7at\u0131\u015fmas\u0131  olarak tan\u0131mlad\u0131\u011f\u0131  yan\u0131lg\u0131lar ; di\u011fer yanda hem tam \u00e7\u00f6z\u00fcmlenemeyen hem de \u00fczerine d\u00fc\u015f\u00fcn\u00fclmesinden vazge\u00e7ilemeyen  d\u00fc\u015fler ; Yan\u0131lg\u0131lar ve D\u00fc\u015fler \u00dczerine, Freud\u2019un en \u00f6nemli eserlerinden birisi olan Psikanalize Giri\u015f Dersleri aras\u0131ndan se\u00e7ilmi\u015f derslerden olu\u015fuyor. <\/p>\n","protected":false},"excerpt":{"rendered":"<p>Ge\u00e7mi\u015fin yeniden in\u015fas\u0131 bilindi\u011fi \u00fczere kolay de\u011fildir ama kesinlikle kabullenmemiz gereken bir \u015fey varsa izninizle b\u00f6yle bir espride bulunaca\u011f\u0131m 3000 y\u0131l hatta daha \u00f6nce ya\u015fam\u0131\u015f atalar\u0131m\u0131z\u0131n<span class=\"excerpt-hellip\"> [\u2026]<\/span><\/p>\n","protected":false},"featured_media":0,"template":"","meta":{"_monsterinsights_skip_tracking":false,"_monsterinsights_sitenote_active":false,"_monsterinsights_sitenote_note":"","_monsterinsights_sitenote_category":0},"product_brand":[],"product_cat":[12312,12304],"product_tag":[],"class_list":{"0":"post-695165","1":"product","2":"type-product","3":"status-publish","5":"product_cat-diger","6":"product_cat-tarih","7":"pa_cilt-ciltsiz","8":"pa_tur-kitap","9":"pa_yayinevi-say-yayinlari","10":"pa_yazar-sigmund-freud","12":"first","13":"instock","14":"sale","15":"shipping-taxable","16":"purchasable","17":"product-type-simple"},"_links":{"self":[{"href":"https:\/\/roveyayinevi.com.tr\/index.php\/wp-json\/wp\/v2\/product\/695165","targetHints":{"allow":["GET"]}}],"collection":[{"href":"https:\/\/roveyayinevi.com.tr\/index.php\/wp-json\/wp\/v2\/product"}],"about":[{"href":"https:\/\/roveyayinevi.com.tr\/index.php\/wp-json\/wp\/v2\/types\/product"}],"wp:attachment":[{"href":"https:\/\/roveyayinevi.com.tr\/index.php\/wp-json\/wp\/v2\/media?parent=695165"}],"wp:term":[{"taxonomy":"product_brand","embeddable":true,"href":"https:\/\/roveyayinevi.com.tr\/index.php\/wp-json\/wp\/v2\/product_brand?post=695165"},{"taxonomy":"product_cat","embeddable":true,"href":"https:\/\/roveyayinevi.com.tr\/index.php\/wp-json\/wp\/v2\/product_cat?post=695165"},{"taxonomy":"product_tag","embeddable":true,"href":"https:\/\/roveyayinevi.com.tr\/index.php\/wp-json\/wp\/v2\/product_tag?post=695165"}],"curies":[{"name":"wp","href":"https:\/\/api.w.org\/{rel}","templated":true}]}}