{"id":695163,"date":"2025-08-27T14:26:28","date_gmt":"2025-08-27T11:26:28","guid":{"rendered":"https:\/\/roveyayinevi.com.tr\/index.php\/urun\/din-sosyolojisi\/"},"modified":"2026-04-16T02:05:03","modified_gmt":"2026-04-15T23:05:03","slug":"din-sosyolojisi","status":"publish","type":"product","link":"https:\/\/roveyayinevi.com.tr\/index.php\/urun\/din-sosyolojisi\/","title":{"rendered":"Din Sosyolojisi"},"content":{"rendered":"<p>Yeni-Hegelci olarak tan\u0131nmakla birlikte, Marx, Dilthey, Husserl, Max Weber ve Simmel&#8217;den de etkilenen Hans Freyer toplum felsefesine ve \u00f6zellikle bir ger\u00e7eklik bilimi olarak toplumbilimi&#8217;nin ana yolunda geli\u015fmesine yarat\u0131c\u0131 ve yorulmaz \u00e7al\u0131\u015fmalar\u0131yla \u00f6nemli katk\u0131larda bulundu. Freyer, Ger\u00e7eklik Bilimi Olarak Toplumbilimi (Soziologie als Wirtschaftswissenschaft,1930) adl\u0131 eserini yay\u0131mlad\u0131\u011f\u0131 y\u0131l; Alman dinbilimci ve din sosyolojisinin \u00f6nde gelen bir ad\u0131, Joachim Wach, Din Sosyolojisine Giri\u015f (Einfu\u0308hrung in die Religionssoziologie, 1930) eserini Freyer&#8217;e ithaf ediyordu. Bundan sekiz y\u0131l sonra Latin Amerika&#8217;da Buenos Aires \u00dcniversitesi&#8217;nden toplumbilimci Alfredo Povina, Freyer&#8217;den etkiler ta\u015f\u0131yan Ger\u00e7eklik Bilimi Olarak Toplumbilimi (Sociologia come ciencia de realidad, 1939)&#8217;ni yay\u0131mlad\u0131. 1950&#8217;li y\u0131llarda \u0130stanbul ve \u00f6zellikle Ankara \u00dcniversitesi&#8217;nde onun y\u0131llarca hizmetleri, sosyolojiyi ger\u00e7eklik bilimi anlay\u0131\u015f\u0131na kavu\u015fturmada Tu\u0308rkiye i\u00e7in bu\u0308yu\u0308k bir imk\u00e2nd\u0131. Hans Freyer&#8217;in Tu\u0308rkiye&#8217;deki verimli \u00e7al\u0131\u015fmalar\u0131n\u0131n ba\u015fka bir u\u0308ru\u0308nu\u0308 olan Din Sosyolojisi kitab\u0131, tan\u0131mlanmas\u0131,bir \u00e7er\u00e7eve \u00e7izilmesi zor bir alanda konunun nas\u0131l ele al\u0131nmas\u0131 gerekti\u011fi ile ilgili toplumlar\u0131n maddi ve manevi geni\u015f etkile\u015fim sahalar\u0131na girerek ciddi bir perspektif sunuyor. \ufffcTan\u0131t\u0131m Metni<\/p>\n","protected":false},"excerpt":{"rendered":"<p>Yeni-Hegelci olarak tan\u0131nmakla birlikte, Marx, Dilthey, Husserl, Max Weber ve Simmel&#8217;den de etkilenen Hans Freyer toplum felsefesine ve \u00f6zellikle bir ger\u00e7eklik bilimi olarak toplumbilimi&#8217;nin ana yolunda<span class=\"excerpt-hellip\"> [\u2026]<\/span><\/p>\n","protected":false},"featured_media":0,"template":"","meta":{"_monsterinsights_skip_tracking":false,"_monsterinsights_sitenote_active":false,"_monsterinsights_sitenote_note":"","_monsterinsights_sitenote_category":0},"product_brand":[],"product_cat":[16789,12718,12719],"product_tag":[],"class_list":{"0":"post-695163","1":"product","2":"type-product","3":"status-publish","5":"product_cat-diger-islam","6":"product_cat-din","7":"product_cat-islam","8":"pa_cilt-ciltsiz","9":"pa_tur-dergi","10":"pa_yayinevi-dogu-bati-yayinlari","11":"pa_yazar-hans-freyer","13":"first","14":"instock","15":"sale","16":"shipping-taxable","17":"purchasable","18":"product-type-simple"},"_links":{"self":[{"href":"https:\/\/roveyayinevi.com.tr\/index.php\/wp-json\/wp\/v2\/product\/695163","targetHints":{"allow":["GET"]}}],"collection":[{"href":"https:\/\/roveyayinevi.com.tr\/index.php\/wp-json\/wp\/v2\/product"}],"about":[{"href":"https:\/\/roveyayinevi.com.tr\/index.php\/wp-json\/wp\/v2\/types\/product"}],"wp:attachment":[{"href":"https:\/\/roveyayinevi.com.tr\/index.php\/wp-json\/wp\/v2\/media?parent=695163"}],"wp:term":[{"taxonomy":"product_brand","embeddable":true,"href":"https:\/\/roveyayinevi.com.tr\/index.php\/wp-json\/wp\/v2\/product_brand?post=695163"},{"taxonomy":"product_cat","embeddable":true,"href":"https:\/\/roveyayinevi.com.tr\/index.php\/wp-json\/wp\/v2\/product_cat?post=695163"},{"taxonomy":"product_tag","embeddable":true,"href":"https:\/\/roveyayinevi.com.tr\/index.php\/wp-json\/wp\/v2\/product_tag?post=695163"}],"curies":[{"name":"wp","href":"https:\/\/api.w.org\/{rel}","templated":true}]}}