{"id":695161,"date":"2025-08-27T14:26:28","date_gmt":"2025-08-27T11:26:28","guid":{"rendered":"https:\/\/roveyayinevi.com.tr\/index.php\/urun\/incirlik-ussu-abdnin-us-politikasi-ve-turkiye\/"},"modified":"2026-04-16T02:05:03","modified_gmt":"2026-04-15T23:05:03","slug":"incirlik-ussu-abdnin-us-politikasi-ve-turkiye","status":"publish","type":"product","link":"https:\/\/roveyayinevi.com.tr\/index.php\/urun\/incirlik-ussu-abdnin-us-politikasi-ve-turkiye\/","title":{"rendered":"\u0130ncirlik \u00dcss\u00fc: ABD&#8217;nin \u00dcs Politikas\u0131 ve T\u00fcrkiye"},"content":{"rendered":"<p>\u0130kinci D\u00fcnya Sava\u015f\u0131 bitti\u011finde Amerika, hemen t\u00fcm d\u00fcnyada sempatiyle an\u0131l\u0131yor; iyiliksever, koruyucu ve kurtar\u0131c\u0131 bir imgeyle hat\u0131rlan\u0131yordu. Farkl\u0131 b\u00f6lge ve \u00fclkelerde, Amerikan asker\u00ee \u00fcsleri h\u0131zla kurulup yayg\u0131nla\u015ft\u0131. Amerika, b\u00fcy\u00fck tehlike Sovyetler\u2019e kar\u015f\u0131 k\u00fc\u00e7\u00fck karde\u015flerinin yan\u0131ndayd\u0131. So\u011fuk Sava\u015f\u2019la birlikte ba\u015fkala\u015fan global siyaset dengesi, bu imgeyi a\u015famal\u0131 olarak de\u011fi\u015ftirdi. Deniza\u015f\u0131r\u0131 Amerikan \u00fcslerinin \u00e7o\u011falmas\u0131, altm\u0131\u015fl\u0131 y\u0131llardan itibaren yerel ve milliyet\u00e7i tepkiler yarat\u0131r oldu. \u00dcslerin ba\u015flang\u0131\u00e7ta belli noktalardaki asker\u00ee kuvvetlere lojistik destek vermekten ve kuvvetlerin yeni b\u00f6lgelere eri\u015fiminde yard\u0131mc\u0131 olmaktan ba\u015fka bir rolleri olmad\u0131\u011f\u0131 iddia ediliyordu. Sonralar\u0131 ayn\u0131 \u00fcslerin, \u00f6zellikle anla\u015fmazl\u0131k hallerinde ve siyasi tansiyon y\u00fckseldi\u011finde ev sahibi h\u00fck\u00fcmetlere y\u00f6nelik bask\u0131 ara\u00e7lar\u0131na d\u00f6n\u00fc\u015ft\u00fc\u011f\u00fc anla\u015f\u0131ld\u0131. Amerikan \u00fcsleri siyasi tart\u0131\u015fmalar\u0131n merkezine ta\u015f\u0131nd\u0131, sol ve milliyet\u00e7i politikalar\u0131n hedeflerine d\u00f6n\u00fc\u015ft\u00fc. Vakti zaman\u0131nda Demirel,  T\u00fcrkiye\u2019de \u00fcs yok, tesis var,  a\u00e7\u0131klamas\u0131n\u0131 yaparken, tam da b\u00f6ylesi bir noktada konu\u015fuyor, kendini savunmak zorunda kal\u0131yordu. \u0130ncirlik \u00dcss\u00fc, T\u00fcrkiye\u2019deki Amerikan kar\u015f\u0131tl\u0131\u011f\u0131n\u0131n, d\u0131\u015f politika tart\u0131\u015fmalar\u0131n\u0131n kritik bir ve\u00e7hesi olmu\u015f ve a\u00e7\u0131k\u00e7a \u00fclkedeki Amerikan varl\u0131\u011f\u0131yla \u00f6zde\u015fle\u015fmi\u015ftir. Selin M. B\u00f6lme, \u0130ncirlik \u00dcss\u00fc\u2019n\u00fc anlat\u0131rken, de\u011fi\u015fen siyasi d\u00f6nemleri, T\u00fcrkiye tarihini ve \u0130kinci D\u00fcnya Sava\u015f\u0131 sonras\u0131nda ABD\u2019nin in\u015fa etti\u011fi hegemonyay\u0131 irdeliyor. Titiz, sab\u0131rl\u0131, mesafeli bir tutumla yan\u0131 ba\u015f\u0131m\u0131zdaki Amerika\u2019y\u0131, T\u00fcrk-Amerikan ili\u015fkilerini tart\u0131\u015f\u0131yor. \u0130ddial\u0131, iddias\u0131n\u0131n hakk\u0131n\u0131 veren de\u011ferli bir \u00e7al\u0131\u015fma. <\/p>\n","protected":false},"excerpt":{"rendered":"<p>\u0130kinci D\u00fcnya Sava\u015f\u0131 bitti\u011finde Amerika, hemen t\u00fcm d\u00fcnyada sempatiyle an\u0131l\u0131yor; iyiliksever, koruyucu ve kurtar\u0131c\u0131 bir imgeyle hat\u0131rlan\u0131yordu. Farkl\u0131 b\u00f6lge ve \u00fclkelerde, Amerikan asker\u00ee \u00fcsleri h\u0131zla kurulup<span class=\"excerpt-hellip\"> [\u2026]<\/span><\/p>\n","protected":false},"featured_media":0,"template":"","meta":{"_monsterinsights_skip_tracking":false,"_monsterinsights_sitenote_active":false,"_monsterinsights_sitenote_note":"","_monsterinsights_sitenote_category":0},"product_brand":[],"product_cat":[12312,12304],"product_tag":[],"class_list":{"0":"post-695161","1":"product","2":"type-product","3":"status-publish","5":"product_cat-diger","6":"product_cat-tarih","7":"pa_cilt-ciltsiz","8":"pa_tur-kitap","9":"pa_yayinevi-iletisim-yayinlari","10":"pa_yazar-selin-m-bolme","12":"first","13":"instock","14":"sale","15":"shipping-taxable","16":"purchasable","17":"product-type-simple"},"_links":{"self":[{"href":"https:\/\/roveyayinevi.com.tr\/index.php\/wp-json\/wp\/v2\/product\/695161","targetHints":{"allow":["GET"]}}],"collection":[{"href":"https:\/\/roveyayinevi.com.tr\/index.php\/wp-json\/wp\/v2\/product"}],"about":[{"href":"https:\/\/roveyayinevi.com.tr\/index.php\/wp-json\/wp\/v2\/types\/product"}],"wp:attachment":[{"href":"https:\/\/roveyayinevi.com.tr\/index.php\/wp-json\/wp\/v2\/media?parent=695161"}],"wp:term":[{"taxonomy":"product_brand","embeddable":true,"href":"https:\/\/roveyayinevi.com.tr\/index.php\/wp-json\/wp\/v2\/product_brand?post=695161"},{"taxonomy":"product_cat","embeddable":true,"href":"https:\/\/roveyayinevi.com.tr\/index.php\/wp-json\/wp\/v2\/product_cat?post=695161"},{"taxonomy":"product_tag","embeddable":true,"href":"https:\/\/roveyayinevi.com.tr\/index.php\/wp-json\/wp\/v2\/product_tag?post=695161"}],"curies":[{"name":"wp","href":"https:\/\/api.w.org\/{rel}","templated":true}]}}