{"id":695156,"date":"2025-08-27T14:26:26","date_gmt":"2025-08-27T11:26:26","guid":{"rendered":"https:\/\/roveyayinevi.com.tr\/index.php\/urun\/felaket-henry-kralice-ile-tanisiyor\/"},"modified":"2026-01-21T02:07:48","modified_gmt":"2026-01-20T23:07:48","slug":"felaket-henry-kralice-ile-tanisiyor","status":"publish","type":"product","link":"https:\/\/roveyayinevi.com.tr\/index.php\/urun\/felaket-henry-kralice-ile-tanisiyor\/","title":{"rendered":"Felaket Henry Krali\u00e7e ile Tan\u0131\u015f\u0131yor"},"content":{"rendered":"<p>Haylaz m\u0131 haylaz&#8230; Yaramaz m\u0131 yaramaz&#8230; \u0130\u015fte Felaket Henry&#8230;  Yine tad\u0131na doyulmaz bir Felaket Henry maceras\u0131. Felaket Henry Krali\u00e7e ile Tan\u0131\u015f\u0131yor\u2019da, Henry ev i\u015flerini kolay yoldan halletmek i\u00e7in bir robot s\u00fcp\u00fcrge icat ediyor; Margaret\u2019\u0131 hipnotize ederek onu k\u00f6le olarak kullan\u0131yor; banyo saatinde Peter\u2019dan kurtulmak i\u00e7in T\u0131pa Canavar\u0131\u2019n\u0131 yard\u0131ma \u00e7a\u011f\u0131r\u0131yor; nihayet Krali\u00e7e okulu ziyarete geldi\u011finde, onunla tan\u0131\u015fmak i\u00e7in t\u00fcrl\u00fc numaralar \u00e7eviriyor. <\/p>\n","protected":false},"excerpt":{"rendered":"<p>Haylaz m\u0131 haylaz&#8230; Yaramaz m\u0131 yaramaz&#8230; \u0130\u015fte Felaket Henry&#8230; Yine tad\u0131na doyulmaz bir Felaket Henry maceras\u0131. Felaket Henry Krali\u00e7e ile Tan\u0131\u015f\u0131yor\u2019da, Henry ev i\u015flerini kolay yoldan<span class=\"excerpt-hellip\"> [\u2026]<\/span><\/p>\n","protected":false},"featured_media":0,"template":"","meta":{"_monsterinsights_skip_tracking":false,"_monsterinsights_sitenote_active":false,"_monsterinsights_sitenote_note":"","_monsterinsights_sitenote_category":0},"product_brand":[],"product_cat":[12274,12284],"product_tag":[],"class_list":{"0":"post-695156","1":"product","2":"type-product","3":"status-publish","5":"product_cat-cocuk-ve-genclik-kitaplari","6":"product_cat-hikayeler","7":"pa_cilt-ciltsiz","8":"pa_tur-kitap","9":"pa_yayinevi-iletisim-yayinlari","10":"pa_yazar-francesca-simon","12":"first","13":"instock","14":"sale","15":"shipping-taxable","16":"purchasable","17":"product-type-simple"},"_links":{"self":[{"href":"https:\/\/roveyayinevi.com.tr\/index.php\/wp-json\/wp\/v2\/product\/695156","targetHints":{"allow":["GET"]}}],"collection":[{"href":"https:\/\/roveyayinevi.com.tr\/index.php\/wp-json\/wp\/v2\/product"}],"about":[{"href":"https:\/\/roveyayinevi.com.tr\/index.php\/wp-json\/wp\/v2\/types\/product"}],"wp:attachment":[{"href":"https:\/\/roveyayinevi.com.tr\/index.php\/wp-json\/wp\/v2\/media?parent=695156"}],"wp:term":[{"taxonomy":"product_brand","embeddable":true,"href":"https:\/\/roveyayinevi.com.tr\/index.php\/wp-json\/wp\/v2\/product_brand?post=695156"},{"taxonomy":"product_cat","embeddable":true,"href":"https:\/\/roveyayinevi.com.tr\/index.php\/wp-json\/wp\/v2\/product_cat?post=695156"},{"taxonomy":"product_tag","embeddable":true,"href":"https:\/\/roveyayinevi.com.tr\/index.php\/wp-json\/wp\/v2\/product_tag?post=695156"}],"curies":[{"name":"wp","href":"https:\/\/api.w.org\/{rel}","templated":true}]}}