{"id":695155,"date":"2025-08-27T14:26:26","date_gmt":"2025-08-27T11:26:26","guid":{"rendered":"https:\/\/roveyayinevi.com.tr\/index.php\/urun\/felaket-henry-evin-patronu\/"},"modified":"2025-11-22T02:39:22","modified_gmt":"2025-11-21T23:39:22","slug":"felaket-henry-evin-patronu","status":"publish","type":"product","link":"https:\/\/roveyayinevi.com.tr\/index.php\/urun\/felaket-henry-evin-patronu\/","title":{"rendered":"Felaket Henry Evin patronu"},"content":{"rendered":"<p>Felaket Henry\u2019nin aile \u00fcyelerini \u00e7ileden \u00e7\u0131kartan en az\u0131l\u0131 yaramazl\u0131klar\u0131! Felaket Henry\u2019nin evde ailesiyle birlikteyken nas\u0131l ortal\u0131\u011f\u0131n alt\u0131n\u0131 \u00fcst\u00fcne getirdi\u011fini hi\u00e7 merak ettiniz mi? O halde bu kitap tam size g\u00f6re. Felaket Henry\u2019nin evde u\u011frad\u0131\u011f\u0131 haks\u0131zl\u0131klar art\u0131k can\u0131na tak etmi\u015fti. Annesi ile babas\u0131 onu s\u00fcrekli istemedi\u011fi \u015feyler yapmaya zorluyordu. Karde\u015fi Peter ise ayak alt\u0131nda dola\u015f\u0131yor, Henry\u2019ye bir an olsun rahat vermiyordu. Henry bu \u015fekilde daha fazla ya\u015fayamayaca\u011f\u0131na karar verdi, evin patronunun kim oldu\u011funu herkese g\u00f6sterecekti! Felaket Henry\u2019nin aile \u00fcyeleriyle maceralar\u0131 yepyeni ve renkli resimlerle bu kitapta! Ayr\u0131ca aile alb\u00fcm\u00fcnden se\u00e7ilmi\u015f en e\u011flenceli foto\u011fraflar\u0131n ve en gizli aile s\u0131rlar\u0131n\u0131n da yer ald\u0131\u011f\u0131 bu kitap, Felaket Henry\u2019nin ailesini yak\u0131ndan tan\u0131mak i\u00e7in harika bir f\u0131rsat. <\/p>\n","protected":false},"excerpt":{"rendered":"<p>Felaket Henry\u2019nin aile \u00fcyelerini \u00e7ileden \u00e7\u0131kartan en az\u0131l\u0131 yaramazl\u0131klar\u0131! Felaket Henry\u2019nin evde ailesiyle birlikteyken nas\u0131l ortal\u0131\u011f\u0131n alt\u0131n\u0131 \u00fcst\u00fcne getirdi\u011fini hi\u00e7 merak ettiniz mi? O halde bu<span class=\"excerpt-hellip\"> [\u2026]<\/span><\/p>\n","protected":false},"featured_media":0,"template":"","meta":{"_monsterinsights_skip_tracking":false,"_monsterinsights_sitenote_active":false,"_monsterinsights_sitenote_note":"","_monsterinsights_sitenote_category":0},"product_brand":[],"product_cat":[12274,12284],"product_tag":[],"class_list":{"0":"post-695155","1":"product","2":"type-product","3":"status-publish","5":"product_cat-cocuk-ve-genclik-kitaplari","6":"product_cat-hikayeler","7":"pa_cilt-ciltsiz","8":"pa_tur-kitap","9":"pa_yayinevi-iletisim-yayinlari","10":"pa_yazar-francesca-simon","12":"first","13":"instock","14":"sale","15":"shipping-taxable","16":"purchasable","17":"product-type-simple"},"_links":{"self":[{"href":"https:\/\/roveyayinevi.com.tr\/index.php\/wp-json\/wp\/v2\/product\/695155","targetHints":{"allow":["GET"]}}],"collection":[{"href":"https:\/\/roveyayinevi.com.tr\/index.php\/wp-json\/wp\/v2\/product"}],"about":[{"href":"https:\/\/roveyayinevi.com.tr\/index.php\/wp-json\/wp\/v2\/types\/product"}],"wp:attachment":[{"href":"https:\/\/roveyayinevi.com.tr\/index.php\/wp-json\/wp\/v2\/media?parent=695155"}],"wp:term":[{"taxonomy":"product_brand","embeddable":true,"href":"https:\/\/roveyayinevi.com.tr\/index.php\/wp-json\/wp\/v2\/product_brand?post=695155"},{"taxonomy":"product_cat","embeddable":true,"href":"https:\/\/roveyayinevi.com.tr\/index.php\/wp-json\/wp\/v2\/product_cat?post=695155"},{"taxonomy":"product_tag","embeddable":true,"href":"https:\/\/roveyayinevi.com.tr\/index.php\/wp-json\/wp\/v2\/product_tag?post=695155"}],"curies":[{"name":"wp","href":"https:\/\/api.w.org\/{rel}","templated":true}]}}