{"id":695151,"date":"2025-08-27T14:26:25","date_gmt":"2025-08-27T11:26:25","guid":{"rendered":"https:\/\/roveyayinevi.com.tr\/index.php\/urun\/evrimsel-biyoloji-yazilari\/"},"modified":"2026-04-16T02:05:03","modified_gmt":"2026-04-15T23:05:03","slug":"evrimsel-biyoloji-yazilari","status":"publish","type":"product","link":"https:\/\/roveyayinevi.com.tr\/index.php\/urun\/evrimsel-biyoloji-yazilari\/","title":{"rendered":"Evrimsel Biyoloji Yaz\u0131lar\u0131"},"content":{"rendered":"<p>Evrimsel Biyoloji Yaz\u0131lar\u0131, i\u00e7eri\u011fiyle evrimsel biyolojinin bilimsel kapsam\u0131n\u0131 \u00f6zetleyen bir b\u00fct\u00fcn sunmaktad\u0131r. Kitapta s\u00f6z\u00fc edilen konular evrimsel biyolojinin tarihsel geli\u015fiminden, ilgili oldu\u011fu teknik ana ba\u015fl\u0131klara kadar uzand\u0131\u011f\u0131 i\u00e7in kitap evrimsel biyolojiye bir giri\u015f niteli\u011findedir. Kitap, evrimsel biyolojinin tarihinin \u00f6zetlendi\u011fi bir b\u00f6l\u00fcmle ba\u015flay\u0131p, T\u00fcrlerin K\u00f6keni\u2019nde dile getirilmi\u015f do\u011fal se\u00e7ilim alg\u0131s\u0131n\u0131n tarihsel ve modern y\u00fczlerine de\u011finen ve se\u00e7ilimin bir sonucu olan adaptasyonu se\u00e7ilmi\u015f a\u00e7\u0131k \u00f6rneklerle izah eden iki temel b\u00f6l\u00fcmle devam ediyor. Ard\u0131ndan canl\u0131n\u0131n embriyonik geli\u015fiminin, ortak k\u00f6ken ve se\u00e7ilimle t\u00fcreme ba\u011flamlarmdan ba\u011f\u0131ms\u0131z olamayaca\u011f\u0131n\u0131, asl\u0131nda pek \u00e7ok evrimsel yenili\u011fin geli\u015fimsel genetik de\u011fi\u015fimin sonucu oldu\u011funu vurgulayan evrimsel geli\u015fim biyolojisini \u00f6rneklerle tan\u0131tan bir b\u00f6l\u00fcm geliyor. Bunu, insanl\u0131\u011f\u0131n ortak k\u00f6ken ili\u015fkisinin \u00e7er\u00e7evesini \u00e7izen Afrika k\u0131tas\u0131ndan \u00e7\u0131k\u0131\u015f hipotezinin do\u011fal bir sonucu olarak &#8220;\u0131rk&#8221; kavram\u0131n\u0131n biyolojik ge\u00e7ersizli\u011fini ortaya koyan b\u00f6l\u00fcm izliyor. Irk kavram\u0131yla yap\u0131lan insan s\u0131n\u0131fland\u0131rmas\u0131n\u0131n ge\u00e7ersiz k\u0131l\u0131nmas\u0131 ve \u0131rk\u00e7\u0131l\u0131\u011f\u0131n bu nedenle temelsiz yap\u0131s\u0131n\u0131n ortaya konmas\u0131 evrimsel biyolojinin tipik bir ba\u015far\u0131s\u0131 olarak kar\u015f\u0131m\u0131za \u00e7\u0131k\u0131yor. Kitap, temel evrimsel biyolojik yakla\u015f\u0131mlar ile &#8220;yarat\u0131l\u0131\u015f\u00e7\u0131 savlar\u0131&#8221; kar\u015f\u0131la\u015ft\u0131ran bir b\u00f6l\u00fcmle de sona ermektedir. <\/p>\n","protected":false},"excerpt":{"rendered":"<p>Evrimsel Biyoloji Yaz\u0131lar\u0131, i\u00e7eri\u011fiyle evrimsel biyolojinin bilimsel kapsam\u0131n\u0131 \u00f6zetleyen bir b\u00fct\u00fcn sunmaktad\u0131r. Kitapta s\u00f6z\u00fc edilen konular evrimsel biyolojinin tarihsel geli\u015fiminden, ilgili oldu\u011fu teknik ana ba\u015fl\u0131klara kadar<span class=\"excerpt-hellip\"> [\u2026]<\/span><\/p>\n","protected":false},"featured_media":0,"template":"","meta":{"_monsterinsights_skip_tracking":false,"_monsterinsights_sitenote_active":false,"_monsterinsights_sitenote_note":"","_monsterinsights_sitenote_category":0},"product_brand":[],"product_cat":[13005,13010],"product_tag":[],"class_list":{"0":"post-695151","1":"product","2":"type-product","3":"status-publish","5":"product_cat-bilim-muhendislik","6":"product_cat-doga-bilimleri","7":"pa_cilt-ciltsiz","8":"pa_tur-kitap","9":"pa_yayinevi-bilgesu-yayincilik","10":"pa_yazar-ergi-deniz-ozsoy","12":"first","13":"instock","14":"sale","15":"shipping-taxable","16":"purchasable","17":"product-type-simple"},"_links":{"self":[{"href":"https:\/\/roveyayinevi.com.tr\/index.php\/wp-json\/wp\/v2\/product\/695151","targetHints":{"allow":["GET"]}}],"collection":[{"href":"https:\/\/roveyayinevi.com.tr\/index.php\/wp-json\/wp\/v2\/product"}],"about":[{"href":"https:\/\/roveyayinevi.com.tr\/index.php\/wp-json\/wp\/v2\/types\/product"}],"wp:attachment":[{"href":"https:\/\/roveyayinevi.com.tr\/index.php\/wp-json\/wp\/v2\/media?parent=695151"}],"wp:term":[{"taxonomy":"product_brand","embeddable":true,"href":"https:\/\/roveyayinevi.com.tr\/index.php\/wp-json\/wp\/v2\/product_brand?post=695151"},{"taxonomy":"product_cat","embeddable":true,"href":"https:\/\/roveyayinevi.com.tr\/index.php\/wp-json\/wp\/v2\/product_cat?post=695151"},{"taxonomy":"product_tag","embeddable":true,"href":"https:\/\/roveyayinevi.com.tr\/index.php\/wp-json\/wp\/v2\/product_tag?post=695151"}],"curies":[{"name":"wp","href":"https:\/\/api.w.org\/{rel}","templated":true}]}}