{"id":695149,"date":"2025-08-27T14:26:25","date_gmt":"2025-08-27T11:26:25","guid":{"rendered":"https:\/\/roveyayinevi.com.tr\/index.php\/urun\/denizler-altinda-20000-fersah\/"},"modified":"2026-04-16T02:05:03","modified_gmt":"2026-04-15T23:05:03","slug":"denizler-altinda-20000-fersah","status":"publish","type":"product","link":"https:\/\/roveyayinevi.com.tr\/index.php\/urun\/denizler-altinda-20000-fersah\/","title":{"rendered":"Denizler Alt\u0131nda 20000 Fersah"},"content":{"rendered":"<p>Profes\u00f6r Aronnaks ve iki arkada\u015f\u0131 bu olay\u0131 ara\u015ft\u0131ran gemiyle yola \u00e7\u0131karlar. Sonunda s\u00f6z\u00fc edilen canavarla kar\u015f\u0131la\u015f\u0131rlar. Canavar gemiye sald\u0131r\u0131r ve kahramanlar\u0131m\u0131z denize d\u00fc\u015ferler. Sonra da kendilerini canavar zannedilen \u015feyin \u00fczerinde bulurlar. Bu bir denizalt\u0131d\u0131r. \u0130\u015fte b\u00f6ylece Kaptan Nemo&#8217;nun \u00fcnl\u00fc denizalt\u0131s\u0131 Natil\u00fcs&#8217;deki inan\u0131lmaz m\u00e2cera ba\u015flar. \ufffcTan\u0131t\u0131m Metni<\/p>\n","protected":false},"excerpt":{"rendered":"<p>Profes\u00f6r Aronnaks ve iki arkada\u015f\u0131 bu olay\u0131 ara\u015ft\u0131ran gemiyle yola \u00e7\u0131karlar. Sonunda s\u00f6z\u00fc edilen canavarla kar\u015f\u0131la\u015f\u0131rlar. Canavar gemiye sald\u0131r\u0131r ve kahramanlar\u0131m\u0131z denize d\u00fc\u015ferler. Sonra da kendilerini<span class=\"excerpt-hellip\"> [\u2026]<\/span><\/p>\n","protected":false},"featured_media":0,"template":"","meta":{"_monsterinsights_skip_tracking":false,"_monsterinsights_sitenote_active":false,"_monsterinsights_sitenote_note":"","_monsterinsights_sitenote_category":0},"product_brand":[],"product_cat":[12274,12284],"product_tag":[],"class_list":{"0":"post-695149","1":"product","2":"type-product","3":"status-publish","5":"product_cat-cocuk-ve-genclik-kitaplari","6":"product_cat-hikayeler","7":"pa_cilt-ciltsiz","8":"pa_tur-kitap","9":"pa_yayinevi-timas-cocuk","10":"pa_yazar-jules-verne","12":"first","13":"instock","14":"sale","15":"shipping-taxable","16":"purchasable","17":"product-type-simple"},"_links":{"self":[{"href":"https:\/\/roveyayinevi.com.tr\/index.php\/wp-json\/wp\/v2\/product\/695149","targetHints":{"allow":["GET"]}}],"collection":[{"href":"https:\/\/roveyayinevi.com.tr\/index.php\/wp-json\/wp\/v2\/product"}],"about":[{"href":"https:\/\/roveyayinevi.com.tr\/index.php\/wp-json\/wp\/v2\/types\/product"}],"wp:attachment":[{"href":"https:\/\/roveyayinevi.com.tr\/index.php\/wp-json\/wp\/v2\/media?parent=695149"}],"wp:term":[{"taxonomy":"product_brand","embeddable":true,"href":"https:\/\/roveyayinevi.com.tr\/index.php\/wp-json\/wp\/v2\/product_brand?post=695149"},{"taxonomy":"product_cat","embeddable":true,"href":"https:\/\/roveyayinevi.com.tr\/index.php\/wp-json\/wp\/v2\/product_cat?post=695149"},{"taxonomy":"product_tag","embeddable":true,"href":"https:\/\/roveyayinevi.com.tr\/index.php\/wp-json\/wp\/v2\/product_tag?post=695149"}],"curies":[{"name":"wp","href":"https:\/\/api.w.org\/{rel}","templated":true}]}}