{"id":695147,"date":"2025-08-27T14:26:24","date_gmt":"2025-08-27T11:26:24","guid":{"rendered":"https:\/\/roveyayinevi.com.tr\/index.php\/urun\/erzurum-yolculugu\/"},"modified":"2026-04-16T02:05:03","modified_gmt":"2026-04-15T23:05:03","slug":"erzurum-yolculugu","status":"publish","type":"product","link":"https:\/\/roveyayinevi.com.tr\/index.php\/urun\/erzurum-yolculugu\/","title":{"rendered":"Erzurum Yolculu\u011fu"},"content":{"rendered":"<p>1828\u2019de s\u00fcrg\u00fcndeki asker arkada\u015flar\u0131n\u0131 g\u00f6rmek \u00fczere Kafkasya\u2019ya giden Pu\u015fkin, hepsinin Osmanl\u0131lar \u00fczerine d\u00fczenlenen sefere kat\u0131ld\u0131\u011f\u0131n\u0131 \u00f6\u011frenir. Az bilinen diyarlar\u0131 g\u00f6rmek ve bir sava\u015fa tan\u0131k olmak i\u00e7in, sivil olarak orduya kat\u0131l\u0131r. Yolculuk boyunca eskizler \u00e7izer ve bir k\u0131sm\u0131n\u0131 d\u00f6n\u00fc\u015f\u00fcnde yay\u0131mlayaca\u011f\u0131 notlar tutar. Ancak notlar\u0131n\u0131 k\u0131smen yay\u0131mlad\u0131\u011f\u0131nda ele\u015ftirilir. Oysa her zamanki objektifli\u011fiyle ve insanc\u0131ll\u0131\u011f\u0131yla tan\u0131k olduklar\u0131n\u0131, g\u00f6rd\u00fc\u011f\u00fc yerleri ve tan\u0131d\u0131\u011f\u0131 insanlar\u0131 anlatmaktad\u0131r: Erzurum Seraskeri Salih Pa\u015fa, Pa\u015fa&#8217;n\u0131n e\u015fi, Rus ordular\u0131 kumandan\u0131 General Paskevi\u00e7, yolda vurulmu\u015f yatan gen\u00e7 T\u00fcrk Askeri, Tellak Hasan&#8230; Hepsi de Pu\u015fkin&#8217;in g\u00f6z\u00fcnde insan olarak hakettikleri de\u011fer bulur; \u00f6vg\u00fc ya da yergi konusu olmazlar. Bu yal\u0131n yakla\u015f\u0131m\u0131n, kendi \u00fclkesini yeterince y\u00fcceltmemekle ele\u015ftirilmesi \u00fczerine Pu\u015fkin \u00f6l\u00fcm\u00fcnden bir y\u0131l \u00f6nce t\u00fcm notlar\u0131n\u0131 yay\u0131mlar. Pu\u015fkin Ni\u015fan\u0131 sahibi Ataol Behramo\u011flu&#8217;nun notlarla zenginle\u015ftirilmi\u015f ve el yazmas\u0131n\u0131n yay\u0131mlanmam\u0131\u015f b\u00f6l\u00fcmlerini de i\u00e7eren \u00e7evirisi, 1829 Anasolusu&#8217;na e\u015fsiz bir tan\u0131kl\u0131k&#8230; Aleksandr Sergenyevi\u00e7 Pu\u015fkin (1799-1837) Moskova&#8217;da soylu bir ailenin \u00e7ocu\u011fu olarak do\u011fdu. anne taraf\u0131ndan Orta Afrikal\u0131&#8217;yd\u0131. 11 ya\u015f\u0131ndayken Frans\u0131z edebiyat\u0131n\u0131 neredeyse hatmetmi\u015f ve ilk eserlerini vermeye ba\u015flam\u0131\u015ft\u0131. 14 ya\u015f\u0131nda saray okulundan mezun oldu\u011funda, \u00e7oktan edebiyat\u00e7\u0131 olarak tan\u0131nm\u0131\u015ft\u0131. Liberal ve \u00f6zg\u00fcrl\u00fck\u00e7\u00fc ak\u0131mlarda etkin roller oynad\u0131. Ama as\u0131l damgas\u0131n\u0131, Bat\u0131 dillerinden aktararak yaratt\u0131\u011f\u0131 kelimelerle Rus\u00e7a&#8217;ya vurdu. Edebiyat dilinin geli\u015fmesine de b\u00fcy\u00fck katk\u0131da bulundu ve modern Rus edebiyat\u0131n\u0131n temellerini att\u0131. 1831&#8217;de Natalya Gon\u00e7arova ile evlenerek saray sosyetesine kat\u0131ld\u0131. 1837&#8217;de, e\u015fiyle bir g\u00f6n\u00fcl ili\u015fkisi kurmaya \u00e7al\u0131\u015fan George d&#8217;Athens ile yapt\u0131\u011f\u0131 d\u00fcelloda yaraland\u0131 ve iki g\u00fcn sonra \u00f6ld\u00fc. <\/p>\n","protected":false},"excerpt":{"rendered":"<p>1828\u2019de s\u00fcrg\u00fcndeki asker arkada\u015flar\u0131n\u0131 g\u00f6rmek \u00fczere Kafkasya\u2019ya giden Pu\u015fkin, hepsinin Osmanl\u0131lar \u00fczerine d\u00fczenlenen sefere kat\u0131ld\u0131\u011f\u0131n\u0131 \u00f6\u011frenir. Az bilinen diyarlar\u0131 g\u00f6rmek ve bir sava\u015fa tan\u0131k olmak i\u00e7in,<span class=\"excerpt-hellip\"> [\u2026]<\/span><\/p>\n","protected":false},"featured_media":0,"template":"","meta":{"_monsterinsights_skip_tracking":false,"_monsterinsights_sitenote_active":false,"_monsterinsights_sitenote_note":"","_monsterinsights_sitenote_category":0},"product_brand":[],"product_cat":[12291,13570],"product_tag":[],"class_list":{"0":"post-695147","1":"product","2":"type-product","3":"status-publish","5":"product_cat-edebiyat","6":"product_cat-rus-edebiyati","7":"pa_cilt-ciltsiz","8":"pa_tur-kitap","9":"pa_yayinevi-is-bankasi-kultur-yayinlari","10":"pa_yazar-aleksandr-sergeyevic-puskin","12":"first","13":"instock","14":"sale","15":"shipping-taxable","16":"purchasable","17":"product-type-simple"},"_links":{"self":[{"href":"https:\/\/roveyayinevi.com.tr\/index.php\/wp-json\/wp\/v2\/product\/695147","targetHints":{"allow":["GET"]}}],"collection":[{"href":"https:\/\/roveyayinevi.com.tr\/index.php\/wp-json\/wp\/v2\/product"}],"about":[{"href":"https:\/\/roveyayinevi.com.tr\/index.php\/wp-json\/wp\/v2\/types\/product"}],"wp:attachment":[{"href":"https:\/\/roveyayinevi.com.tr\/index.php\/wp-json\/wp\/v2\/media?parent=695147"}],"wp:term":[{"taxonomy":"product_brand","embeddable":true,"href":"https:\/\/roveyayinevi.com.tr\/index.php\/wp-json\/wp\/v2\/product_brand?post=695147"},{"taxonomy":"product_cat","embeddable":true,"href":"https:\/\/roveyayinevi.com.tr\/index.php\/wp-json\/wp\/v2\/product_cat?post=695147"},{"taxonomy":"product_tag","embeddable":true,"href":"https:\/\/roveyayinevi.com.tr\/index.php\/wp-json\/wp\/v2\/product_tag?post=695147"}],"curies":[{"name":"wp","href":"https:\/\/api.w.org\/{rel}","templated":true}]}}