{"id":695146,"date":"2025-08-27T14:26:24","date_gmt":"2025-08-27T11:26:24","guid":{"rendered":"https:\/\/roveyayinevi.com.tr\/index.php\/urun\/dedektif-auguste-dupin-oykuleri\/"},"modified":"2026-04-16T02:05:03","modified_gmt":"2026-04-15T23:05:03","slug":"dedektif-auguste-dupin-oykuleri","status":"publish","type":"product","link":"https:\/\/roveyayinevi.com.tr\/index.php\/urun\/dedektif-auguste-dupin-oykuleri\/","title":{"rendered":"Dedektif Auguste Dupin \u00d6yk\u00fcleri"},"content":{"rendered":"<p>Edgar Allan Poe (1809-1849): Topu topu k\u0131rk y\u0131l s\u00fcren \u00e7alkant\u0131l\u0131 ya\u015fant\u0131s\u0131na kar\u015f\u0131n \u015fiirleri, \u00f6yk\u00fcleri ve denemeleriyle, \u00e7\u0131\u011f\u0131ra\u00e7\u0131c\u0131 etkisini g\u00fcn\u00fcm\u00fczde de s\u00fcrd\u00fcren en \u00f6nemli 19. y\u00fczy\u0131l yazarlar\u0131ndand\u0131r. Elinizdeki kitaptaysa; ak\u0131l y\u00fcr\u00fctme ve \u00e7\u00f6z\u00fcmleme teknikleriyle, Poe\u2019nun d\u00fcnya edebiyat\u0131na arma\u011fan etti\u011fi ilk dedektif Auguste Dupin ve onun \u00fc\u00e7 s\u0131rad\u0131\u015f\u0131 maceras\u0131 yeralmaktad\u0131r. \ufffcTan\u0131t\u0131m Metni<\/p>\n","protected":false},"excerpt":{"rendered":"<p>Edgar Allan Poe (1809-1849): Topu topu k\u0131rk y\u0131l s\u00fcren \u00e7alkant\u0131l\u0131 ya\u015fant\u0131s\u0131na kar\u015f\u0131n \u015fiirleri, \u00f6yk\u00fcleri ve denemeleriyle, \u00e7\u0131\u011f\u0131ra\u00e7\u0131c\u0131 etkisini g\u00fcn\u00fcm\u00fczde de s\u00fcrd\u00fcren en \u00f6nemli 19. y\u00fczy\u0131l yazarlar\u0131ndand\u0131r.<span class=\"excerpt-hellip\"> [\u2026]<\/span><\/p>\n","protected":false},"featured_media":0,"template":"","meta":{"_monsterinsights_skip_tracking":false,"_monsterinsights_sitenote_active":false,"_monsterinsights_sitenote_note":"","_monsterinsights_sitenote_category":0},"product_brand":[],"product_cat":[12291,15445],"product_tag":[],"class_list":{"0":"post-695146","1":"product","2":"type-product","3":"status-publish","5":"product_cat-edebiyat","6":"product_cat-polisiye","7":"pa_cilt-ciltsiz","8":"pa_tur-kitap","9":"pa_yayinevi-is-bankasi-kultur-yayinlari","10":"pa_yazar-edgar-allan-poe","12":"first","13":"instock","14":"sale","15":"shipping-taxable","16":"purchasable","17":"product-type-simple"},"_links":{"self":[{"href":"https:\/\/roveyayinevi.com.tr\/index.php\/wp-json\/wp\/v2\/product\/695146","targetHints":{"allow":["GET"]}}],"collection":[{"href":"https:\/\/roveyayinevi.com.tr\/index.php\/wp-json\/wp\/v2\/product"}],"about":[{"href":"https:\/\/roveyayinevi.com.tr\/index.php\/wp-json\/wp\/v2\/types\/product"}],"wp:attachment":[{"href":"https:\/\/roveyayinevi.com.tr\/index.php\/wp-json\/wp\/v2\/media?parent=695146"}],"wp:term":[{"taxonomy":"product_brand","embeddable":true,"href":"https:\/\/roveyayinevi.com.tr\/index.php\/wp-json\/wp\/v2\/product_brand?post=695146"},{"taxonomy":"product_cat","embeddable":true,"href":"https:\/\/roveyayinevi.com.tr\/index.php\/wp-json\/wp\/v2\/product_cat?post=695146"},{"taxonomy":"product_tag","embeddable":true,"href":"https:\/\/roveyayinevi.com.tr\/index.php\/wp-json\/wp\/v2\/product_tag?post=695146"}],"curies":[{"name":"wp","href":"https:\/\/api.w.org\/{rel}","templated":true}]}}