{"id":695145,"date":"2025-08-27T14:26:24","date_gmt":"2025-08-27T11:26:24","guid":{"rendered":"https:\/\/roveyayinevi.com.tr\/index.php\/urun\/dinle-lisa\/"},"modified":"2026-04-16T02:05:03","modified_gmt":"2026-04-15T23:05:03","slug":"dinle-lisa","status":"publish","type":"product","link":"https:\/\/roveyayinevi.com.tr\/index.php\/urun\/dinle-lisa\/","title":{"rendered":"Dinle Lisa"},"content":{"rendered":"<p>Son bir ders daha ald\u0131m Lisa\u2019dan: A\u015fk insana, san\u0131lan\u0131n tam tersine, ger\u00e7e\u011fi \u00f6\u011fretirmi\u015f. Lisa\u2019ya \u2018kimsenin kimse i\u00e7in s\u00f6ylemedi\u011fi \u015feyler s\u00f6ylemeye\u2019 s\u00f6z vermem bu nedenledir. Dinle Lisa, bir hasret roman\u0131. Topra\u011f\u0131ndan, \u00e7ocuklu\u011fundan, gen\u00e7li\u011finden, yeti\u015fkinli\u011finden, gelece\u011finden kovulmu\u015flar\u0131n i\u00e7 d\u00fcnyas\u0131nda hayat buluyor. Dinle Lisa, elbette bir umut roman\u0131 ayn\u0131 zamanda&#8230; Toplumsal ve bireysel hayat\u0131n insan\u0131 mahk\u00fbm etti\u011fi esaretten kurtulma imk\u00e2n\u0131n\u0131n olmad\u0131\u011f\u0131 anlarda, hi\u00e7 umulmayan, dahas\u0131, beklenmeyen yerlerden filiz veren, hi\u00e7bir \u00f6ng\u00f6r\u00fcye, plana s\u0131\u011fmayan umutlar\u0131n dillendiricisi oluyor. Hasret ve umuttan do\u011fan bir a\u015fk da ta\u00e7land\u0131r\u0131yor Dinle Lisa\u2019y\u0131&#8230; Bir arma\u011fan gibi ya\u015fanan, paketinin kurdelelerini ac\u0131 k\u0131rm\u0131z\u0131 avu\u00e7lar\u0131m\u0131za b\u0131rakan bir a\u015fk. \u0130syan, kabulleni\u015f, \u00f6fke, \u00e7aresizlik, direnme, \u00e7\u00f6z\u00fclme ancak birbirinin halkas\u0131nda ger\u00e7ekli\u011fini kazanabiliyor. Dinle Lisa, sorulmayan sorular\u0131n ni\u00e7in sorulmad\u0131\u011f\u0131na da bakan, bakt\u0131k\u00e7a b\u00fcy\u00fcyen bir g\u00f6ze d\u00f6n\u00fc\u015ferek, T\u00fcrkiye ger\u00e7eklerinin \u00e7ok par\u00e7al\u0131 aynas\u0131na \u0131\u015f\u0131k oluyor; g\u00f6zlerimizin \u00f6n\u00fcne gerilen perdeyi y\u0131rt\u0131yor&#8230; Nice ac\u0131n\u0131n i\u00e7inden ge\u00e7en bir \u015fefkatle. <\/p>\n","protected":false},"excerpt":{"rendered":"<p>Son bir ders daha ald\u0131m Lisa\u2019dan: A\u015fk insana, san\u0131lan\u0131n tam tersine, ger\u00e7e\u011fi \u00f6\u011fretirmi\u015f. Lisa\u2019ya \u2018kimsenin kimse i\u00e7in s\u00f6ylemedi\u011fi \u015feyler s\u00f6ylemeye\u2019 s\u00f6z vermem bu nedenledir. Dinle Lisa,<span class=\"excerpt-hellip\"> [\u2026]<\/span><\/p>\n","protected":false},"featured_media":0,"template":"","meta":{"_monsterinsights_skip_tracking":false,"_monsterinsights_sitenote_active":false,"_monsterinsights_sitenote_note":"","_monsterinsights_sitenote_category":0},"product_brand":[],"product_cat":[12291,12292],"product_tag":[],"class_list":{"0":"post-695145","1":"product","2":"type-product","3":"status-publish","5":"product_cat-edebiyat","6":"product_cat-turk-edebiyati","7":"pa_tur-kitap","8":"pa_yayinevi-iletisim-yayinlari","9":"pa_yazar-haluk-inanici","11":"first","12":"instock","13":"sale","14":"shipping-taxable","15":"purchasable","16":"product-type-simple"},"_links":{"self":[{"href":"https:\/\/roveyayinevi.com.tr\/index.php\/wp-json\/wp\/v2\/product\/695145","targetHints":{"allow":["GET"]}}],"collection":[{"href":"https:\/\/roveyayinevi.com.tr\/index.php\/wp-json\/wp\/v2\/product"}],"about":[{"href":"https:\/\/roveyayinevi.com.tr\/index.php\/wp-json\/wp\/v2\/types\/product"}],"wp:attachment":[{"href":"https:\/\/roveyayinevi.com.tr\/index.php\/wp-json\/wp\/v2\/media?parent=695145"}],"wp:term":[{"taxonomy":"product_brand","embeddable":true,"href":"https:\/\/roveyayinevi.com.tr\/index.php\/wp-json\/wp\/v2\/product_brand?post=695145"},{"taxonomy":"product_cat","embeddable":true,"href":"https:\/\/roveyayinevi.com.tr\/index.php\/wp-json\/wp\/v2\/product_cat?post=695145"},{"taxonomy":"product_tag","embeddable":true,"href":"https:\/\/roveyayinevi.com.tr\/index.php\/wp-json\/wp\/v2\/product_tag?post=695145"}],"curies":[{"name":"wp","href":"https:\/\/api.w.org\/{rel}","templated":true}]}}