{"id":695142,"date":"2025-08-27T14:26:23","date_gmt":"2025-08-27T11:26:23","guid":{"rendered":"https:\/\/roveyayinevi.com.tr\/index.php\/urun\/turk-modernlesmesinin-cinsiyeti-erkekler-devlet-kadinlar-aile-kurar\/"},"modified":"2026-03-04T02:10:08","modified_gmt":"2026-03-03T23:10:08","slug":"turk-modernlesmesinin-cinsiyeti-erkekler-devlet-kadinlar-aile-kurar","status":"publish","type":"product","link":"https:\/\/roveyayinevi.com.tr\/index.php\/urun\/turk-modernlesmesinin-cinsiyeti-erkekler-devlet-kadinlar-aile-kurar\/","title":{"rendered":"T\u00fcrk Modernle\u015fmesinin Cinsiyeti: Erkekler Devlet, Kad\u0131nlar Aile Kurar"},"content":{"rendered":"<p>Eril modernle\u015fmenin \u00f6nemli bir boyutu, yeni modern kad\u0131n temsillerini cinsiyetsizle\u015ftirmesidir. Muhafazak\u00e2r modernle\u015fme g\u00f6zl\u00fc\u011f\u00fcnden bak\u0131nca, kad\u0131nlar\u0131n cinsel ahlak a\u00e7\u0131s\u0131ndan yarg\u0131lanamayacaklar\u0131 bir aseks\u00fcel kamunun varl\u0131\u011f\u0131 gerekliydi. Muhafazak\u00e2r modernle\u015fmenin kabul etti\u011fi kamusal kad\u0131nl\u0131k  \u00e7o\u011fu aristokratik gelenekte oldu\u011fu gibi kad\u0131nlar\u0131 cinsellik sahibi olarak de\u011fil  toplumsal geli\u015fime adanm\u0131\u015f, cinsiyetsiz bedenler olarak konumland\u0131. Toplumsal ama\u00e7lar i\u00e7in seferber edilecek sosyal kimlikler in\u015fa edebilme (ve erkek odakl\u0131 cinsiyet rejimlerinin otoriter siyasal rejimlerle eklemlenme) stratejisi olarak bu tarz\u0131n ba\u015far\u0131l\u0131 bir \u00f6rne\u011fi de T\u00fcrkiye\u2019de ya\u015fand\u0131. Serpil Sancar, tarihsel olarak kad\u0131nlar\u0131n d\u0131\u015fland\u0131\u011f\u0131, cinsiyet\u00e7i politikalar\u0131n belirginle\u015fti\u011fi ve cinsel ahlak\u0131n s\u0131n\u0131rlar\u0131n\u0131n \u00e7izildi\u011fi bir tarih anlat\u0131yor bize. Feminist bir tarih okumas\u0131 bu. Yazar, muhafazak\u00e2r modernle\u015fmenin paranoyalar\u0131n\u0131 ve orta s\u0131n\u0131f T\u00fcrk ailesinin nas\u0131l in\u015fa edildi\u011fini tart\u0131\u015f\u0131yor. Beklentiler ve hayal k\u0131r\u0131kl\u0131klar\u0131, \u015fik\u00e2yet ve serzeni\u015fleri resmediyor. Cumhuriyet\u2019in in\u015fas\u0131nda kad\u0131nlar nas\u0131l bir rol ald\u0131lar? Neleri tart\u0131\u015ft\u0131lar? Nas\u0131l tart\u0131\u015f\u0131ld\u0131lar? Ulus-devlet s\u00fcrecinde, kanonik anlat\u0131larda kad\u0131n\u0131n i\u015flevi neydi? Kad\u0131nlar milli davalara nas\u0131l dahil oldular? T\u00fcrk Modernle\u015fmesinin Cinsiyeti, T\u00fcrkiye feminizmi ve kad\u0131n \u00e7al\u0131\u015fmalar\u0131yla ilgili en kapsaml\u0131 \u00e7al\u0131\u015fmalardan birisi. <\/p>\n","protected":false},"excerpt":{"rendered":"<p>Eril modernle\u015fmenin \u00f6nemli bir boyutu, yeni modern kad\u0131n temsillerini cinsiyetsizle\u015ftirmesidir. Muhafazak\u00e2r modernle\u015fme g\u00f6zl\u00fc\u011f\u00fcnden bak\u0131nca, kad\u0131nlar\u0131n cinsel ahlak a\u00e7\u0131s\u0131ndan yarg\u0131lanamayacaklar\u0131 bir aseks\u00fcel kamunun varl\u0131\u011f\u0131 gerekliydi. Muhafazak\u00e2r modernle\u015fmenin<span class=\"excerpt-hellip\"> [\u2026]<\/span><\/p>\n","protected":false},"featured_media":0,"template":"","meta":{"_monsterinsights_skip_tracking":false,"_monsterinsights_sitenote_active":false,"_monsterinsights_sitenote_note":"","_monsterinsights_sitenote_category":0},"product_brand":[],"product_cat":[13656,12337],"product_tag":[],"class_list":{"0":"post-695142","1":"product","2":"type-product","3":"status-publish","5":"product_cat-azinliklar-etnik-sorunlar","6":"product_cat-politika-siyaset","7":"pa_cilt-ciltsiz","8":"pa_tur-kitap","9":"pa_yayinevi-iletisim-yayinlari","10":"pa_yazar-serpil-sancar","12":"first","13":"instock","14":"sale","15":"shipping-taxable","16":"purchasable","17":"product-type-simple"},"_links":{"self":[{"href":"https:\/\/roveyayinevi.com.tr\/index.php\/wp-json\/wp\/v2\/product\/695142","targetHints":{"allow":["GET"]}}],"collection":[{"href":"https:\/\/roveyayinevi.com.tr\/index.php\/wp-json\/wp\/v2\/product"}],"about":[{"href":"https:\/\/roveyayinevi.com.tr\/index.php\/wp-json\/wp\/v2\/types\/product"}],"wp:attachment":[{"href":"https:\/\/roveyayinevi.com.tr\/index.php\/wp-json\/wp\/v2\/media?parent=695142"}],"wp:term":[{"taxonomy":"product_brand","embeddable":true,"href":"https:\/\/roveyayinevi.com.tr\/index.php\/wp-json\/wp\/v2\/product_brand?post=695142"},{"taxonomy":"product_cat","embeddable":true,"href":"https:\/\/roveyayinevi.com.tr\/index.php\/wp-json\/wp\/v2\/product_cat?post=695142"},{"taxonomy":"product_tag","embeddable":true,"href":"https:\/\/roveyayinevi.com.tr\/index.php\/wp-json\/wp\/v2\/product_tag?post=695142"}],"curies":[{"name":"wp","href":"https:\/\/api.w.org\/{rel}","templated":true}]}}