{"id":695140,"date":"2025-08-27T14:26:23","date_gmt":"2025-08-27T11:26:23","guid":{"rendered":"https:\/\/roveyayinevi.com.tr\/index.php\/urun\/mezopotamyada-cinayet\/"},"modified":"2026-02-02T02:05:43","modified_gmt":"2026-02-01T23:05:43","slug":"mezopotamyada-cinayet","status":"publish","type":"product","link":"https:\/\/roveyayinevi.com.tr\/index.php\/urun\/mezopotamyada-cinayet\/","title":{"rendered":"Mezopotamya\u2019da Cinayet"},"content":{"rendered":"<p>Hem\u015fire Amy Leatheran, son i\u015fi i\u00e7in Irak\u2019\u0131n Hassanieh kentindeki bir kaz\u0131 alan\u0131na gider. G\u00f6revi \u00fcnl\u00fc arkeolog Doktor Leidner\u2019\u0131n g\u00fczel e\u015fi Louise ile ilgilenmektir. Kaz\u0131 ekibinin \u00fczerindeki gergin hava Leatheran\u2019\u0131n g\u00f6z\u00fcnden ka\u00e7maz. Bu gerginli\u011fin sebebinin Louise ile ilgili oldu\u011fundan emindir. Louise korkun\u00e7 hal\u00fcsinasyonlar\u0131n pen\u00e7esinde k\u0131vran\u0131rken sinirleri olduk\u00e7a y\u0131pran\u0131r. Kad\u0131n bir \u015feyden ya da birilerinden korkuyor gibidir. Ama kimden ve neden? Tehdit mektuplar\u0131 alan Louise bir g\u00fcn odas\u0131nda \u00f6l\u00fc bulunur. Gizemli ve karanl\u0131k ge\u00e7mi\u015fi olan kad\u0131n\u0131 kim \u00f6ld\u00fcrm\u00fc\u015f olabilirdi? Kaz\u0131 ekibinden biri mi? Yoksa ge\u00e7mi\u015finden biri mi? <\/p>\n","protected":false},"excerpt":{"rendered":"<p>Hem\u015fire Amy Leatheran, son i\u015fi i\u00e7in Irak\u2019\u0131n Hassanieh kentindeki bir kaz\u0131 alan\u0131na gider. G\u00f6revi \u00fcnl\u00fc arkeolog Doktor Leidner\u2019\u0131n g\u00fczel e\u015fi Louise ile ilgilenmektir. Kaz\u0131 ekibinin \u00fczerindeki<span class=\"excerpt-hellip\"> [\u2026]<\/span><\/p>\n","protected":false},"featured_media":0,"template":"","meta":{"_monsterinsights_skip_tracking":false,"_monsterinsights_sitenote_active":false,"_monsterinsights_sitenote_note":"","_monsterinsights_sitenote_category":0},"product_brand":[],"product_cat":[12291,12866],"product_tag":[],"class_list":{"0":"post-695140","1":"product","2":"type-product","3":"status-publish","5":"product_cat-edebiyat","6":"product_cat-ingiliz-edebiyati","7":"pa_cilt-ciltsiz","8":"pa_tur-kitap","9":"pa_yayinevi-altin-kitaplar","10":"pa_yazar-agatha-christie","12":"first","13":"instock","14":"sale","15":"shipping-taxable","16":"purchasable","17":"product-type-simple"},"_links":{"self":[{"href":"https:\/\/roveyayinevi.com.tr\/index.php\/wp-json\/wp\/v2\/product\/695140","targetHints":{"allow":["GET"]}}],"collection":[{"href":"https:\/\/roveyayinevi.com.tr\/index.php\/wp-json\/wp\/v2\/product"}],"about":[{"href":"https:\/\/roveyayinevi.com.tr\/index.php\/wp-json\/wp\/v2\/types\/product"}],"wp:attachment":[{"href":"https:\/\/roveyayinevi.com.tr\/index.php\/wp-json\/wp\/v2\/media?parent=695140"}],"wp:term":[{"taxonomy":"product_brand","embeddable":true,"href":"https:\/\/roveyayinevi.com.tr\/index.php\/wp-json\/wp\/v2\/product_brand?post=695140"},{"taxonomy":"product_cat","embeddable":true,"href":"https:\/\/roveyayinevi.com.tr\/index.php\/wp-json\/wp\/v2\/product_cat?post=695140"},{"taxonomy":"product_tag","embeddable":true,"href":"https:\/\/roveyayinevi.com.tr\/index.php\/wp-json\/wp\/v2\/product_tag?post=695140"}],"curies":[{"name":"wp","href":"https:\/\/api.w.org\/{rel}","templated":true}]}}