{"id":695138,"date":"2025-08-27T14:26:22","date_gmt":"2025-08-27T11:26:22","guid":{"rendered":"https:\/\/roveyayinevi.com.tr\/index.php\/urun\/buyuk-donusum-cagimizin-siyasal-ve-ekonomik-kokenleri\/"},"modified":"2026-04-16T02:05:03","modified_gmt":"2026-04-15T23:05:03","slug":"buyuk-donusum-cagimizin-siyasal-ve-ekonomik-kokenleri","status":"publish","type":"product","link":"https:\/\/roveyayinevi.com.tr\/index.php\/urun\/buyuk-donusum-cagimizin-siyasal-ve-ekonomik-kokenleri\/","title":{"rendered":"B\u00fcy\u00fck D\u00f6n\u00fc\u015f\u00fcm: \u00c7a\u011f\u0131m\u0131z\u0131n Siyasal ve Ekonomik K\u00f6kenleri"},"content":{"rendered":"<p>\u0130lk kez 1944\u2019te \u2018vah\u015fi kapitalizm\u2019in kalesi Amerika\u2019da yay\u0131mlanan B\u00fcy\u00fck D\u00f6n\u00fc\u015f\u00fcm \u015fu c\u00fcmleyle ba\u015flar: \u2018Ondokuzuncu y\u00fczy\u0131l uygarl\u0131\u011f\u0131 \u00e7\u00f6kt\u00fc.\u2019 Karl Polanyi\u2019nin \u00e7\u00f6kt\u00fc\u011f\u00fcn\u00fc ilan etti\u011fi ondokuzuncu y\u00fczy\u0131l uygarl\u0131\u011f\u0131n\u0131n can damar\u0131 ve temel bi\u00e7imlendiricisi, kendi kurallar\u0131na g\u00f6re i\u015fleyen piyasayd\u0131; emek, toprak ve paray\u0131 metalar haline getiren ve insan toplumlar\u0131n\u0131 uluslararas\u0131 d\u00fczeyde e\u015fi g\u00f6r\u00fclmemi\u015f bir kurumsal tekd\u00fczele\u015fme i\u00e7inde kendine kay\u0131ts\u0131z \u015farts\u0131z ba\u011f\u0131ml\u0131 k\u0131lan piyasa sistemi&#8230; Polanyi\u2019ye g\u00f6re \u00e7\u00f6k\u00fc\u015f ka\u00e7\u0131n\u0131lmazd\u0131, \u00e7\u00fcnk\u00fc kendi kurallar\u0131na g\u00f6re i\u015fleyen piyasa sistemi insan toplumuyla ba\u011fda\u015fmas\u0131 imk\u00e2ns\u0131z bir \u015feydi. B\u00fcy\u00fck D\u00f6n\u00fc\u015f\u00fcm, bu ba\u011fda\u015fmazl\u0131\u011f\u0131n ve ka\u00e7\u0131n\u0131lmaz \u00e7\u00f6k\u00fc\u015f\u00fcn hik\u00e2yesi. Yani hem ekonomik liberalizmin hem de ona kar\u015f\u0131 ka\u00e7\u0131n\u0131lmaz alternatifler olarak ortaya \u00e7\u0131kan fa\u015fizm ve sosyalizmin hikayesi&#8230; B\u00fcy\u00fck D\u00f6n\u00fc\u015f\u00fcm\u2019\u00fcn 80\u2019lerde, yani Polanyi\u2019nin \u2018insan do\u011fas\u0131na ayk\u0131r\u0131\u2019 dedi\u011fi piyasa toplumunun, insanl\u0131k tarihinin son a\u015famas\u0131 olarak b\u00fct\u00fcn d\u00fcnyaya dayat\u0131ld\u0131\u011f\u0131, ekonomik liberalizmi ele\u015ftirmeye kalkanlar\u0131n geri kafal\u0131 cahiller ile korumac\u0131l\u0131k \u00f6nlemlerinin sa\u011flad\u0131\u011f\u0131 rantlar\u0131 elden ka\u00e7\u0131rmamaya \u00e7al\u0131\u015fan \u00e7\u0131kar gruplar\u0131yla onlara hizmet eden pop\u00fclist politikac\u0131lar olarak g\u00f6r\u00fcld\u00fc\u011f\u00fc, sosyalizmden ise neredeyse b\u00fct\u00fcn\u00fcyle \u00fcmit kesildi\u011fi bir d\u00f6nemde g\u00fcndeme gelmesi ayr\u0131ca kaydade\u011fer. -Ay\u015fe Bu\u011fra<\/p>\n","protected":false},"excerpt":{"rendered":"<p>\u0130lk kez 1944\u2019te \u2018vah\u015fi kapitalizm\u2019in kalesi Amerika\u2019da yay\u0131mlanan B\u00fcy\u00fck D\u00f6n\u00fc\u015f\u00fcm \u015fu c\u00fcmleyle ba\u015flar: \u2018Ondokuzuncu y\u00fczy\u0131l uygarl\u0131\u011f\u0131 \u00e7\u00f6kt\u00fc.\u2019 Karl Polanyi\u2019nin \u00e7\u00f6kt\u00fc\u011f\u00fcn\u00fc ilan etti\u011fi ondokuzuncu y\u00fczy\u0131l uygarl\u0131\u011f\u0131n\u0131n can<span class=\"excerpt-hellip\"> [\u2026]<\/span><\/p>\n","protected":false},"featured_media":0,"template":"","meta":{"_monsterinsights_skip_tracking":false,"_monsterinsights_sitenote_active":false,"_monsterinsights_sitenote_note":"","_monsterinsights_sitenote_category":0},"product_brand":[],"product_cat":[12312,12304],"product_tag":[],"class_list":{"0":"post-695138","1":"product","2":"type-product","3":"status-publish","5":"product_cat-diger","6":"product_cat-tarih","7":"pa_cilt-ciltsiz","8":"pa_tur-kitap","9":"pa_yayinevi-iletisim-yayinlari","10":"pa_yazar-karl-polanyi","12":"first","13":"instock","14":"sale","15":"shipping-taxable","16":"purchasable","17":"product-type-simple"},"_links":{"self":[{"href":"https:\/\/roveyayinevi.com.tr\/index.php\/wp-json\/wp\/v2\/product\/695138","targetHints":{"allow":["GET"]}}],"collection":[{"href":"https:\/\/roveyayinevi.com.tr\/index.php\/wp-json\/wp\/v2\/product"}],"about":[{"href":"https:\/\/roveyayinevi.com.tr\/index.php\/wp-json\/wp\/v2\/types\/product"}],"wp:attachment":[{"href":"https:\/\/roveyayinevi.com.tr\/index.php\/wp-json\/wp\/v2\/media?parent=695138"}],"wp:term":[{"taxonomy":"product_brand","embeddable":true,"href":"https:\/\/roveyayinevi.com.tr\/index.php\/wp-json\/wp\/v2\/product_brand?post=695138"},{"taxonomy":"product_cat","embeddable":true,"href":"https:\/\/roveyayinevi.com.tr\/index.php\/wp-json\/wp\/v2\/product_cat?post=695138"},{"taxonomy":"product_tag","embeddable":true,"href":"https:\/\/roveyayinevi.com.tr\/index.php\/wp-json\/wp\/v2\/product_tag?post=695138"}],"curies":[{"name":"wp","href":"https:\/\/api.w.org\/{rel}","templated":true}]}}