{"id":695137,"date":"2025-08-27T14:26:22","date_gmt":"2025-08-27T11:26:22","guid":{"rendered":"https:\/\/roveyayinevi.com.tr\/index.php\/urun\/denizde-boyama-zamani\/"},"modified":"2026-04-16T02:05:03","modified_gmt":"2026-04-15T23:05:03","slug":"denizde-boyama-zamani","status":"publish","type":"product","link":"https:\/\/roveyayinevi.com.tr\/index.php\/urun\/denizde-boyama-zamani\/","title":{"rendered":"Denizde Boyama Zaman\u0131"},"content":{"rendered":"<p>Hayvan t\u00fcrlerini \u00e7ocuklar\u0131m\u0131za \u00f6\u011fretecek, boyama etkinli\u011fiyle onlar\u0131n motor becerilerini geli\u015ftirecek, kendine \u00f6zg\u00fc kapak ve sayfa \u015fekilleriyle \u00e7ocuklar\u0131 e\u011flendirecek bir boyama kitab\u0131 dizisi:Hayvanlarla Tan\u0131\u015f\u0131yorum! Hayvanlar\u0131 ya\u015fad\u0131klar\u0131 yere g\u00f6re s\u0131n\u0131fland\u0131ran dizinin bu kitab\u0131nda \u00e7ocuklar\u0131m\u0131z; \u00e7iftlikte, ormanda, denizde, hem karada hem suda ya\u015fayan hayvanlarla ve ku\u015flarla tan\u0131\u015facak. \ufffcTan\u0131t\u0131m Metni<\/p>\n","protected":false},"excerpt":{"rendered":"<p>Hayvan t\u00fcrlerini \u00e7ocuklar\u0131m\u0131za \u00f6\u011fretecek, boyama etkinli\u011fiyle onlar\u0131n motor becerilerini geli\u015ftirecek, kendine \u00f6zg\u00fc kapak ve sayfa \u015fekilleriyle \u00e7ocuklar\u0131 e\u011flendirecek bir boyama kitab\u0131 dizisi:Hayvanlarla Tan\u0131\u015f\u0131yorum! Hayvanlar\u0131 ya\u015fad\u0131klar\u0131 yere<span class=\"excerpt-hellip\"> [\u2026]<\/span><\/p>\n","protected":false},"featured_media":0,"template":"","meta":{"_monsterinsights_skip_tracking":false,"_monsterinsights_sitenote_active":false,"_monsterinsights_sitenote_note":"","_monsterinsights_sitenote_category":0},"product_brand":[],"product_cat":[12644,12274],"product_tag":[],"class_list":{"0":"post-695137","1":"product","2":"type-product","3":"status-publish","5":"product_cat-boyama-kitaplari","6":"product_cat-cocuk-ve-genclik-kitaplari","7":"pa_cilt-ciltsiz","8":"pa_tur-kitap","9":"pa_yayinevi-timas-cocuk","10":"pa_yazar-kolektif","12":"first","13":"instock","14":"sale","15":"shipping-taxable","16":"purchasable","17":"product-type-simple"},"_links":{"self":[{"href":"https:\/\/roveyayinevi.com.tr\/index.php\/wp-json\/wp\/v2\/product\/695137","targetHints":{"allow":["GET"]}}],"collection":[{"href":"https:\/\/roveyayinevi.com.tr\/index.php\/wp-json\/wp\/v2\/product"}],"about":[{"href":"https:\/\/roveyayinevi.com.tr\/index.php\/wp-json\/wp\/v2\/types\/product"}],"wp:attachment":[{"href":"https:\/\/roveyayinevi.com.tr\/index.php\/wp-json\/wp\/v2\/media?parent=695137"}],"wp:term":[{"taxonomy":"product_brand","embeddable":true,"href":"https:\/\/roveyayinevi.com.tr\/index.php\/wp-json\/wp\/v2\/product_brand?post=695137"},{"taxonomy":"product_cat","embeddable":true,"href":"https:\/\/roveyayinevi.com.tr\/index.php\/wp-json\/wp\/v2\/product_cat?post=695137"},{"taxonomy":"product_tag","embeddable":true,"href":"https:\/\/roveyayinevi.com.tr\/index.php\/wp-json\/wp\/v2\/product_tag?post=695137"}],"curies":[{"name":"wp","href":"https:\/\/api.w.org\/{rel}","templated":true}]}}