{"id":695133,"date":"2025-08-27T14:26:21","date_gmt":"2025-08-27T11:26:21","guid":{"rendered":"https:\/\/roveyayinevi.com.tr\/index.php\/urun\/modern-kulturde-catisma\/"},"modified":"2026-02-03T02:07:39","modified_gmt":"2026-02-02T23:07:39","slug":"modern-kulturde-catisma","status":"publish","type":"product","link":"https:\/\/roveyayinevi.com.tr\/index.php\/urun\/modern-kulturde-catisma\/","title":{"rendered":"Modern K\u00fclt\u00fcrde \u00c7at\u0131\u015fma"},"content":{"rendered":"<p>Simmel ya\u015fad\u0131\u011f\u0131 zaman\u0131n, tan\u0131k oldu\u011fu b\u00fcy\u00fck d\u00f6n\u00fc\u015f\u00fcm\u00fcn, modernitenin kentin mah\u015ferinin, bireyin yaln\u0131zl\u0131\u011f\u0131n\u0131n k\u00fclt\u00fcrel haritas\u0131n\u0131 \u00e7\u0131kar\u0131r. Bu harita sayesinde sosyolojinin sosyal bilimler i\u00e7indeki yerini tan\u0131mlar, ele\u015ftirel d\u00fc\u015f\u00fcnce, k\u00fclt\u00fcr kuram\u0131 ve k\u00fclt\u00fcrel \u00e7al\u0131\u015fmalar\u0131n temellerini atar. Toplumsal pratikleri formlar ve imgeler halinde canland\u0131rarak hayat\u0131 sanata, sanat\u0131 hayata terc\u00fcme eder. Simmel\u2019in en kapsaml\u0131 \u00e7a\u011fda\u015f yorumcusu David Frisby\u2019nin sundu\u011fu Modern K\u00fclt\u00fcrde \u00c7at\u0131\u015fma, onun modern k\u00fclt\u00fcr, kent ve birey \u00fczerine d\u00fc\u015f\u00fcncesini ayd\u0131nlatacak \u00fc\u00e7 temel metnini i\u00e7ermektedir. <\/p>\n","protected":false},"excerpt":{"rendered":"<p>Simmel ya\u015fad\u0131\u011f\u0131 zaman\u0131n, tan\u0131k oldu\u011fu b\u00fcy\u00fck d\u00f6n\u00fc\u015f\u00fcm\u00fcn, modernitenin kentin mah\u015ferinin, bireyin yaln\u0131zl\u0131\u011f\u0131n\u0131n k\u00fclt\u00fcrel haritas\u0131n\u0131 \u00e7\u0131kar\u0131r. Bu harita sayesinde sosyolojinin sosyal bilimler i\u00e7indeki yerini tan\u0131mlar, ele\u015ftirel d\u00fc\u015f\u00fcnce,<span class=\"excerpt-hellip\"> [\u2026]<\/span><\/p>\n","protected":false},"featured_media":0,"template":"","meta":{"_monsterinsights_skip_tracking":false,"_monsterinsights_sitenote_active":false,"_monsterinsights_sitenote_note":"","_monsterinsights_sitenote_category":0},"product_brand":[],"product_cat":[13633,12324],"product_tag":[],"class_list":{"0":"post-695133","1":"product","2":"type-product","3":"status-publish","5":"product_cat-kultur-ve-bilim","6":"product_cat-sosyoloji","7":"pa_cilt-ciltsiz","8":"pa_tur-kitap","9":"pa_yayinevi-iletisim-yayinlari","10":"pa_yazar-georg-simmel","12":"first","13":"instock","14":"sale","15":"shipping-taxable","16":"purchasable","17":"product-type-simple"},"_links":{"self":[{"href":"https:\/\/roveyayinevi.com.tr\/index.php\/wp-json\/wp\/v2\/product\/695133","targetHints":{"allow":["GET"]}}],"collection":[{"href":"https:\/\/roveyayinevi.com.tr\/index.php\/wp-json\/wp\/v2\/product"}],"about":[{"href":"https:\/\/roveyayinevi.com.tr\/index.php\/wp-json\/wp\/v2\/types\/product"}],"wp:attachment":[{"href":"https:\/\/roveyayinevi.com.tr\/index.php\/wp-json\/wp\/v2\/media?parent=695133"}],"wp:term":[{"taxonomy":"product_brand","embeddable":true,"href":"https:\/\/roveyayinevi.com.tr\/index.php\/wp-json\/wp\/v2\/product_brand?post=695133"},{"taxonomy":"product_cat","embeddable":true,"href":"https:\/\/roveyayinevi.com.tr\/index.php\/wp-json\/wp\/v2\/product_cat?post=695133"},{"taxonomy":"product_tag","embeddable":true,"href":"https:\/\/roveyayinevi.com.tr\/index.php\/wp-json\/wp\/v2\/product_tag?post=695133"}],"curies":[{"name":"wp","href":"https:\/\/api.w.org\/{rel}","templated":true}]}}