{"id":695128,"date":"2025-08-27T14:26:20","date_gmt":"2025-08-27T11:26:20","guid":{"rendered":"https:\/\/roveyayinevi.com.tr\/index.php\/urun\/makbul-vatandasin-pesinde-ii-mesrutiyetten-bugune-vatandaslik-egitimi\/"},"modified":"2025-12-30T09:44:02","modified_gmt":"2025-12-30T06:44:02","slug":"makbul-vatandasin-pesinde-ii-mesrutiyetten-bugune-vatandaslik-egitimi","status":"publish","type":"product","link":"https:\/\/roveyayinevi.com.tr\/index.php\/urun\/makbul-vatandasin-pesinde-ii-mesrutiyetten-bugune-vatandaslik-egitimi\/","title":{"rendered":"Makbul Vatanda\u015f&#8217;\u0131n Pe\u015finde: II. Me\u015frutiyet&#8217;ten Bug\u00fcne Vatanda\u015fl\u0131k E\u011fitimi"},"content":{"rendered":"<p>T\u00fcrkiye\u2019de devletin istedi\u011fi vatanda\u015f tipi nas\u0131ld\u0131? Bunun i\u00e7in, okullarda nas\u0131l bir vatanda\u015fl\u0131k terbiyesi verildi? F\u00fcsun \u00dcstel, II. Me\u015frutiyet\u2019ten g\u00fcn\u00fcm\u00fcze uzanan s\u00fcre\u00e7te bu sorular\u0131n cevab\u0131n\u0131 ar\u0131yor. Vatanda\u015fl\u0131\u011f\u0131 tan\u0131mlamak ve vatanda\u015flar\u0131 \u2018yaratmak\u2019, ulus in\u015fas\u0131n\u0131n temel s\u00fcre\u00e7lerinden biri. Vatanda\u015f\u2019\u0131n tan\u0131m\u0131 da, do\u011frudan do\u011fruya Vatan , Millet , Devlet tan\u0131mlar\u0131na g\u00f6re belirleniyor. Kitap, Osmanl\u0131 vatanperverli\u011finden Cumhuriyet d\u00f6neminin farkl\u0131 evreleri boyunca bu tan\u0131mlar\u0131 inceliyor; Makbul vatanda\u015f nas\u0131l tarif edildi, bu tarifte d\u00f6nemlere g\u00f6re hangi de\u011fi\u015fiklikler oldu? Osmanl\u0131\u2019n\u0131n son d\u00f6neminden Cumhuriyet\u2019in kurulu\u015f a\u015famas\u0131na dek \u2018re\u015fit\u2019 bir \u00f6zne olarak tasarlanabilen vatanda\u015f\u0131n; ulus-devletin ve Tek-Parti rejiminin konsolidasyonu s\u00fcrecinde milli yurtta\u015f olarak k\u0131s\u0131tlanmas\u0131, T\u00fcrkiye\u2019de yurtta\u015fl\u0131k s\u00fcrecinin temel vasf\u0131 olarak ortaya \u00e7\u0131k\u0131yor. Kat\u0131 bir vazife-hak dengesinin denetiminde, bir devlet eksenli militan yurtta\u015fl\u0131k tipi bu. Etno-k\u00fclt\u00fcrel y\u00f6nelimli b\u00fcrokratik milliyet\u00e7ilik ile s\u00f6zle\u015fmeci ulus s\u00f6yleminin ge\u00e7imsiz birlikteli\u011finin tayin etti\u011fi bu yurtta\u015f tipi, bug\u00fcne dek T\u00fcrkiye\u2019deki yurtta\u015fl\u0131k e\u011fitiminin karakterini belirledi, \u00dcstel\u2019e g\u00f6re. 1960-80 d\u00f6neminde yurtta\u015fl\u0131k anlay\u0131\u015f\u0131 \u0131l\u0131ml\u0131 bir sivil-demokratik etki alt\u0131na girdi. Ancak 1980\u2019lerde, 1940\u2019lar\u0131n s\u00f6ylemine \u015fiddetli bir geri d\u00f6n\u00fc\u015f ya\u015fand\u0131. Son on y\u0131lda vatanda\u015fl\u0131k e\u011fitimine s\u0131n\u0131rl\u0131 oranda \u2018zerkedilen\u2019 insan haklar\u0131 duyarl\u0131l\u0131\u011f\u0131, h\u00e2kim milli g\u00fcvenlik yurtta\u015fl\u0131\u011f\u0131 anlay\u0131\u015f\u0131yla ba\u015fetmekte zorlan\u0131yor! \ufffcTan\u0131t\u0131m Metni<\/p>\n","protected":false},"excerpt":{"rendered":"<p>T\u00fcrkiye\u2019de devletin istedi\u011fi vatanda\u015f tipi nas\u0131ld\u0131? Bunun i\u00e7in, okullarda nas\u0131l bir vatanda\u015fl\u0131k terbiyesi verildi? F\u00fcsun \u00dcstel, II. Me\u015frutiyet\u2019ten g\u00fcn\u00fcm\u00fcze uzanan s\u00fcre\u00e7te bu sorular\u0131n cevab\u0131n\u0131 ar\u0131yor. Vatanda\u015fl\u0131\u011f\u0131<span class=\"excerpt-hellip\"> [\u2026]<\/span><\/p>\n","protected":false},"featured_media":0,"template":"","meta":{"_monsterinsights_skip_tracking":false,"_monsterinsights_sitenote_active":false,"_monsterinsights_sitenote_note":"","_monsterinsights_sitenote_category":0},"product_brand":[],"product_cat":[13548,12408],"product_tag":[],"class_list":{"0":"post-695128","1":"product","2":"type-product","3":"status-publish","5":"product_cat-kuram","6":"product_cat-sanat","7":"pa_cilt-ciltsiz","8":"pa_tur-kitap","9":"pa_yayinevi-iletisim-yayinlari","10":"pa_yazar-fusun-ustel","12":"first","13":"instock","14":"sale","15":"shipping-taxable","16":"purchasable","17":"product-type-simple"},"_links":{"self":[{"href":"https:\/\/roveyayinevi.com.tr\/index.php\/wp-json\/wp\/v2\/product\/695128","targetHints":{"allow":["GET"]}}],"collection":[{"href":"https:\/\/roveyayinevi.com.tr\/index.php\/wp-json\/wp\/v2\/product"}],"about":[{"href":"https:\/\/roveyayinevi.com.tr\/index.php\/wp-json\/wp\/v2\/types\/product"}],"wp:attachment":[{"href":"https:\/\/roveyayinevi.com.tr\/index.php\/wp-json\/wp\/v2\/media?parent=695128"}],"wp:term":[{"taxonomy":"product_brand","embeddable":true,"href":"https:\/\/roveyayinevi.com.tr\/index.php\/wp-json\/wp\/v2\/product_brand?post=695128"},{"taxonomy":"product_cat","embeddable":true,"href":"https:\/\/roveyayinevi.com.tr\/index.php\/wp-json\/wp\/v2\/product_cat?post=695128"},{"taxonomy":"product_tag","embeddable":true,"href":"https:\/\/roveyayinevi.com.tr\/index.php\/wp-json\/wp\/v2\/product_tag?post=695128"}],"curies":[{"name":"wp","href":"https:\/\/api.w.org\/{rel}","templated":true}]}}