{"id":695127,"date":"2025-08-27T14:26:20","date_gmt":"2025-08-27T11:26:20","guid":{"rendered":"https:\/\/roveyayinevi.com.tr\/index.php\/urun\/romantik-surgunler\/"},"modified":"2026-04-16T02:05:02","modified_gmt":"2026-04-15T23:05:02","slug":"romantik-surgunler","status":"publish","type":"product","link":"https:\/\/roveyayinevi.com.tr\/index.php\/urun\/romantik-surgunler\/","title":{"rendered":"Romantik S\u00fcrg\u00fcnler"},"content":{"rendered":"<p>Rus entelijansiyas\u0131n\u0131n 1840\u2019larda Avrupa\u2019ya s\u00fcrg\u00fcn edilen ku\u015fa\u011f\u0131, Rus siyasal d\u00fc\u015f\u00fcncesinde romantizmden Marksizme uzanan s\u00fcrecin ta\u015flar\u0131n\u0131 d\u00f6\u015femi\u015fti. E. H. Carr, Romantik S\u00fcrg\u00fcnler\u2019de bu tarihsel d\u00f6n\u00fc\u015f\u00fcm\u00fc ele al\u0131yor. 40\u2019lar ku\u015fa\u011f\u0131n\u0131n en g\u00f6ze \u00e7arpan fig\u00fcr\u00fc Aleksandr Herzen etraf\u0131ndaki tart\u0131\u015fmalar, \u00e7at\u0131\u015fmalar, tan\u0131\u015f\u0131kl\u0131klar ve kopu\u015flarla ya\u015fanan, romanlara ta\u015f \u00e7\u0131kar\u0131r maceralar\u0131 ba\u015far\u0131l\u0131 bir tarih anlat\u0131s\u0131na \u00e7eviriyor. Herzen\u2019den Bakunin\u2019e, Ogaryov\u2019dan Ne\u00e7ayev\u2019e, Pu\u015fkin\u2019den Dostoyevski\u2019ye uzanan kahramanlar, devrimciler, edebiyat\u00e7\u0131lar, filozoflar ve entrikac\u0131larla \u00e7evrelenmi\u015f bir 19. y\u00fczy\u0131l panaromas\u0131 \u00e7iziyor. Siyasi fikirlerin romantizmle \u00e7arp\u0131\u015ft\u0131\u011f\u0131, siyasi m\u00fcltecilerin a\u015fkla savrulduklar\u0131 bir 19. y\u00fczy\u0131l Carr\u2019\u0131n anlatt\u0131\u011f\u0131&#8230; D\u00fc\u015f\u00fcnceler ve fikirler kadar huzursuz ki\u015filiklerce de yo\u011frulmu\u015f bir \u00e7a\u011f\u0131n, bir ku\u015fa\u011f\u0131n hik\u00e2yesi&#8230; Herzen, Ogaryov ve Bakunin ku\u015fa\u011f\u0131n\u0131n, t\u0131pk\u0131 ba\u015fka ku\u015faklar gibi, bir ge\u00e7i\u015f ku\u015fa\u011f\u0131 oldu\u011fu s\u00f6ylenegelir. Ancak bu ku\u015fa\u011f\u0131n i\u00e7inden ge\u00e7mek zorunda kald\u0131\u011f\u0131 de\u011fi\u015fim, hayret verici bir h\u0131zdayd\u0131. (&#8230;) Onlar hen\u00fcz inand\u0131klar\u0131 ilkeler \u00fczerine vaaz vermeye devam ederlerken, ba\u015fka sesler dinleyicilerini al\u0131p g\u00f6t\u00fcrm\u00fc\u015ft\u00fc. -E.H. Carr<\/p>\n","protected":false},"excerpt":{"rendered":"<p>Rus entelijansiyas\u0131n\u0131n 1840\u2019larda Avrupa\u2019ya s\u00fcrg\u00fcn edilen ku\u015fa\u011f\u0131, Rus siyasal d\u00fc\u015f\u00fcncesinde romantizmden Marksizme uzanan s\u00fcrecin ta\u015flar\u0131n\u0131 d\u00f6\u015femi\u015fti. E. H. Carr, Romantik S\u00fcrg\u00fcnler\u2019de bu tarihsel d\u00f6n\u00fc\u015f\u00fcm\u00fc ele al\u0131yor.<span class=\"excerpt-hellip\"> [\u2026]<\/span><\/p>\n","protected":false},"featured_media":0,"template":"","meta":{"_monsterinsights_skip_tracking":false,"_monsterinsights_sitenote_active":false,"_monsterinsights_sitenote_note":"","_monsterinsights_sitenote_category":0},"product_brand":[],"product_cat":[12305,12304],"product_tag":[],"class_list":{"0":"post-695127","1":"product","2":"type-product","3":"status-publish","5":"product_cat-dunya-tarihi","6":"product_cat-tarih","7":"pa_cilt-ciltsiz","8":"pa_tur-kitap","9":"pa_yayinevi-iletisim-yayinlari","10":"pa_yazar-edward-hallet-carr","12":"first","13":"instock","14":"sale","15":"shipping-taxable","16":"purchasable","17":"product-type-simple"},"_links":{"self":[{"href":"https:\/\/roveyayinevi.com.tr\/index.php\/wp-json\/wp\/v2\/product\/695127","targetHints":{"allow":["GET"]}}],"collection":[{"href":"https:\/\/roveyayinevi.com.tr\/index.php\/wp-json\/wp\/v2\/product"}],"about":[{"href":"https:\/\/roveyayinevi.com.tr\/index.php\/wp-json\/wp\/v2\/types\/product"}],"wp:attachment":[{"href":"https:\/\/roveyayinevi.com.tr\/index.php\/wp-json\/wp\/v2\/media?parent=695127"}],"wp:term":[{"taxonomy":"product_brand","embeddable":true,"href":"https:\/\/roveyayinevi.com.tr\/index.php\/wp-json\/wp\/v2\/product_brand?post=695127"},{"taxonomy":"product_cat","embeddable":true,"href":"https:\/\/roveyayinevi.com.tr\/index.php\/wp-json\/wp\/v2\/product_cat?post=695127"},{"taxonomy":"product_tag","embeddable":true,"href":"https:\/\/roveyayinevi.com.tr\/index.php\/wp-json\/wp\/v2\/product_tag?post=695127"}],"curies":[{"name":"wp","href":"https:\/\/api.w.org\/{rel}","templated":true}]}}