{"id":695126,"date":"2025-08-27T14:26:20","date_gmt":"2025-08-27T11:26:20","guid":{"rendered":"https:\/\/roveyayinevi.com.tr\/index.php\/urun\/ol-dedi-oldu-big-bangin-nefes-kesen-oykusu-1\/"},"modified":"2026-04-16T02:05:02","modified_gmt":"2026-04-15T23:05:02","slug":"ol-dedi-oldu-big-bangin-nefes-kesen-oykusu-1","status":"publish","type":"product","link":"https:\/\/roveyayinevi.com.tr\/index.php\/urun\/ol-dedi-oldu-big-bangin-nefes-kesen-oykusu-1\/","title":{"rendered":"Ol Dedi Oldu  Big-Bang\u2019in Nefes Kesen \u00d6yk\u00fcs\u00fc 1"},"content":{"rendered":"<p>Evren sahnesinin perdesi a\u00e7\u0131ld\u0131\u011f\u0131ndan bu yana var\u0131z. Hem izleyicisi hem de oyuncusu oldu\u011fumuz bu sahnede bizden \u00f6nce olanlar ve bizden sonra olacaklar \u00fczerine pek \u00e7ok teori ortaya at\u0131ld\u0131. Ta\u015fk\u0131n Tuna bilimin \u0131\u015f\u0131\u011f\u0131nda evrenin ser\u00fcvenini ele al\u0131rken; bizi keyifli oldu\u011fu kadar d\u00fc\u015f\u00fcnd\u00fcr\u00fcc\u00fc bir yolculu\u011fa \u00e7\u0131kar\u0131yor. Uzay-zaman kavram\u0131, kara delikler, atomun derinlikleri ve daha pek \u00e7ok konu bu kez inan\u00e7 felsefesinin ve islam\u2019\u0131n \u0131\u015f\u0131\u011f\u0131yla ayd\u0131nlan\u0131yor. Bu kitab\u0131, ayetleri do\u011frulamak i\u00e7in de\u011fil, bilimin ger\u00e7eklerini \u0130slam\u2019\u0131n bak\u0131\u015f\u0131 ile de\u011ferlendirmek \u00fczere kaleme ald\u0131\u011f\u0131n\u0131 \u00f6nemle vurguluyor Tuna. \ufffcTan\u0131t\u0131m Metni<\/p>\n","protected":false},"excerpt":{"rendered":"<p>Evren sahnesinin perdesi a\u00e7\u0131ld\u0131\u011f\u0131ndan bu yana var\u0131z. Hem izleyicisi hem de oyuncusu oldu\u011fumuz bu sahnede bizden \u00f6nce olanlar ve bizden sonra olacaklar \u00fczerine pek \u00e7ok teori<span class=\"excerpt-hellip\"> [\u2026]<\/span><\/p>\n","protected":false},"featured_media":0,"template":"","meta":{"_monsterinsights_skip_tracking":false,"_monsterinsights_sitenote_active":false,"_monsterinsights_sitenote_note":"","_monsterinsights_sitenote_category":0},"product_brand":[],"product_cat":[16789,12718,12719],"product_tag":[],"class_list":{"0":"post-695126","1":"product","2":"type-product","3":"status-publish","5":"product_cat-diger-islam","6":"product_cat-din","7":"product_cat-islam","8":"pa_tur-kitap","9":"pa_yayinevi-sule-yayinlari","10":"pa_yazar-taskin-tuna","12":"first","13":"instock","14":"sale","15":"shipping-taxable","16":"purchasable","17":"product-type-simple"},"_links":{"self":[{"href":"https:\/\/roveyayinevi.com.tr\/index.php\/wp-json\/wp\/v2\/product\/695126","targetHints":{"allow":["GET"]}}],"collection":[{"href":"https:\/\/roveyayinevi.com.tr\/index.php\/wp-json\/wp\/v2\/product"}],"about":[{"href":"https:\/\/roveyayinevi.com.tr\/index.php\/wp-json\/wp\/v2\/types\/product"}],"wp:attachment":[{"href":"https:\/\/roveyayinevi.com.tr\/index.php\/wp-json\/wp\/v2\/media?parent=695126"}],"wp:term":[{"taxonomy":"product_brand","embeddable":true,"href":"https:\/\/roveyayinevi.com.tr\/index.php\/wp-json\/wp\/v2\/product_brand?post=695126"},{"taxonomy":"product_cat","embeddable":true,"href":"https:\/\/roveyayinevi.com.tr\/index.php\/wp-json\/wp\/v2\/product_cat?post=695126"},{"taxonomy":"product_tag","embeddable":true,"href":"https:\/\/roveyayinevi.com.tr\/index.php\/wp-json\/wp\/v2\/product_tag?post=695126"}],"curies":[{"name":"wp","href":"https:\/\/api.w.org\/{rel}","templated":true}]}}