{"id":695122,"date":"2025-08-27T14:26:19","date_gmt":"2025-08-27T11:26:19","guid":{"rendered":"https:\/\/roveyayinevi.com.tr\/index.php\/urun\/akiskan-gozetim\/"},"modified":"2026-04-13T02:06:05","modified_gmt":"2026-04-12T23:06:05","slug":"akiskan-gozetim","status":"publish","type":"product","link":"https:\/\/roveyayinevi.com.tr\/index.php\/urun\/akiskan-gozetim\/","title":{"rendered":"Ak\u0131\u015fkan G\u00f6zetim"},"content":{"rendered":"<p>Bug\u00fcn hayat\u0131m\u0131z\u0131n her ayr\u0131nt\u0131s\u0131 hi\u00e7bir zaman olmad\u0131\u011f\u0131 kadar \u00e7ok yak\u0131ndan izleniyor, kaydediliyor. G\u00f6zetim alt\u0131ndakiler genellikle g\u00f6zetleyenlerle g\u00f6n\u00fcll\u00fc bir i\u015fbirli\u011fi i\u00e7inde. Londra\u2019dan New York\u2019a, Yeni Delhi\u2019den \u0130stanbul\u2019a, b\u00fct\u00fcn b\u00fcy\u00fck kentlerde kameralar art\u0131k kamusal alanlar\u0131n al\u0131\u015f\u0131ld\u0131k, itiraz edilmeyen par\u00e7as\u0131 haline geldi. U\u00e7a\u011fa binecekseniz, bedeniniz boydan boya taran\u0131p biyometrik kontrole tabi tutulur; arama motorlar\u0131 ve kredi kart\u0131 okuyucular\u0131 b\u00fct\u00fcn al\u0131\u015fkanl\u0131klar\u0131m\u0131z\u0131, ilgilerimizi ve tercihlerimizi kaydedip sessizce piyasan\u0131n hizmetine sokar. G\u00fcn\u00fcm\u00fcz\u00fcn ak\u0131\u015fkan modern d\u00fcnyas\u0131nda, g\u00fcnl\u00fck hayat\u0131m\u0131z\u0131n i\u015fleyi\u015fini esneklik ve hareketlilik belirliyor. Ulusal s\u0131n\u0131rlar\u0131 ge\u00e7mek s\u0131radan bir etkinlik haline gelirken, sosyal medya herkesin her an elinin alt\u0131nda. G\u00fcn\u00fcm\u00fcz\u00fcn yurtta\u015flar\u0131, i\u015f\u00e7ileri ve t\u00fcketicileri durmadan hareket ediyor ve genellikle kesinlikten ve s\u0131n\u0131rlardan uzak ya\u015f\u0131yor. Ancak mek\u00e2n\u0131n sabitlikten uzak ve zaman\u0131n s\u0131n\u0131rs\u0131z oldu\u011fu bu d\u00fcnyada, hi\u00e7bir hareketimiz yok ki kaydedilmesin. G\u00f6zetim, modern hayat\u0131n bu ak\u0131\u015fkan do\u011fas\u0131na uyum sa\u011flayarak, hi\u00e7bir zaman olmad\u0131\u011f\u0131 kadar h\u0131zl\u0131 bir \u015fekilde, eri\u015femedi\u011fi hi\u00e7bir alan b\u0131rakmamak \u00fczere yay\u0131l\u0131yor. Ak\u0131\u015fkan G\u00f6zetim\u2019de, ak\u0131\u015fkan modern d\u00fcnyay\u0131 en ince ayr\u0131nt\u0131s\u0131na kadar g\u00f6zler \u00f6n\u00fcne seren b\u00fcy\u00fck kuramc\u0131 ZygmuntBauman\u2019la, g\u00f6zetim ve kontrol mekanizmalar\u0131 konular\u0131nda d\u00fcnyan\u0131n en \u00f6nde gelen analistlerinden David Lyon bir araya geliyor ve \u00e7ok hayati sorunlar\u0131 birlikte masaya yat\u0131r\u0131yorlar. Her an\u0131m\u0131z\u0131n g\u00f6zetlendi\u011fi karanl\u0131k bir gelecek mi bekliyor bizi?  \u00d6zg\u00fcrl\u00fc\u011fe ve umuda yer kalmad\u0131 m\u0131 art\u0131k? G\u00fcndelik hayat\u0131n ko\u015fu\u015fturmas\u0131 i\u00e7inde kaybetti\u011fimiz insan olma sorumlulu\u011fumuza nas\u0131l sahip \u00e7\u0131kabiliriz? Akademik \u00e7evreler kadar genel okuru da ilgilendiren bu sorular\u0131, iktidar, teknoloji ve ahlak \u00e7er\u00e7evesinde irdeleyen iki b\u00fcy\u00fck d\u00fc\u015f\u00fcn\u00fcr, bug\u00fcn g\u00f6zetlenmenin ve g\u00f6zetlemenin ne anlama geldi\u011fini anlat\u0131yor bize. <\/p>\n","protected":false},"excerpt":{"rendered":"<p>Bug\u00fcn hayat\u0131m\u0131z\u0131n her ayr\u0131nt\u0131s\u0131 hi\u00e7bir zaman olmad\u0131\u011f\u0131 kadar \u00e7ok yak\u0131ndan izleniyor, kaydediliyor. G\u00f6zetim alt\u0131ndakiler genellikle g\u00f6zetleyenlerle g\u00f6n\u00fcll\u00fc bir i\u015fbirli\u011fi i\u00e7inde. Londra\u2019dan New York\u2019a, Yeni Delhi\u2019den \u0130stanbul\u2019a,<span class=\"excerpt-hellip\"> [\u2026]<\/span><\/p>\n","protected":false},"featured_media":0,"template":"","meta":{"_monsterinsights_skip_tracking":false,"_monsterinsights_sitenote_active":false,"_monsterinsights_sitenote_note":"","_monsterinsights_sitenote_category":0},"product_brand":[],"product_cat":[12777,12291],"product_tag":[],"class_list":{"0":"post-695122","1":"product","2":"type-product","3":"status-publish","5":"product_cat-deneme","6":"product_cat-edebiyat","7":"pa_cilt-ciltsiz","8":"pa_tur-kitap","9":"pa_yayinevi-ayrinti-yayinlari","10":"pa_yazar-zygmunt-bauman-david-lyon","12":"first","13":"instock","14":"sale","15":"shipping-taxable","16":"purchasable","17":"product-type-simple"},"_links":{"self":[{"href":"https:\/\/roveyayinevi.com.tr\/index.php\/wp-json\/wp\/v2\/product\/695122","targetHints":{"allow":["GET"]}}],"collection":[{"href":"https:\/\/roveyayinevi.com.tr\/index.php\/wp-json\/wp\/v2\/product"}],"about":[{"href":"https:\/\/roveyayinevi.com.tr\/index.php\/wp-json\/wp\/v2\/types\/product"}],"wp:attachment":[{"href":"https:\/\/roveyayinevi.com.tr\/index.php\/wp-json\/wp\/v2\/media?parent=695122"}],"wp:term":[{"taxonomy":"product_brand","embeddable":true,"href":"https:\/\/roveyayinevi.com.tr\/index.php\/wp-json\/wp\/v2\/product_brand?post=695122"},{"taxonomy":"product_cat","embeddable":true,"href":"https:\/\/roveyayinevi.com.tr\/index.php\/wp-json\/wp\/v2\/product_cat?post=695122"},{"taxonomy":"product_tag","embeddable":true,"href":"https:\/\/roveyayinevi.com.tr\/index.php\/wp-json\/wp\/v2\/product_tag?post=695122"}],"curies":[{"name":"wp","href":"https:\/\/api.w.org\/{rel}","templated":true}]}}