{"id":695121,"date":"2025-08-27T14:26:18","date_gmt":"2025-08-27T11:26:18","guid":{"rendered":"https:\/\/roveyayinevi.com.tr\/index.php\/urun\/ankanin-sonbahari-osmanlida-iktisadi-modernlesme-ve-uluslararasi-sermaye\/"},"modified":"2026-04-16T02:05:02","modified_gmt":"2026-04-15T23:05:02","slug":"ankanin-sonbahari-osmanlida-iktisadi-modernlesme-ve-uluslararasi-sermaye","status":"publish","type":"product","link":"https:\/\/roveyayinevi.com.tr\/index.php\/urun\/ankanin-sonbahari-osmanlida-iktisadi-modernlesme-ve-uluslararasi-sermaye\/","title":{"rendered":"Anka&#8217;n\u0131n Sonbahar\u0131: Osmanl\u0131&#8217;da \u0130ktisadi Modernle\u015fme ve Uluslararas\u0131 Sermaye"},"content":{"rendered":"<p>Elinizdeki kitap, Osmanl\u0131 Devleti\u2019nin, son y\u00fczy\u0131l\u0131nda Avrupa kar\u015f\u0131s\u0131nda g\u00f6sterdi\u011fi direni\u015fi, verdi\u011fi iktisad\u00ee var olma kavgas\u0131n\u0131 ve bu s\u00fcre\u00e7te uluslararas\u0131 sermayenin oynad\u0131\u011f\u0131 rol\u00fc, birinci elden kaynaklara dayanarak anlat\u0131yor. Kitab\u0131n a\u011f\u0131rl\u0131k noktas\u0131n\u0131, uluslararas\u0131 sermayenin in\u015fa etti\u011fi demiryollar\u0131yla bunlar\u0131n \u00e7evresinde meydana getirdi\u011fi sosyal ve iktisad\u00ee de\u011fi\u015fim olu\u015fturuyor. Ayr\u0131ca, \u0130ttihat ve Terakki Cemiyeti\u2019nin 1914-1918 aras\u0131nda uygulad\u0131\u011f\u0131 iktisat politikalar\u0131n\u0131n \u00fcr\u00fcn\u00fc olan mill\u00ee \u015firketlerin kurulu\u015fu ve faaliyetleri, kitapta ele al\u0131nan en ilgin\u00e7 konulardan biri. D\u00fcnya sava\u015f\u0131 ko\u015fullar\u0131n\u0131n b\u00fct\u00fcn olumsuzluklar\u0131na ra\u011fmen s\u00fcrd\u00fcr\u00fclen giri\u015fimlere ve \u00f6zellikle Kara Kemal\u2019in faaliyetlerine dair yeni ve \u00e7arp\u0131c\u0131 bilgiler, \u0130ttihat\u00e7\u0131lar\u0131n tarihimizdeki rol\u00fcn\u00fcn daha iyi de\u011ferlendirilebilmesi yolunda yepyeni ufuklar a\u00e7\u0131yor. Yine bu d\u00f6nemde \u0130ttihat\u00e7\u0131lar\u0131n kad\u0131nlar\u0131 sosyal ve iktisad\u00ee hayat\u0131n i\u00e7ine daha fazla \u00e7ekme hedeflerinin bir tezah\u00fcr\u00fc olarak ortaya \u00e7\u0131kan Han\u0131mlara Mahsus E\u015fya Pazar\u0131 Osmanl\u0131 Anonim \u015eirketi \u00f6zelinde kad\u0131n\u0131n iktisad\u00ee ve sosyal hayattaki yeriyle ilgili yap\u0131lan ilgin\u00e7 f\u0131kh\u00ee tart\u0131\u015fmalar \u00fczerinde duruluyor. Nihayet, Osmanl\u0131 iktisad\u00ee reformlar\u0131n\u0131n \u00f6n\u00fcndeki en b\u00fcy\u00fck engellerden biri olan kapit\u00fclasyonlarla, bunlara dayanarak vergi vermeyen ve hi\u00e7bir denetimi kabul etmeyen yabanc\u0131 \u015firketleri devletin kontrol alt\u0131na alma \u00e7abalar\u0131 inceleniyor. Anka\u2019n\u0131n Sonbahar\u0131, Ali Aky\u0131ld\u0131z\u2019\u0131n ger\u00e7ek bir tarih\u00e7i titizli\u011fiyle uzun y\u0131llard\u0131r s\u00fcrd\u00fcrd\u00fc\u011f\u00fc \u00e7al\u0131\u015fmalar\u0131n\u0131n semeresi. <\/p>\n","protected":false},"excerpt":{"rendered":"<p>Elinizdeki kitap, Osmanl\u0131 Devleti\u2019nin, son y\u00fczy\u0131l\u0131nda Avrupa kar\u015f\u0131s\u0131nda g\u00f6sterdi\u011fi direni\u015fi, verdi\u011fi iktisad\u00ee var olma kavgas\u0131n\u0131 ve bu s\u00fcre\u00e7te uluslararas\u0131 sermayenin oynad\u0131\u011f\u0131 rol\u00fc, birinci elden kaynaklara dayanarak<span class=\"excerpt-hellip\"> [\u2026]<\/span><\/p>\n","protected":false},"featured_media":0,"template":"","meta":{"_monsterinsights_skip_tracking":false,"_monsterinsights_sitenote_active":false,"_monsterinsights_sitenote_note":"","_monsterinsights_sitenote_category":0},"product_brand":[],"product_cat":[13517,12304],"product_tag":[],"class_list":{"0":"post-695121","1":"product","2":"type-product","3":"status-publish","5":"product_cat-osmanli-tarihi","6":"product_cat-tarih","7":"pa_cilt-ciltsiz","8":"pa_tur-kitap","9":"pa_yayinevi-iletisim-yayinlari","10":"pa_yazar-ali-akyildiz","12":"first","13":"instock","14":"sale","15":"shipping-taxable","16":"purchasable","17":"product-type-simple"},"_links":{"self":[{"href":"https:\/\/roveyayinevi.com.tr\/index.php\/wp-json\/wp\/v2\/product\/695121","targetHints":{"allow":["GET"]}}],"collection":[{"href":"https:\/\/roveyayinevi.com.tr\/index.php\/wp-json\/wp\/v2\/product"}],"about":[{"href":"https:\/\/roveyayinevi.com.tr\/index.php\/wp-json\/wp\/v2\/types\/product"}],"wp:attachment":[{"href":"https:\/\/roveyayinevi.com.tr\/index.php\/wp-json\/wp\/v2\/media?parent=695121"}],"wp:term":[{"taxonomy":"product_brand","embeddable":true,"href":"https:\/\/roveyayinevi.com.tr\/index.php\/wp-json\/wp\/v2\/product_brand?post=695121"},{"taxonomy":"product_cat","embeddable":true,"href":"https:\/\/roveyayinevi.com.tr\/index.php\/wp-json\/wp\/v2\/product_cat?post=695121"},{"taxonomy":"product_tag","embeddable":true,"href":"https:\/\/roveyayinevi.com.tr\/index.php\/wp-json\/wp\/v2\/product_tag?post=695121"}],"curies":[{"name":"wp","href":"https:\/\/api.w.org\/{rel}","templated":true}]}}