{"id":695117,"date":"2025-08-27T14:26:18","date_gmt":"2025-08-27T11:26:18","guid":{"rendered":"https:\/\/roveyayinevi.com.tr\/index.php\/urun\/musanin-evlatlari-cumhuriyetin-yurttaslari\/"},"modified":"2026-04-16T02:05:02","modified_gmt":"2026-04-15T23:05:02","slug":"musanin-evlatlari-cumhuriyetin-yurttaslari","status":"publish","type":"product","link":"https:\/\/roveyayinevi.com.tr\/index.php\/urun\/musanin-evlatlari-cumhuriyetin-yurttaslari\/","title":{"rendered":"Musa&#8217;n\u0131n Evlatlar\u0131 Cumhuriyet&#8217;in Yurtta\u015flar\u0131"},"content":{"rendered":"<p>Babil Talmud\u2019unda Krall\u0131\u011f\u0131n kanunu, ge\u00e7erli olan kanundur yazar. T\u00fcrkiye\u2019e Yahudiler, ya\u015fad\u0131klar\u0131 \u00fclkenin iyi birer yurtta\u015f\u0131 olmalar\u0131n\u0131 \u00f6\u011f\u00fctleyen bu kurala hep uymu\u015f ve T\u00fcrk-Yahudi birlikteli\u011fini idealize etmi\u015flerdir. Ulus-devlet olma s\u00fcrecinde vurgulanan tebaal\u0131ktan yurtta\u015fl\u0131\u011fa ge\u00e7i\u015f, az\u0131nl\u0131k politikalar\u0131na bak\u0131nca pek de tamamlanmam\u0131\u015f g\u00f6r\u00fcn\u00fcyor. R\u0131fat N. Bali\u2019nin makalelerinin temel omurgas\u0131n\u0131 da bu yurtta\u015fl\u0131k meselesi olu\u015fturuyor: E\u015fit haklara sahip yurtta\u015flar toplulu\u011fu bir ideal olarak m\u0131 kalm\u0131\u015ft\u0131r? Az\u0131nl\u0131klar-devlet-kamuoyu ili\u015fkilerini belli olaylar \u00fczerinden t\u00fcm y\u00f6nleriyle ara\u015ft\u0131ran Bali, bir Yahudi ailesinin \u00f6yk\u00fcs\u00fcn\u00fc, Hareket Ordusu\u2019ndaki Yahudi Taburu\u2019nu, Manisa Moris \u015einasi Hastanesi\u2019ni ve \u0130kinci D\u00fcnya Sava\u015f\u0131 y\u0131llar\u0131ndaki boykot giri\u015fimlerini anlat\u0131yor. Bug\u00fcne kadar marjinal bir mesele olarak g\u00f6r\u00fclen antisemitizmi, Cevat R\u0131fat Atilhan, T\u00fcrkiye Siyonizmle M\u00fccadele Derne\u011fi ve \u00e7e\u015fitli yay\u0131nlar \u00fczerinden ortaya koyuyor. Bali, kamuoyunun ve siyasi iktidarlar\u0131n g\u00f6rmezlikten geldi\u011fi bu ak\u0131m\u0131, Cumhuriyet\u2019in g\u00f6zden ka\u00e7an yan\u0131 olarak nitelendiriyor ve T\u00fcrkiye\u2019de \u0131rk\u00e7\u0131l\u0131k olmad\u0131\u011f\u0131 yan\u0131lsamas\u0131na ayr\u0131nt\u0131l\u0131 bir kar\u015f\u0131l\u0131k veriyor. \ufffcTan\u0131t\u0131m Metni<\/p>\n","protected":false},"excerpt":{"rendered":"<p>Babil Talmud\u2019unda Krall\u0131\u011f\u0131n kanunu, ge\u00e7erli olan kanundur yazar. T\u00fcrkiye\u2019e Yahudiler, ya\u015fad\u0131klar\u0131 \u00fclkenin iyi birer yurtta\u015f\u0131 olmalar\u0131n\u0131 \u00f6\u011f\u00fctleyen bu kurala hep uymu\u015f ve T\u00fcrk-Yahudi birlikteli\u011fini idealize etmi\u015flerdir.<span class=\"excerpt-hellip\"> [\u2026]<\/span><\/p>\n","protected":false},"featured_media":0,"template":"","meta":{"_monsterinsights_skip_tracking":false,"_monsterinsights_sitenote_active":false,"_monsterinsights_sitenote_note":"","_monsterinsights_sitenote_category":0},"product_brand":[],"product_cat":[12304,13493],"product_tag":[],"class_list":{"0":"post-695117","1":"product","2":"type-product","3":"status-publish","5":"product_cat-tarih","6":"product_cat-turkiye-ve-cumhuriyet-tarihi","7":"pa_cilt-ciltsiz","8":"pa_tur-kitap","9":"pa_yayinevi-iletisim-yayinlari","10":"pa_yazar-rifat-n-bali","12":"first","13":"instock","14":"sale","15":"shipping-taxable","16":"purchasable","17":"product-type-simple"},"_links":{"self":[{"href":"https:\/\/roveyayinevi.com.tr\/index.php\/wp-json\/wp\/v2\/product\/695117","targetHints":{"allow":["GET"]}}],"collection":[{"href":"https:\/\/roveyayinevi.com.tr\/index.php\/wp-json\/wp\/v2\/product"}],"about":[{"href":"https:\/\/roveyayinevi.com.tr\/index.php\/wp-json\/wp\/v2\/types\/product"}],"wp:attachment":[{"href":"https:\/\/roveyayinevi.com.tr\/index.php\/wp-json\/wp\/v2\/media?parent=695117"}],"wp:term":[{"taxonomy":"product_brand","embeddable":true,"href":"https:\/\/roveyayinevi.com.tr\/index.php\/wp-json\/wp\/v2\/product_brand?post=695117"},{"taxonomy":"product_cat","embeddable":true,"href":"https:\/\/roveyayinevi.com.tr\/index.php\/wp-json\/wp\/v2\/product_cat?post=695117"},{"taxonomy":"product_tag","embeddable":true,"href":"https:\/\/roveyayinevi.com.tr\/index.php\/wp-json\/wp\/v2\/product_tag?post=695117"}],"curies":[{"name":"wp","href":"https:\/\/api.w.org\/{rel}","templated":true}]}}