{"id":695116,"date":"2025-08-27T14:26:17","date_gmt":"2025-08-27T11:26:17","guid":{"rendered":"https:\/\/roveyayinevi.com.tr\/index.php\/urun\/assassins-creed-1-desmond\/"},"modified":"2026-04-16T02:05:02","modified_gmt":"2026-04-15T23:05:02","slug":"assassins-creed-1-desmond","status":"publish","type":"product","link":"https:\/\/roveyayinevi.com.tr\/index.php\/urun\/assassins-creed-1-desmond\/","title":{"rendered":"Assassin&#8217;s Creed 1 &#8211; Desmond"},"content":{"rendered":"<p>Desmond Miles neden y\u00fcksek g\u00fcvenlikli bir laboratuvarda hapis?Gizemli bilim adamlar\u0131 ondan ne istiyor?DNA&#8217;s\u0131n\u0131n derinliklerindeki genetik haf\u0131zas\u0131 hangi muhte\u015fem s\u0131rr\u0131 bar\u0131nd\u0131r\u0131yor?Hepsi de Suikast\u00e7\u0131 olan Desmond&#8217;\u0131n atalar\u0131n\u0131n ge\u00e7mi\u015fi neden didik didik ediliyor?Bilim adamlar\u0131 bir Suikast\u00e7\u0131n\u0131n an\u0131lar\u0131n\u0131 canland\u0131rman\u0131n tehlikeli oldu\u011funun fark\u0131ndalar m\u0131?8 milyonun \u00fczerinde sat\u0131\u015f rakam\u0131na sahip Assassin&#8217;s Creed adl\u0131 bilgisayar oyununun kahramanlar\u0131, \u00fcnl\u00fc senarist Corbeyran&#8217;\u0131n kalemi ve \u00e7izer Djillali Defali&#8217;nin \u00e7izgileri ile hayat buluyor ve bizi, oyunseverleri \u015fa\u015fk\u0131na \u00e7evirecek, hi\u00e7 yay\u0131nlanmam\u0131\u015f, zaman ve bilime meydan okuyan heyecanl\u0131 bir maceraya davet ediyor!<\/p>\n","protected":false},"excerpt":{"rendered":"<p>Desmond Miles neden y\u00fcksek g\u00fcvenlikli bir laboratuvarda hapis?Gizemli bilim adamlar\u0131 ondan ne istiyor?DNA&#8217;s\u0131n\u0131n derinliklerindeki genetik haf\u0131zas\u0131 hangi muhte\u015fem s\u0131rr\u0131 bar\u0131nd\u0131r\u0131yor?Hepsi de Suikast\u00e7\u0131 olan Desmond&#8217;\u0131n atalar\u0131n\u0131n ge\u00e7mi\u015fi<span class=\"excerpt-hellip\"> [\u2026]<\/span><\/p>\n","protected":false},"featured_media":0,"template":"","meta":{"_monsterinsights_skip_tracking":false,"_monsterinsights_sitenote_active":false,"_monsterinsights_sitenote_note":"","_monsterinsights_sitenote_category":0},"product_brand":[],"product_cat":[12416,12291],"product_tag":[],"class_list":{"0":"post-695116","1":"product","2":"type-product","3":"status-publish","5":"product_cat-cizgi-roman","6":"product_cat-edebiyat","7":"pa_cilt-ciltsiz","8":"pa_tur-kitap","9":"pa_yayinevi-akil-celen-kitaplar","10":"pa_yazar-eric-corbeyran","12":"first","13":"instock","14":"sale","15":"shipping-taxable","16":"purchasable","17":"product-type-simple"},"_links":{"self":[{"href":"https:\/\/roveyayinevi.com.tr\/index.php\/wp-json\/wp\/v2\/product\/695116","targetHints":{"allow":["GET"]}}],"collection":[{"href":"https:\/\/roveyayinevi.com.tr\/index.php\/wp-json\/wp\/v2\/product"}],"about":[{"href":"https:\/\/roveyayinevi.com.tr\/index.php\/wp-json\/wp\/v2\/types\/product"}],"wp:attachment":[{"href":"https:\/\/roveyayinevi.com.tr\/index.php\/wp-json\/wp\/v2\/media?parent=695116"}],"wp:term":[{"taxonomy":"product_brand","embeddable":true,"href":"https:\/\/roveyayinevi.com.tr\/index.php\/wp-json\/wp\/v2\/product_brand?post=695116"},{"taxonomy":"product_cat","embeddable":true,"href":"https:\/\/roveyayinevi.com.tr\/index.php\/wp-json\/wp\/v2\/product_cat?post=695116"},{"taxonomy":"product_tag","embeddable":true,"href":"https:\/\/roveyayinevi.com.tr\/index.php\/wp-json\/wp\/v2\/product_tag?post=695116"}],"curies":[{"name":"wp","href":"https:\/\/api.w.org\/{rel}","templated":true}]}}