{"id":695114,"date":"2025-08-27T14:26:17","date_gmt":"2025-08-27T11:26:17","guid":{"rendered":"https:\/\/roveyayinevi.com.tr\/index.php\/urun\/sinsi-oyunlar\/"},"modified":"2026-04-16T02:05:02","modified_gmt":"2026-04-15T23:05:02","slug":"sinsi-oyunlar","status":"publish","type":"product","link":"https:\/\/roveyayinevi.com.tr\/index.php\/urun\/sinsi-oyunlar\/","title":{"rendered":"Sinsi Oyunlar"},"content":{"rendered":"<p>De\u011ferli \u00c7ocuklar, Kanuni Sultan S\u00fcleyman yar\u0131m y\u00fczy\u0131la yak\u0131n bir s\u00fcre padi\u015fahl\u0131k yapt\u0131. Sadrazam Sokullu Mehmet Pa\u015fa K\u0131br\u0131s seferine kar\u015f\u0131 \u00e7\u0131kt\u0131; ama engel olamad\u0131. D\u00fc\u015fman iki ordu, hava karar\u0131nca elde me\u015falelerle sava\u015fmak zorundayd\u0131. III. Murat zaman\u0131nda, do\u011fuda en geni\u015f s\u0131n\u0131rlara ula\u015f\u0131ld\u0131. Sokullu Mehmet Pa\u015fa\u2019n\u0131n \u00f6l\u00fcm\u00fcyle duraklama d\u00f6nemine girmek art\u0131k ka\u00e7\u0131n\u0131lmazd\u0131. Tiryaki Hasan Pa\u015fa, Avusturya ordusunu yenmek i\u00e7in t\u00fcrl\u00fc oyunlar oynad\u0131. Kanuni Sultan S\u00fcleyman\u2019\u0131n \u00f6l\u00fcm\u00fcnden sonra Osmanl\u0131\u2019n\u0131n ya\u015fad\u0131klar\u0131, idari yap\u0131daki de\u011fi\u015fiklikler ve duraklama d\u00f6nemine g\u00f6t\u00fcren t\u00fcm sebepler, Sinsi Oyunlar isimli bu kitapta anlat\u0131ld\u0131. Kitapta konuyla ilgili etkinliklere de yer verilmi\u015f. Bu etkinlikler konunun iyi anla\u015f\u0131lmas\u0131, peki\u015ftirilmesi i\u00e7in \u00e7ok farkl\u0131 formatlarda haz\u0131rlanm\u0131\u015f. Kimi \u00e7oktan se\u00e7meli soru, kimi bilgi\/kavram e\u015fle\u015ftirme, kimi bulmaca. \ufffcTan\u0131t\u0131m Metni<\/p>\n","protected":false},"excerpt":{"rendered":"<p>De\u011ferli \u00c7ocuklar, Kanuni Sultan S\u00fcleyman yar\u0131m y\u00fczy\u0131la yak\u0131n bir s\u00fcre padi\u015fahl\u0131k yapt\u0131. Sadrazam Sokullu Mehmet Pa\u015fa K\u0131br\u0131s seferine kar\u015f\u0131 \u00e7\u0131kt\u0131; ama engel olamad\u0131. D\u00fc\u015fman iki ordu,<span class=\"excerpt-hellip\"> [\u2026]<\/span><\/p>\n","protected":false},"featured_media":0,"template":"","meta":{"_monsterinsights_skip_tracking":false,"_monsterinsights_sitenote_active":false,"_monsterinsights_sitenote_note":"","_monsterinsights_sitenote_category":0},"product_brand":[],"product_cat":[12492,12274],"product_tag":[],"class_list":{"0":"post-695114","1":"product","2":"type-product","3":"status-publish","5":"product_cat-bilmece-bulmaca","6":"product_cat-cocuk-ve-genclik-kitaplari","7":"pa_tur-kitap","8":"pa_yayinevi-timas-cocuk","9":"pa_yazar-metin-ozdamarlar","11":"first","12":"instock","13":"sale","14":"shipping-taxable","15":"purchasable","16":"product-type-simple"},"_links":{"self":[{"href":"https:\/\/roveyayinevi.com.tr\/index.php\/wp-json\/wp\/v2\/product\/695114","targetHints":{"allow":["GET"]}}],"collection":[{"href":"https:\/\/roveyayinevi.com.tr\/index.php\/wp-json\/wp\/v2\/product"}],"about":[{"href":"https:\/\/roveyayinevi.com.tr\/index.php\/wp-json\/wp\/v2\/types\/product"}],"wp:attachment":[{"href":"https:\/\/roveyayinevi.com.tr\/index.php\/wp-json\/wp\/v2\/media?parent=695114"}],"wp:term":[{"taxonomy":"product_brand","embeddable":true,"href":"https:\/\/roveyayinevi.com.tr\/index.php\/wp-json\/wp\/v2\/product_brand?post=695114"},{"taxonomy":"product_cat","embeddable":true,"href":"https:\/\/roveyayinevi.com.tr\/index.php\/wp-json\/wp\/v2\/product_cat?post=695114"},{"taxonomy":"product_tag","embeddable":true,"href":"https:\/\/roveyayinevi.com.tr\/index.php\/wp-json\/wp\/v2\/product_tag?post=695114"}],"curies":[{"name":"wp","href":"https:\/\/api.w.org\/{rel}","templated":true}]}}