{"id":695112,"date":"2025-08-27T14:26:16","date_gmt":"2025-08-27T11:26:16","guid":{"rendered":"https:\/\/roveyayinevi.com.tr\/index.php\/urun\/cokkulturluluk\/"},"modified":"2026-03-23T02:05:04","modified_gmt":"2026-03-22T23:05:04","slug":"cokkulturluluk","status":"publish","type":"product","link":"https:\/\/roveyayinevi.com.tr\/index.php\/urun\/cokkulturluluk\/","title":{"rendered":"\u00c7okk\u00fclt\u00fcrl\u00fcl\u00fck"},"content":{"rendered":"<p>Antik\u00e7a\u011f\u2019dan beri t\u00fcm toplumlarda, birlikte ya\u015faman\u0131n imk\u00e2n\u0131 ve ko\u015fullar\u0131 \u00fczerine bir tart\u0131\u015fma s\u00fcr\u00fcp gidiyor.. Bir tarafta kimlik talepleri ortaya at\u0131l\u0131p k\u00fclt\u00fcrel \u00f6zg\u00fcll\u00fckler savunulurken, di\u011fer tarafta toplumsal uyum ve siyasal iktidar ad\u0131na bir ve tek olma iddias\u0131 daima g\u00fcr bir sesle yineleniyor &#8230; \u00c7okk\u00fclt\u00fcrl\u00fcl\u00fck, bu \u00f6zerklik taleplerinin tan\u0131nmas\u0131n\u0131 ama\u00e7layan bir hareket olarak nitelenir. \u00c7okk\u00fclt\u00fcrl\u00fcl\u00fck anlay\u0131\u015f\u0131na g\u00f6re kamusal alanda farkl\u0131 k\u00fclt\u00fcrlerin bir arada ya\u015famas\u0131 sa\u011fl\u0131kl\u0131 bir toplumsal yap\u0131n\u0131n anahtar\u0131d\u0131r. Bu amaca y\u00f6nelik olarak pozitif ayr\u0131mc\u0131l\u0131k, anadilde e\u011fitim, k\u0131yafet \u00f6zg\u00fcrl\u00fc\u011f\u00fc gibi bir\u00e7ok uygulamaya ba\u015fvurulmas\u0131 s\u00f6z konusudur. T\u00fcm bu d\u00fczenlemelerin amac\u0131 \u00f6zetle, d\u00fcnyadaki kimlik hareketlerinin, farkl\u0131 k\u00fclt\u00fcrel ufuklara sahip n\u00fcfus topluluklar\u0131n\u0131n bir arada ve bar\u0131\u015f i\u00e7inde ya\u015fayabilmelerinin sa\u011flanmas\u0131d\u0131r. Milena Doytcheva bu kitapta \u00e7okk\u00fclt\u00fcrl\u00fcl\u00fc\u011f\u00fcn sorunlar\u0131n\u0131 ve kazan\u0131mlar\u0131n\u0131 sorguluyor. Yazar, \u00e7okk\u00fclt\u00fcrl\u00fc ya\u015fay\u0131\u015f prati\u011fini y\u00fcceltmeksizin, \u00f6te yandan zaaflar\u0131n\u0131 da g\u00f6zden ka\u00e7\u0131rmaks\u0131z\u0131n, ayr\u0131nt\u0131l\u0131 bir \u015fekilde ve belgelere dayanarak siyasi sonu\u00e7lar\u0131na \u0131\u015f\u0131k tutmaya \u00e7al\u0131\u015f\u0131yor. \ufffcTan\u0131t\u0131m Metni<\/p>\n","protected":false},"excerpt":{"rendered":"<p>Antik\u00e7a\u011f\u2019dan beri t\u00fcm toplumlarda, birlikte ya\u015faman\u0131n imk\u00e2n\u0131 ve ko\u015fullar\u0131 \u00fczerine bir tart\u0131\u015fma s\u00fcr\u00fcp gidiyor.. Bir tarafta kimlik talepleri ortaya at\u0131l\u0131p k\u00fclt\u00fcrel \u00f6zg\u00fcll\u00fckler savunulurken, di\u011fer tarafta toplumsal<span class=\"excerpt-hellip\"> [\u2026]<\/span><\/p>\n","protected":false},"featured_media":0,"template":"","meta":{"_monsterinsights_skip_tracking":false,"_monsterinsights_sitenote_active":false,"_monsterinsights_sitenote_note":"","_monsterinsights_sitenote_category":0},"product_brand":[],"product_cat":[13633,12324],"product_tag":[],"class_list":{"0":"post-695112","1":"product","2":"type-product","3":"status-publish","5":"product_cat-kultur-ve-bilim","6":"product_cat-sosyoloji","7":"pa_cilt-ciltsiz","8":"pa_tur-kitap","9":"pa_yayinevi-iletisim-yayinlari","10":"pa_yazar-milena-doytcheva","12":"first","13":"instock","14":"sale","15":"shipping-taxable","16":"purchasable","17":"product-type-simple"},"_links":{"self":[{"href":"https:\/\/roveyayinevi.com.tr\/index.php\/wp-json\/wp\/v2\/product\/695112","targetHints":{"allow":["GET"]}}],"collection":[{"href":"https:\/\/roveyayinevi.com.tr\/index.php\/wp-json\/wp\/v2\/product"}],"about":[{"href":"https:\/\/roveyayinevi.com.tr\/index.php\/wp-json\/wp\/v2\/types\/product"}],"wp:attachment":[{"href":"https:\/\/roveyayinevi.com.tr\/index.php\/wp-json\/wp\/v2\/media?parent=695112"}],"wp:term":[{"taxonomy":"product_brand","embeddable":true,"href":"https:\/\/roveyayinevi.com.tr\/index.php\/wp-json\/wp\/v2\/product_brand?post=695112"},{"taxonomy":"product_cat","embeddable":true,"href":"https:\/\/roveyayinevi.com.tr\/index.php\/wp-json\/wp\/v2\/product_cat?post=695112"},{"taxonomy":"product_tag","embeddable":true,"href":"https:\/\/roveyayinevi.com.tr\/index.php\/wp-json\/wp\/v2\/product_tag?post=695112"}],"curies":[{"name":"wp","href":"https:\/\/api.w.org\/{rel}","templated":true}]}}