{"id":695110,"date":"2025-08-27T14:26:16","date_gmt":"2025-08-27T11:26:16","guid":{"rendered":"https:\/\/roveyayinevi.com.tr\/index.php\/urun\/umrandan-uygarliga\/"},"modified":"2026-04-16T02:05:02","modified_gmt":"2026-04-15T23:05:02","slug":"umrandan-uygarliga","status":"publish","type":"product","link":"https:\/\/roveyayinevi.com.tr\/index.php\/urun\/umrandan-uygarliga\/","title":{"rendered":"Umrandan Uygarl\u0131\u011fa"},"content":{"rendered":"<p>Cemil Meri\u00e7\u2019in, 21. y\u00fczy\u0131la ta\u015faca\u011f\u0131 anla\u015f\u0131lan \u201cbat\u0131l\u0131la\u015fma-\u00e7a\u011fda\u015fla\u015fma-uygarl\u0131k\u201d tart\u0131\u015fmalar\u0131na \u00e7ok y\u0131llar \u00f6ncesinden katk\u0131 sa\u011flayan, ufuk a\u00e7an denemeleri, makaleleri&#8230; \u201c\u0130ki yol var insanl\u0131k i\u00e7in:Kendi kendini imha veya ger\u00e7ekten insanla\u015fmak. \u0130nsanl\u0131k tek merkeze y\u00f6nelen bir t\u00fcr; \u00f6teki t\u00fcrler gibi da\u011f\u0131l\u0131c\u0131 de\u011fil. Bu biricik d\u00fc\u015f\u00fcnen t\u00fcr\u00fcn sonu, \u00e7\u00f6z\u00fcl\u00fc\u015f olamaz. Mekan ve zaman\u0131 a\u015facak insin.\u201d<\/p>\n","protected":false},"excerpt":{"rendered":"<p>Cemil Meri\u00e7\u2019in, 21. y\u00fczy\u0131la ta\u015faca\u011f\u0131 anla\u015f\u0131lan \u201cbat\u0131l\u0131la\u015fma-\u00e7a\u011fda\u015fla\u015fma-uygarl\u0131k\u201d tart\u0131\u015fmalar\u0131na \u00e7ok y\u0131llar \u00f6ncesinden katk\u0131 sa\u011flayan, ufuk a\u00e7an denemeleri, makaleleri&#8230; \u201c\u0130ki yol var insanl\u0131k i\u00e7in:Kendi kendini imha veya ger\u00e7ekten<span class=\"excerpt-hellip\"> [\u2026]<\/span><\/p>\n","protected":false},"featured_media":0,"template":"","meta":{"_monsterinsights_skip_tracking":false,"_monsterinsights_sitenote_active":false,"_monsterinsights_sitenote_note":"","_monsterinsights_sitenote_category":0},"product_brand":[],"product_cat":[13633,12324],"product_tag":[],"class_list":{"0":"post-695110","1":"product","2":"type-product","3":"status-publish","5":"product_cat-kultur-ve-bilim","6":"product_cat-sosyoloji","7":"pa_cilt-ciltsiz","8":"pa_tur-kitap","9":"pa_yayinevi-iletisim-yayinlari","10":"pa_yazar-cemil-meric","12":"first","13":"instock","14":"sale","15":"shipping-taxable","16":"purchasable","17":"product-type-simple"},"_links":{"self":[{"href":"https:\/\/roveyayinevi.com.tr\/index.php\/wp-json\/wp\/v2\/product\/695110","targetHints":{"allow":["GET"]}}],"collection":[{"href":"https:\/\/roveyayinevi.com.tr\/index.php\/wp-json\/wp\/v2\/product"}],"about":[{"href":"https:\/\/roveyayinevi.com.tr\/index.php\/wp-json\/wp\/v2\/types\/product"}],"wp:attachment":[{"href":"https:\/\/roveyayinevi.com.tr\/index.php\/wp-json\/wp\/v2\/media?parent=695110"}],"wp:term":[{"taxonomy":"product_brand","embeddable":true,"href":"https:\/\/roveyayinevi.com.tr\/index.php\/wp-json\/wp\/v2\/product_brand?post=695110"},{"taxonomy":"product_cat","embeddable":true,"href":"https:\/\/roveyayinevi.com.tr\/index.php\/wp-json\/wp\/v2\/product_cat?post=695110"},{"taxonomy":"product_tag","embeddable":true,"href":"https:\/\/roveyayinevi.com.tr\/index.php\/wp-json\/wp\/v2\/product_tag?post=695110"}],"curies":[{"name":"wp","href":"https:\/\/api.w.org\/{rel}","templated":true}]}}