{"id":695109,"date":"2025-08-27T14:26:16","date_gmt":"2025-08-27T11:26:16","guid":{"rendered":"https:\/\/roveyayinevi.com.tr\/index.php\/urun\/sanat-muzeleri-2-muze-ve-elestirel-dusunce\/"},"modified":"2026-01-20T02:09:01","modified_gmt":"2026-01-19T23:09:01","slug":"sanat-muzeleri-2-muze-ve-elestirel-dusunce","status":"publish","type":"product","link":"https:\/\/roveyayinevi.com.tr\/index.php\/urun\/sanat-muzeleri-2-muze-ve-elestirel-dusunce\/","title":{"rendered":"Sanat M\u00fczeleri 2: M\u00fcze ve Ele\u015ftirel D\u00fc\u015f\u00fcnce"},"content":{"rendered":"<p>G\u00fcn\u00fcm\u00fczde m\u00fczeyle ilgili kuramlar en az m\u00fczelerin kendisi kadar canl\u0131. Ele\u015ftirel d\u00fc\u015f\u00fcncenin etkin bir damar\u0131n\u0131 olu\u015fturuyorlar.  M\u00fcze ve Ele\u015ftirel D\u00fc\u015f\u00fcnce , \u00e7a\u011fda\u015f m\u00fczecili\u011fin tekrar tekrar ba\u015fvurdu\u011fu kimi metinlerden olu\u015fan bir se\u00e7ki sunuyor. Bu metinler modern toplumsal ve siyasal hayat\u0131n, modern k\u00fclt\u00fcr\u00fcn ve kentle\u015fme hareketlerinin m\u00fczedeki temsillerini inceliyorlar. Louvre, Orsay M\u00fczesi, Pompidou Merkezi, Tate galerileri, New York Modern Sanat M\u00fczesi, Metropolitan M\u00fczesi ve daha bir\u00e7ok \u00f6rnek Bat\u0131 m\u00fczesini tarayarak, onlar\u0131n sahne arkas\u0131ndaki m\u00fcze k\u00fclt\u00fcr\u00fcne ve tarihine \u00f6zg\u00fc de\u011fi\u015fik simgeleri ayd\u0131nlat\u0131yorlar, kavramlar\u0131 irdeliyorlar. Bir anlamda sanat y\u00f6netimini belirleyen politikalar\u0131 tart\u0131\u015f\u0131yorlar. <\/p>\n","protected":false},"excerpt":{"rendered":"<p>G\u00fcn\u00fcm\u00fczde m\u00fczeyle ilgili kuramlar en az m\u00fczelerin kendisi kadar canl\u0131. Ele\u015ftirel d\u00fc\u015f\u00fcncenin etkin bir damar\u0131n\u0131 olu\u015fturuyorlar. M\u00fcze ve Ele\u015ftirel D\u00fc\u015f\u00fcnce , \u00e7a\u011fda\u015f m\u00fczecili\u011fin tekrar tekrar ba\u015fvurdu\u011fu<span class=\"excerpt-hellip\"> [\u2026]<\/span><\/p>\n","protected":false},"featured_media":0,"template":"","meta":{"_monsterinsights_skip_tracking":false,"_monsterinsights_sitenote_active":false,"_monsterinsights_sitenote_note":"","_monsterinsights_sitenote_category":0},"product_brand":[],"product_cat":[12312,12304],"product_tag":[],"class_list":{"0":"post-695109","1":"product","2":"type-product","3":"status-publish","5":"product_cat-diger","6":"product_cat-tarih","7":"pa_cilt-ciltsiz","8":"pa_tur-kitap","9":"pa_yayinevi-iletisim-yayinlari","10":"pa_yazar-ali-artun-ed","12":"first","13":"instock","14":"sale","15":"shipping-taxable","16":"purchasable","17":"product-type-simple"},"_links":{"self":[{"href":"https:\/\/roveyayinevi.com.tr\/index.php\/wp-json\/wp\/v2\/product\/695109","targetHints":{"allow":["GET"]}}],"collection":[{"href":"https:\/\/roveyayinevi.com.tr\/index.php\/wp-json\/wp\/v2\/product"}],"about":[{"href":"https:\/\/roveyayinevi.com.tr\/index.php\/wp-json\/wp\/v2\/types\/product"}],"wp:attachment":[{"href":"https:\/\/roveyayinevi.com.tr\/index.php\/wp-json\/wp\/v2\/media?parent=695109"}],"wp:term":[{"taxonomy":"product_brand","embeddable":true,"href":"https:\/\/roveyayinevi.com.tr\/index.php\/wp-json\/wp\/v2\/product_brand?post=695109"},{"taxonomy":"product_cat","embeddable":true,"href":"https:\/\/roveyayinevi.com.tr\/index.php\/wp-json\/wp\/v2\/product_cat?post=695109"},{"taxonomy":"product_tag","embeddable":true,"href":"https:\/\/roveyayinevi.com.tr\/index.php\/wp-json\/wp\/v2\/product_tag?post=695109"}],"curies":[{"name":"wp","href":"https:\/\/api.w.org\/{rel}","templated":true}]}}