{"id":695107,"date":"2025-08-27T14:26:15","date_gmt":"2025-08-27T11:26:15","guid":{"rendered":"https:\/\/roveyayinevi.com.tr\/index.php\/urun\/isik-dogudan-gelir\/"},"modified":"2026-04-16T02:05:02","modified_gmt":"2026-04-15T23:05:02","slug":"isik-dogudan-gelir","status":"publish","type":"product","link":"https:\/\/roveyayinevi.com.tr\/index.php\/urun\/isik-dogudan-gelir\/","title":{"rendered":"I\u015f\u0131k Do\u011fudan Gelir"},"content":{"rendered":"<p>I\u015f\u0131k Do\u011fudan Gelir, siyas\u00ee, felsef\u00ee, dogmatik herhangi bir inanc\u0131n pe\u015finde olmayan, ba\u015fka milletlere, ba\u015fka fikirlere, ba\u015fka d\u00fc\u015f\u00fcnce ve duyma tarzlar\u0131na sonsuz bir tecess\u00fcs besleyen bir Cemil Meri\u00e7 klasi\u011fi, t\u00fcm di\u011fer eserleri gibi. Medeniyetlerin \u201cdefter-i \u00e2m\u00e2li\u201d olan ansiklopedilerden \u0130sl\u00e2m\u2019\u0131n kozmolojik dok-trinlerine; \u0130brani edebiyat\u0131ndan Kitab-\u0131 Mukaddes\u2019e; Herbelot\u2019nun \u201cmuhte\u015fem abidesi\u201d Do\u011fu K\u00fct\u00fcphanesi\u2019nden, oryantalizmlerin ayd\u0131nlatt\u0131\u011f\u0131 yeni medeniyetlere; Michelet\u2019nin ve Schur\u00e9\u2019nin \u201cher t\u00fcrl\u00fc yobazl\u0131ktan uzak\u201d, \u0130nsanl\u0131\u011f\u0131n Kitab-\u0131 Mukaddesi ve Do\u011fu Mabetleri adl\u0131 eserlerinden, Erasmus\u2019un Cinnete Methiye\u2019sine, ba\u015fka bir deyi\u015fle Ak\u0131l\u2019dan Cinnet\u2019e; hermetizmden \u201c\u00e7a\u011fda\u015f d\u00fc\u015f\u00fcncenin kutuplar\u0131ndan biri\u201d olan \u0130bn Haldun\u2019a&#8230; kanatlanan ve kanatland\u0131ran emsalsiz bir d\u00fc\u015f\u00fcnce ser\u00fcveni.<\/p>\n","protected":false},"excerpt":{"rendered":"<p>I\u015f\u0131k Do\u011fudan Gelir, siyas\u00ee, felsef\u00ee, dogmatik herhangi bir inanc\u0131n pe\u015finde olmayan, ba\u015fka milletlere, ba\u015fka fikirlere, ba\u015fka d\u00fc\u015f\u00fcnce ve duyma tarzlar\u0131na sonsuz bir tecess\u00fcs besleyen bir Cemil<span class=\"excerpt-hellip\"> [\u2026]<\/span><\/p>\n","protected":false},"featured_media":0,"template":"","meta":{"_monsterinsights_skip_tracking":false,"_monsterinsights_sitenote_active":false,"_monsterinsights_sitenote_note":"","_monsterinsights_sitenote_category":0},"product_brand":[],"product_cat":[12777,12291],"product_tag":[],"class_list":{"0":"post-695107","1":"product","2":"type-product","3":"status-publish","5":"product_cat-deneme","6":"product_cat-edebiyat","7":"pa_cilt-ciltsiz","8":"pa_tur-kitap","9":"pa_yayinevi-iletisim-yayinlari","10":"pa_yazar-cemil-meric","12":"first","13":"instock","14":"sale","15":"shipping-taxable","16":"purchasable","17":"product-type-simple"},"_links":{"self":[{"href":"https:\/\/roveyayinevi.com.tr\/index.php\/wp-json\/wp\/v2\/product\/695107","targetHints":{"allow":["GET"]}}],"collection":[{"href":"https:\/\/roveyayinevi.com.tr\/index.php\/wp-json\/wp\/v2\/product"}],"about":[{"href":"https:\/\/roveyayinevi.com.tr\/index.php\/wp-json\/wp\/v2\/types\/product"}],"wp:attachment":[{"href":"https:\/\/roveyayinevi.com.tr\/index.php\/wp-json\/wp\/v2\/media?parent=695107"}],"wp:term":[{"taxonomy":"product_brand","embeddable":true,"href":"https:\/\/roveyayinevi.com.tr\/index.php\/wp-json\/wp\/v2\/product_brand?post=695107"},{"taxonomy":"product_cat","embeddable":true,"href":"https:\/\/roveyayinevi.com.tr\/index.php\/wp-json\/wp\/v2\/product_cat?post=695107"},{"taxonomy":"product_tag","embeddable":true,"href":"https:\/\/roveyayinevi.com.tr\/index.php\/wp-json\/wp\/v2\/product_tag?post=695107"}],"curies":[{"name":"wp","href":"https:\/\/api.w.org\/{rel}","templated":true}]}}