{"id":695101,"date":"2025-08-27T14:26:14","date_gmt":"2025-08-27T11:26:14","guid":{"rendered":"https:\/\/roveyayinevi.com.tr\/index.php\/urun\/gelecek-2\/"},"modified":"2026-04-16T02:05:02","modified_gmt":"2026-04-15T23:05:02","slug":"gelecek-2","status":"publish","type":"product","link":"https:\/\/roveyayinevi.com.tr\/index.php\/urun\/gelecek-2\/","title":{"rendered":"Gelecek"},"content":{"rendered":"<p>Mungan\u2019dan 2010 y\u0131l\u0131n\u0131n ilk \u015fiir kitab\u0131 olarak \u0130kinci Hayvan\u2019\u0131 yay\u0131mlam\u0131\u015ft\u0131k. Bu y\u0131l\u0131n ikinci \u015fiir kitab\u0131 ise Gelecek. Ge\u00e7it veren \u015fiirler, \u0130\u00e7imin atlar\u0131, De ki \u00fc\u00e7\u00fcnc\u00fc e\u015fik, Kumdan d\u00fc\u011fmeler, S\u00f6z kay\u0131plar\u0131 ve Kendindeki kitap ba\u015fl\u0131klar\u0131 alt\u0131nda toplanm\u0131\u015f 73 \u015fiirden olu\u015fuyor. Kitab\u0131n kapak tasar\u0131m\u0131 Emre \u00c7\u0131k\u0131no\u011flu\u2019na ait. <\/p>\n","protected":false},"excerpt":{"rendered":"<p>Mungan\u2019dan 2010 y\u0131l\u0131n\u0131n ilk \u015fiir kitab\u0131 olarak \u0130kinci Hayvan\u2019\u0131 yay\u0131mlam\u0131\u015ft\u0131k. Bu y\u0131l\u0131n ikinci \u015fiir kitab\u0131 ise Gelecek. Ge\u00e7it veren \u015fiirler, \u0130\u00e7imin atlar\u0131, De ki \u00fc\u00e7\u00fcnc\u00fc e\u015fik,<span class=\"excerpt-hellip\"> [\u2026]<\/span><\/p>\n","protected":false},"featured_media":0,"template":"","meta":{"_monsterinsights_skip_tracking":false,"_monsterinsights_sitenote_active":false,"_monsterinsights_sitenote_note":"","_monsterinsights_sitenote_category":0},"product_brand":[],"product_cat":[12291,12509],"product_tag":[],"class_list":{"0":"post-695101","1":"product","2":"type-product","3":"status-publish","5":"product_cat-edebiyat","6":"product_cat-siir","7":"pa_cilt-ciltsiz","8":"pa_tur-kitap","9":"pa_yayinevi-metis-yayinlari","10":"pa_yazar-murathan-mungan","12":"first","13":"instock","14":"sale","15":"shipping-taxable","16":"purchasable","17":"product-type-simple"},"_links":{"self":[{"href":"https:\/\/roveyayinevi.com.tr\/index.php\/wp-json\/wp\/v2\/product\/695101","targetHints":{"allow":["GET"]}}],"collection":[{"href":"https:\/\/roveyayinevi.com.tr\/index.php\/wp-json\/wp\/v2\/product"}],"about":[{"href":"https:\/\/roveyayinevi.com.tr\/index.php\/wp-json\/wp\/v2\/types\/product"}],"wp:attachment":[{"href":"https:\/\/roveyayinevi.com.tr\/index.php\/wp-json\/wp\/v2\/media?parent=695101"}],"wp:term":[{"taxonomy":"product_brand","embeddable":true,"href":"https:\/\/roveyayinevi.com.tr\/index.php\/wp-json\/wp\/v2\/product_brand?post=695101"},{"taxonomy":"product_cat","embeddable":true,"href":"https:\/\/roveyayinevi.com.tr\/index.php\/wp-json\/wp\/v2\/product_cat?post=695101"},{"taxonomy":"product_tag","embeddable":true,"href":"https:\/\/roveyayinevi.com.tr\/index.php\/wp-json\/wp\/v2\/product_tag?post=695101"}],"curies":[{"name":"wp","href":"https:\/\/api.w.org\/{rel}","templated":true}]}}