{"id":695100,"date":"2025-08-27T14:26:14","date_gmt":"2025-08-27T11:26:14","guid":{"rendered":"https:\/\/roveyayinevi.com.tr\/index.php\/urun\/halide-edib-turk-modernlesmesi-ve-feminizm\/"},"modified":"2026-02-03T02:07:38","modified_gmt":"2026-02-02T23:07:38","slug":"halide-edib-turk-modernlesmesi-ve-feminizm","status":"publish","type":"product","link":"https:\/\/roveyayinevi.com.tr\/index.php\/urun\/halide-edib-turk-modernlesmesi-ve-feminizm\/","title":{"rendered":"Halide Edib &#8211; T\u00fcrk Modernle\u015fmesi ve Feminizm"},"content":{"rendered":"<p>Ay\u015fe Durakba\u015fa, Cumhuriyet\u2019in asi k\u0131z\u0131 Halide Edib\u2019in hayat\u0131n\u0131, T\u00fcrk modernle\u015fmesinin feminist bir a\u00e7\u0131dan ele\u015ftirisini yapmak \u00fczere okuyor. Halide Edib\u2019i bir feminist ve bir modernist olarak incelemek ve onu b\u00fct\u00fcn d\u00fcnyadaki yeni kad\u0131n \u0131n olu\u015fumu a\u00e7\u0131s\u0131ndan de\u011ferlendirmek i\u00e7in onun, erkeklerle, T\u00fcrkiye\u2019nin \u00f6teki kad\u0131nlar\u0131yla ve Bat\u0131l\u0131 feministlerle ili\u015fkilerine bak\u0131yor. Kad\u0131nlar\u0131n, reformlar\u0131n pasif al\u0131c\u0131lar\u0131 olduklar\u0131 \u015feklindeki anlat\u0131y\u0131 sorgulayan Durakba\u015fa, Kemalist feminizmin, 1920\u2019li ve 1930\u2019lu y\u0131llardaki devlet feminizmini a\u015fan tarihsel bir ger\u00e7ekli\u011fe tekab\u00fcl etti\u011fini savunuyor. Reformlar\u0131n gerisinde, kad\u0131nlar\u0131n o g\u00fcne kadar verdikleri m\u00fccadele var. Yazar, meselenin bug\u00fcne kadar ihmal edilen bir y\u00f6n\u00fcne bak\u0131yor ve Cumhuriyet\u2019in ilk y\u0131llar\u0131nda kad\u0131n\u0131n stat\u00fcs\u00fcne ili\u015fkin reformlar yap\u0131l\u0131rken, kad\u0131nlar\u0131n modernlik ile gelenek aras\u0131nda ya\u015fad\u0131klar\u0131 gerilimi kendilerinin nas\u0131l g\u00f6rd\u00fc\u011f\u00fcn\u00fc ortaya \u00e7\u0131kar\u0131yor. Halide Edib\u2019in modernlikle \u00f6zde\u015fle\u015fti\u011fi ve modernli\u011fe direndi\u011fi ve duygusal tepki g\u00f6sterdi\u011fi kerteleri belirliyor. Bir taraftan \u00f6rnek T\u00fcrk kad\u0131n\u0131 bir taraftan Kemalist devrimlere ihanet eden h\u0131rsl\u0131 biri olarak temsil edilegelen Halide Edib\u2019in s\u00fcrg\u00fcnde kaleme ald\u0131\u011f\u0131 an\u0131lar\u0131, bu kerteleri belirlemede \u00f6nemli bir rol oynuyor. T\u00fcrkiye\u2019de modernist kad\u0131nlar\u0131n cins ve s\u0131n\u0131f dinamiklerinin etkile\u015fimini de ortaya koyan Durakba\u015fa, T\u00fcrk Ayd\u0131nlanmas\u0131, milliyet\u00e7ilik ve ulusla\u015fma s\u00fcrecinin bir par\u00e7as\u0131 olarak feminizm \u00fczerine \u00f6zg\u00fcn tezler sunuyor. \ufffcTan\u0131t\u0131m Metni<\/p>\n","protected":false},"excerpt":{"rendered":"<p>Ay\u015fe Durakba\u015fa, Cumhuriyet\u2019in asi k\u0131z\u0131 Halide Edib\u2019in hayat\u0131n\u0131, T\u00fcrk modernle\u015fmesinin feminist bir a\u00e7\u0131dan ele\u015ftirisini yapmak \u00fczere okuyor. Halide Edib\u2019i bir feminist ve bir modernist olarak incelemek<span class=\"excerpt-hellip\"> [\u2026]<\/span><\/p>\n","protected":false},"featured_media":0,"template":"","meta":{"_monsterinsights_skip_tracking":false,"_monsterinsights_sitenote_active":false,"_monsterinsights_sitenote_note":"","_monsterinsights_sitenote_category":0},"product_brand":[],"product_cat":[12312,12304],"product_tag":[],"class_list":{"0":"post-695100","1":"product","2":"type-product","3":"status-publish","5":"product_cat-diger","6":"product_cat-tarih","7":"pa_cilt-ciltsiz","8":"pa_tur-kitap","9":"pa_yayinevi-iletisim-yayinlari","10":"pa_yazar-ayse-durakbasa","12":"first","13":"instock","14":"sale","15":"shipping-taxable","16":"purchasable","17":"product-type-simple"},"_links":{"self":[{"href":"https:\/\/roveyayinevi.com.tr\/index.php\/wp-json\/wp\/v2\/product\/695100","targetHints":{"allow":["GET"]}}],"collection":[{"href":"https:\/\/roveyayinevi.com.tr\/index.php\/wp-json\/wp\/v2\/product"}],"about":[{"href":"https:\/\/roveyayinevi.com.tr\/index.php\/wp-json\/wp\/v2\/types\/product"}],"wp:attachment":[{"href":"https:\/\/roveyayinevi.com.tr\/index.php\/wp-json\/wp\/v2\/media?parent=695100"}],"wp:term":[{"taxonomy":"product_brand","embeddable":true,"href":"https:\/\/roveyayinevi.com.tr\/index.php\/wp-json\/wp\/v2\/product_brand?post=695100"},{"taxonomy":"product_cat","embeddable":true,"href":"https:\/\/roveyayinevi.com.tr\/index.php\/wp-json\/wp\/v2\/product_cat?post=695100"},{"taxonomy":"product_tag","embeddable":true,"href":"https:\/\/roveyayinevi.com.tr\/index.php\/wp-json\/wp\/v2\/product_tag?post=695100"}],"curies":[{"name":"wp","href":"https:\/\/api.w.org\/{rel}","templated":true}]}}