{"id":695099,"date":"2025-08-27T14:26:13","date_gmt":"2025-08-27T11:26:13","guid":{"rendered":"https:\/\/roveyayinevi.com.tr\/index.php\/urun\/kuresellesme-ve-kultur\/"},"modified":"2026-04-16T02:05:02","modified_gmt":"2026-04-15T23:05:02","slug":"kuresellesme-ve-kultur","status":"publish","type":"product","link":"https:\/\/roveyayinevi.com.tr\/index.php\/urun\/kuresellesme-ve-kultur\/","title":{"rendered":"K\u00fcreselle\u015fme ve K\u00fclt\u00fcr"},"content":{"rendered":"<p>G\u00fcn\u00fcm\u00fcz\u00fcn en \u00f6nemli tart\u0131\u015fmalar\u0131ndan birine konu olan k\u00fcreselle\u015fme hakk\u0131nda geni\u015f bir literat\u00fcr olu\u015fmu\u015f durumda. Ancak k\u00fcreselle\u015fmeyle ilgili tart\u0131\u015fmalar\u0131n odak noktas\u0131n\u0131 genellikle ekonomik boyut olu\u015fturmaktad\u0131r. John Tomlinson ise, daha \u00f6nce yay\u0131mlad\u0131\u011f\u0131m\u0131z K\u00fclt\u00fcrel Emperyalizm\u2019de oldu\u011fu gibi, K\u00fcreselle\u015fme ve K\u00fclt\u00fcr\u2019de de k\u00fcreselle\u015fmeyi, yap\u0131sal ekonomik \u00f6zellikleriyle de\u011fil, \u201ck\u00fclt\u00fcrel bir dille\u201d tart\u0131\u015f\u0131yor; ilk kitab\u0131nda ba\u015flad\u0131\u011f\u0131 tart\u0131\u015fmay\u0131 bu kitab\u0131nda zenginle\u015ftiriyor. Evimizle, birebir ili\u015fkide oldu\u011fumuz mek\u00e2nlarla, Tomlinson\u2019\u0131n deyimiyle \u201cyerelliklerimiz\u201dle kurmu\u015f oldu\u011fumuz ili\u015fki her ge\u00e7en g\u00fcn d\u00f6n\u00fc\u015f\u00fcm ge\u00e7iriyor. K\u00fcreselle\u015fme bir\u00e7ok insan\u0131n kim olduklar\u0131 ve nerede ya\u015fad\u0131klar\u0131yla ilgili d\u00fc\u015f\u00fcncelerini de\u011fi\u015ftiriyor. Bunda d\u00fcnya \u00fczerinde bir yerden bir yere \u00e7ok daha k\u0131sa s\u00fcrede kolayca seyahat edebilmemizin, uzak mesafelerdeki insanlarla rahat\u00e7a etkile\u015fime girebilmemizin ve uzak yak\u0131n her yerdeki bilgiye g\u00f6receli olarak kolayca ula\u015fabilmemizin etkisi b\u00fcy\u00fck. O halde, \u201ck\u00fclt\u00fcr\u201d\u00fc daha \u00e7ok ki\u015fisel anlamlar \u00fcretme \u00e7abas\u0131 olarak ele alan Tomlinson\u2019\u0131n \u201ckarma\u015f\u0131k ba\u011flant\u0131l\u0131l\u0131k\u201d ad\u0131n\u0131 verdi\u011fi k\u00fcreselle\u015fme ko\u015fullar\u0131 alt\u0131nda nas\u0131l anlamlar \u00e7\u0131kar\u0131yor, varolu\u015fumuza ne gibi anlamlar y\u00fckl\u00fcyoruz? Art\u0131k geleneksel ili\u015fkilerinden \u00e7ok farkl\u0131 bi\u00e7imlerde birbirleriyle ba\u011flant\u0131l\u0131 olan insanlar\u0131n deneyimledikleri \u015fey asl\u0131nda nedir? Tomlinson bu \u00e7al\u0131\u015fmas\u0131nda u\u00e7ak yolculu\u011fundan k\u00fcresel yiyeceklere ve medya end\u00fcstrilerine kadar bir\u00e7ok \u00f6rnek vererek karma\u015f\u0131k ba\u011flant\u0131l\u0131l\u0131\u011f\u0131n Zimbabwe\u2019deki tar\u0131m i\u015f\u00e7ilerinden, s\u00fcpermarkette al\u0131\u015fveri\u015f yapan s\u0131radan insanlara kadar nas\u0131l bir\u00e7ok insan\u0131n hayat\u0131n\u0131 etkiledi\u011fini g\u00f6steriyor. Giddens ve Featherstone gibi sosyal bilimcilerin g\u00f6r\u00fc\u015flerinden b\u00fcy\u00fck \u00f6l\u00e7\u00fcde faydalanan Tomlinson, bir \u201chayal\u201d ya da \u201ck\u00e2bus\u201d olarak da alg\u0131lanabilen k\u00fcreselle\u015fme kar\u015f\u0131s\u0131nda birey i\u00e7in son kertede bir kozmopolitanizmi, olduk\u00e7a ahlaki bir konumu \u00f6ng\u00f6r\u00fcyor: Kendini bir b\u00fct\u00fcn olarak d\u00fcnyaya ait hissedip, k\u00fcresel k\u00fclt\u00fcrlere a\u00e7\u0131k olmay\u0131&#8230;K\u00fclt\u00fcr\u00fcn k\u00fcreselle\u015fmenin ihmal edilen bir yan\u0131 oldu\u011fu s\u0131k s\u0131k dile getirilmi\u015ftir. John Tomlinson, sonunda k\u00fclt\u00fcr\u00fcn k\u00fcreselle\u015fme tart\u0131\u015fmalar\u0131nda sahip olmas\u0131 gereken merkezi rol\u00fc sistemli bi\u00e7imde ke\u015ffeden bir kitap sunuyor bize. \u00dcstelik de tutarl\u0131l\u0131k ve kolay anla\u015f\u0131l\u0131rl\u0131k a\u00e7\u0131s\u0131ndan tavsiye edilebilecek, bilgilerimizi tazeleyecek berrakl\u0131kta bir metin. Mike Featherstone <\/p>\n","protected":false},"excerpt":{"rendered":"<p>G\u00fcn\u00fcm\u00fcz\u00fcn en \u00f6nemli tart\u0131\u015fmalar\u0131ndan birine konu olan k\u00fcreselle\u015fme hakk\u0131nda geni\u015f bir literat\u00fcr olu\u015fmu\u015f durumda. Ancak k\u00fcreselle\u015fmeyle ilgili tart\u0131\u015fmalar\u0131n odak noktas\u0131n\u0131 genellikle ekonomik boyut olu\u015fturmaktad\u0131r. John Tomlinson<span class=\"excerpt-hellip\"> [\u2026]<\/span><\/p>\n","protected":false},"featured_media":0,"template":"","meta":{"_monsterinsights_skip_tracking":false,"_monsterinsights_sitenote_active":false,"_monsterinsights_sitenote_note":"","_monsterinsights_sitenote_category":0},"product_brand":[],"product_cat":[13633,12324],"product_tag":[],"class_list":{"0":"post-695099","1":"product","2":"type-product","3":"status-publish","5":"product_cat-kultur-ve-bilim","6":"product_cat-sosyoloji","7":"pa_cilt-ciltsiz","8":"pa_tur-kitap","9":"pa_yayinevi-ayrinti-yayinlari","10":"pa_yazar-john-tomlinson","12":"first","13":"instock","14":"sale","15":"shipping-taxable","16":"purchasable","17":"product-type-simple"},"_links":{"self":[{"href":"https:\/\/roveyayinevi.com.tr\/index.php\/wp-json\/wp\/v2\/product\/695099","targetHints":{"allow":["GET"]}}],"collection":[{"href":"https:\/\/roveyayinevi.com.tr\/index.php\/wp-json\/wp\/v2\/product"}],"about":[{"href":"https:\/\/roveyayinevi.com.tr\/index.php\/wp-json\/wp\/v2\/types\/product"}],"wp:attachment":[{"href":"https:\/\/roveyayinevi.com.tr\/index.php\/wp-json\/wp\/v2\/media?parent=695099"}],"wp:term":[{"taxonomy":"product_brand","embeddable":true,"href":"https:\/\/roveyayinevi.com.tr\/index.php\/wp-json\/wp\/v2\/product_brand?post=695099"},{"taxonomy":"product_cat","embeddable":true,"href":"https:\/\/roveyayinevi.com.tr\/index.php\/wp-json\/wp\/v2\/product_cat?post=695099"},{"taxonomy":"product_tag","embeddable":true,"href":"https:\/\/roveyayinevi.com.tr\/index.php\/wp-json\/wp\/v2\/product_tag?post=695099"}],"curies":[{"name":"wp","href":"https:\/\/api.w.org\/{rel}","templated":true}]}}