{"id":695098,"date":"2025-08-27T14:26:13","date_gmt":"2025-08-27T11:26:13","guid":{"rendered":"https:\/\/roveyayinevi.com.tr\/index.php\/urun\/dusunen-dunyalarin-icinde\/"},"modified":"2026-04-16T02:05:02","modified_gmt":"2026-04-15T23:05:02","slug":"dusunen-dunyalarin-icinde","status":"publish","type":"product","link":"https:\/\/roveyayinevi.com.tr\/index.php\/urun\/dusunen-dunyalarin-icinde\/","title":{"rendered":"D\u00fc\u015f\u00fcnen D\u00fcnyalar\u0131n \u0130\u00e7inde"},"content":{"rendered":"<p>K\u00fclt\u00fcr tarih\u00e7isi, g\u00f6stergebilimci ve edebiyat ele\u015ftirmeni Yuri Lotman, s\u00f6z konusu alanlar\u0131 harmanlayan bir kitaba imza at\u0131yor. G\u00f6sterge kuram\u0131ndan yol \u00e7\u0131k\u0131p sanatsal anlam\u0131n \u00fcretim ko\u015fullar\u0131na de\u011finiyor ve yolu k\u00fclt\u00fcrel belle\u011fe uzan\u0131yor. Anatomiden tutun da \u015fehircili\u011fe kadar &#8220;anlam&#8221;\u0131n nas\u0131l \u00fcretildi\u011fini soru\u015ftururken, Dostoyevski, Tolstoy, Mandel\u015ftam, Pu\u015fkin ve pek \u00e7ok \u00f6nemli ismin eserlerini \u00f6rnek olarak \u00e7\u00f6z\u00fcml\u00fcyor ve okurunu &#8220;D\u00fc\u015f\u00fcnen D\u00fcnyalar\u0131n \u0130\u00e7inde&#8221; d\u00fc\u015f\u00fcnmeye \u00e7a\u011f\u0131r\u0131yor. Lotman&#8217;dan dil felsefesi, edebiyat ele\u015ftirisi, k\u00fclt\u00fcr tarihi ve zihin felsefesinin s\u0131n\u0131rlar\u0131nda dola\u015fan, i\u00e7inde nefes ald\u0131\u011f\u0131m\u0131z &#8220;semiyosfer&#8221;i anlamak i\u00e7in \u00e7etrefil ama \u00f6nemli bir kitap. <\/p>\n","protected":false},"excerpt":{"rendered":"<p>K\u00fclt\u00fcr tarih\u00e7isi, g\u00f6stergebilimci ve edebiyat ele\u015ftirmeni Yuri Lotman, s\u00f6z konusu alanlar\u0131 harmanlayan bir kitaba imza at\u0131yor. G\u00f6sterge kuram\u0131ndan yol \u00e7\u0131k\u0131p sanatsal anlam\u0131n \u00fcretim ko\u015fullar\u0131na de\u011finiyor ve<span class=\"excerpt-hellip\"> [\u2026]<\/span><\/p>\n","protected":false},"featured_media":0,"template":"","meta":{"_monsterinsights_skip_tracking":false,"_monsterinsights_sitenote_active":false,"_monsterinsights_sitenote_note":"","_monsterinsights_sitenote_category":0},"product_brand":[],"product_cat":[12388,13555],"product_tag":[],"class_list":{"0":"post-695098","1":"product","2":"type-product","3":"status-publish","5":"product_cat-felsefe","6":"product_cat-genel-felsefe","7":"pa_cilt-ciltsiz","8":"pa_tur-kitap","9":"pa_yayinevi-bilgesu-yayincilik","10":"pa_yazar-yuri-lotman","12":"first","13":"instock","14":"sale","15":"shipping-taxable","16":"purchasable","17":"product-type-simple"},"_links":{"self":[{"href":"https:\/\/roveyayinevi.com.tr\/index.php\/wp-json\/wp\/v2\/product\/695098","targetHints":{"allow":["GET"]}}],"collection":[{"href":"https:\/\/roveyayinevi.com.tr\/index.php\/wp-json\/wp\/v2\/product"}],"about":[{"href":"https:\/\/roveyayinevi.com.tr\/index.php\/wp-json\/wp\/v2\/types\/product"}],"wp:attachment":[{"href":"https:\/\/roveyayinevi.com.tr\/index.php\/wp-json\/wp\/v2\/media?parent=695098"}],"wp:term":[{"taxonomy":"product_brand","embeddable":true,"href":"https:\/\/roveyayinevi.com.tr\/index.php\/wp-json\/wp\/v2\/product_brand?post=695098"},{"taxonomy":"product_cat","embeddable":true,"href":"https:\/\/roveyayinevi.com.tr\/index.php\/wp-json\/wp\/v2\/product_cat?post=695098"},{"taxonomy":"product_tag","embeddable":true,"href":"https:\/\/roveyayinevi.com.tr\/index.php\/wp-json\/wp\/v2\/product_tag?post=695098"}],"curies":[{"name":"wp","href":"https:\/\/api.w.org\/{rel}","templated":true}]}}